{"id":12686,"date":"2022-09-28T16:39:53","date_gmt":"2022-09-28T14:39:53","guid":{"rendered":"https:\/\/inviker.com\/?page_id=12686"},"modified":"2024-11-06T09:48:09","modified_gmt":"2024-11-06T08:48:09","slug":"politique-de-qualite","status":"publish","type":"page","link":"https:\/\/inviker.com\/fr\/politique-de-qualite\/","title":{"rendered":"Politique de qualit\u00e9"},"content":{"rendered":"\t\t<div data-elementor-type=\"wp-page\" data-elementor-id=\"12686\" class=\"elementor elementor-12686 elementor-4600\" data-elementor-post-type=\"page\">\n\t\t\t\t\t\t<section class=\"elementor-section elementor-top-section elementor-element elementor-element-bfd11a9 elementor-section-boxed elementor-section-height-default elementor-section-height-default\" data-id=\"bfd11a9\" data-element_type=\"section\" data-e-type=\"section\">\n\t\t\t\t\t\t<div class=\"elementor-container elementor-column-gap-default\">\n\t\t\t\t\t<div class=\"elementor-column elementor-col-100 elementor-top-column elementor-element elementor-element-5c3da3b\" data-id=\"5c3da3b\" data-element_type=\"column\" data-e-type=\"column\">\n\t\t\t<div class=\"elementor-widget-wrap elementor-element-populated\">\n\t\t\t\t\t\t<div class=\"elementor-element elementor-element-628fd70 elementor-widget elementor-widget-heading\" data-id=\"628fd70\" data-element_type=\"widget\" data-e-type=\"widget\" data-widget_type=\"heading.default\">\n\t\t\t\t\t<h1 class=\"elementor-heading-title elementor-size-default\">Politique de qualit\u00e9<\/h1>\t\t\t\t<\/div>\n\t\t\t\t\t<\/div>\n\t\t<\/div>\n\t\t\t\t\t<\/div>\n\t\t<\/section>\n\t\t\t\t<section class=\"elementor-section elementor-top-section elementor-element elementor-element-3bbeaa5 elementor-hidden-mobile elementor-section-boxed elementor-section-height-default elementor-section-height-default\" data-id=\"3bbeaa5\" data-element_type=\"section\" data-e-type=\"section\">\n\t\t\t\t\t\t<div class=\"elementor-container elementor-column-gap-default\">\n\t\t\t\t\t<div class=\"elementor-column elementor-col-100 elementor-top-column elementor-element elementor-element-ae1c938\" data-id=\"ae1c938\" data-element_type=\"column\" data-e-type=\"column\">\n\t\t\t<div class=\"elementor-widget-wrap elementor-element-populated\">\n\t\t\t\t\t\t<div class=\"elementor-element elementor-element-b7a0e44 elementor-widget-divider--view-line elementor-widget elementor-widget-divider\" data-id=\"b7a0e44\" data-element_type=\"widget\" data-e-type=\"widget\" data-widget_type=\"divider.default\">\n\t\t\t\t\t\t\t<div class=\"elementor-divider\">\n\t\t\t<span class=\"elementor-divider-separator\">\n\t\t\t\t\t\t<\/span>\n\t\t<\/div>\n\t\t\t\t\t\t<\/div>\n\t\t\t\t\t<\/div>\n\t\t<\/div>\n\t\t\t\t\t<\/div>\n\t\t<\/section>\n\t\t<div class=\"elementor-element elementor-element-89dfd19 e-flex e-con-boxed e-con e-parent\" data-id=\"89dfd19\" data-element_type=\"container\" data-e-type=\"container\">\n\t\t\t\t\t<div class=\"e-con-inner\">\n\t\t\t\t<div class=\"elementor-element elementor-element-430cce3 elementor-widget elementor-widget-text-editor\" data-id=\"430cce3\" data-element_type=\"widget\" data-e-type=\"widget\" data-widget_type=\"text-editor.default\">\n\t\t\t\t\t\t\t\t\t<p>Chez Inviker, nous nous engageons \u00e0 fournir des <strong>solutions strat\u00e9giques d&#8217;emballage industriel<\/strong> qui d\u00e9passent les exigences et attentes de nos clients.<\/p><p>Ce document pr\u00e9sente notre Politique de Qualit\u00e9, qui sert de cadre de r\u00e9f\u00e9rence. Elle est communiqu\u00e9e \u00e0 tous les niveaux de l&rsquo;organisation et oriente chacune de nos op\u00e9rations, garantissant l&rsquo;atteinte des objectifs et le respect des normes de qualit\u00e9 dans toutes nos activit\u00e9s. Cette politique s&rsquo;applique sp\u00e9cifiquement \u00e0 la <strong>production et \u00e0 la commercialisation de produits et d&rsquo;accessoires destin\u00e9s \u00e0 l&#8217;emballage, \u00e0 la pr\u00e9servation, \u00e0 la protection et au conditionnement<\/strong>.<\/p><p>Notre Syst\u00e8me de Gestion de la Qualit\u00e9, conforme \u00e0 la norme <strong>UNE-EN ISO 9001<\/strong>, repose sur des principes cl\u00e9s qui orientent notre mission :<\/p>\t\t\t\t\t\t\t\t<\/div>\n\t\t\t\t<div class=\"elementor-element elementor-element-0730799 elementor-widget elementor-widget-heading\" data-id=\"0730799\" data-element_type=\"widget\" data-e-type=\"widget\" data-widget_type=\"heading.default\">\n\t\t\t\t\t<h2 class=\"elementor-heading-title elementor-size-default\">Engagement envers le client<\/h2>\t\t\t\t<\/div>\n\t\t\t\t<div class=\"elementor-element elementor-element-ca95531 elementor-widget elementor-widget-text-editor\" data-id=\"ca95531\" data-element_type=\"widget\" data-e-type=\"widget\" data-widget_type=\"text-editor.default\">\n\t\t\t\t\t\t\t\t\t<p>Chez Inviker, nous reconnaissons que chaque client est unique et a des besoins sp\u00e9cifiques. Pour cette raison, nous offrons une <strong>approche sur mesure<\/strong> en mati\u00e8re d&#8217;emballage industriel, en nous adaptant aux d\u00e9fis de chaque secteur et en collaborant \u00e9troitement pour d\u00e9passer les attentes de nos clients en mati\u00e8re <strong>de qualit\u00e9 et de service<\/strong>.<\/p>\t\t\t\t\t\t\t\t<\/div>\n\t\t\t\t<div class=\"elementor-element elementor-element-e991ba4 elementor-widget elementor-widget-heading\" data-id=\"e991ba4\" data-element_type=\"widget\" data-e-type=\"widget\" data-widget_type=\"heading.default\">\n\t\t\t\t\t<h2 class=\"elementor-heading-title elementor-size-default\">Conformit\u00e9 r\u00e9glementaire<\/h2>\t\t\t\t<\/div>\n\t\t\t\t<div class=\"elementor-element elementor-element-104f846 elementor-widget elementor-widget-text-editor\" data-id=\"104f846\" data-element_type=\"widget\" data-e-type=\"widget\" data-widget_type=\"text-editor.default\">\n\t\t\t\t\t\t\t\t\t<p>Inviker respecte toutes les exigences l\u00e9gales et r\u00e9glementaires applicables, garantissant ainsi que nos produits et processus r\u00e9pondent aux normes les plus \u00e9lev\u00e9es.<\/p>\t\t\t\t\t\t\t\t<\/div>\n\t\t\t\t<div class=\"elementor-element elementor-element-3646c99 elementor-widget elementor-widget-heading\" data-id=\"3646c99\" data-element_type=\"widget\" data-e-type=\"widget\" data-widget_type=\"heading.default\">\n\t\t\t\t\t<h2 class=\"elementor-heading-title elementor-size-default\">Mise \u00e0 disposition des ressources<\/h2>\t\t\t\t<\/div>\n\t\t\t\t<div class=\"elementor-element elementor-element-3c364c3 elementor-widget elementor-widget-text-editor\" data-id=\"3c364c3\" data-element_type=\"widget\" data-e-type=\"widget\" data-widget_type=\"text-editor.default\">\n\t\t\t\t\t\t\t\t\t<p>Nous nous engageons \u00e0 fournir \u00e0 notre \u00e9quipe et \u00e0 nos processus les ressources n\u00e9cessaires (personnel, technologie et formation) pour assurer la conformit\u00e9 de cette politique, en favorisant un engagement collectif \u00e0 tous les niveaux de l&rsquo;entreprise.<\/p>\t\t\t\t\t\t\t\t<\/div>\n\t\t\t\t<div class=\"elementor-element elementor-element-c866378 elementor-widget elementor-widget-heading\" data-id=\"c866378\" data-element_type=\"widget\" data-e-type=\"widget\" data-widget_type=\"heading.default\">\n\t\t\t\t\t<h2 class=\"elementor-heading-title elementor-size-default\">Am\u00e9lioration continue<\/h2>\t\t\t\t<\/div>\n\t\t\t\t<div class=\"elementor-element elementor-element-fe11c81 elementor-widget elementor-widget-text-editor\" data-id=\"fe11c81\" data-element_type=\"widget\" data-e-type=\"widget\" data-widget_type=\"text-editor.default\">\n\t\t\t\t\t\t\t\t\t<p>L&rsquo;am\u00e9lioration continue constitue un pilier fondamental de notre culture d&rsquo;entreprise. Nous \u00e9valuons constamment nos processus afin de les optimiser et de garantir <strong>l&rsquo;efficacit\u00e9 ainsi que la qualit\u00e9 <\/strong>de nos solutions. Par ailleurs, nous suivons de pr\u00e8s les <strong>tendances de l&rsquo;industrie<\/strong> pour mettre en \u0153uvre des pratiques durables et respectueuses de l&rsquo;environnement, en alignement avec les objectifs de d\u00e9veloppement durable.<\/p>\t\t\t\t\t\t\t\t<\/div>\n\t\t\t\t<div class=\"elementor-element elementor-element-3538060 elementor-widget elementor-widget-heading\" data-id=\"3538060\" data-element_type=\"widget\" data-e-type=\"widget\" data-widget_type=\"heading.default\">\n\t\t\t\t\t<h2 class=\"elementor-heading-title elementor-size-default\">Travail d'\u00e9quipe<\/h2>\t\t\t\t<\/div>\n\t\t\t\t<div class=\"elementor-element elementor-element-8836a28 elementor-widget elementor-widget-text-editor\" data-id=\"8836a28\" data-element_type=\"widget\" data-e-type=\"widget\" data-widget_type=\"text-editor.default\">\n\t\t\t\t\t\t\t\t\t<p>Chez Inviker, nous encourageons l&rsquo;implication active de toute notre \u00e9quipe dans la r\u00e9alisation d&rsquo;objectifs communs, favorisant ainsi une culture de <strong>partage des connaissances<\/strong> et de collaboration.<\/p>\t\t\t\t\t\t\t\t<\/div>\n\t\t\t\t<div class=\"elementor-element elementor-element-f2574c9 elementor-widget elementor-widget-text-editor\" data-id=\"f2574c9\" data-element_type=\"widget\" data-e-type=\"widget\" data-widget_type=\"text-editor.default\">\n\t\t\t\t\t\t\t\t\t<p>Cette Politique de Qualit\u00e9 est revue p\u00e9riodiquement afin de s&rsquo;assurer qu&rsquo;elle refl\u00e8te en permanence notre engagement envers la qualit\u00e9 et la satisfaction des besoins et des attentes de toutes les parties prenantes.<\/p>\t\t\t\t\t\t\t\t<\/div>\n\t\t\t\t<div class=\"elementor-element elementor-element-7d91e76 elementor-widget elementor-widget-text-editor\" data-id=\"7d91e76\" data-element_type=\"widget\" data-e-type=\"widget\" data-widget_type=\"text-editor.default\">\n\t\t\t\t\t\t\t\t\t<p><strong>Xabier Altuna<br \/><\/strong>Directeur G\u00e9n\u00e9rale<br \/>Inviker Industrial Packaging SL<\/p>\t\t\t\t\t\t\t\t<\/div>\n\t\t\t\t<div class=\"elementor-element elementor-element-a4a0859 elementor-widget elementor-widget-text-editor\" data-id=\"a4a0859\" data-element_type=\"widget\" data-e-type=\"widget\" data-widget_type=\"text-editor.default\">\n\t\t\t\t\t\t\t\t\t<p>31\/10\/2024<\/p>\t\t\t\t\t\t\t\t<\/div>\n\t\t\t\t\t<\/div>\n\t\t\t\t<\/div>\n\t\t\t\t<\/div>\n\t\t","protected":false},"excerpt":{"rendered":"<p>Chez Inviker, nous nous engageons \u00e0 fournir des solutions strat\u00e9giques d&#8217;emballage industriel qui d\u00e9passent les exigences et attentes de nos clients. Ce document pr\u00e9sente notre Politique de Qualit\u00e9, qui sert de cadre de r\u00e9f\u00e9rence. Elle est communiqu\u00e9e \u00e0 tous les niveaux de l&rsquo;organisation et oriente chacune de nos op\u00e9rations, garantissant l&rsquo;atteinte des objectifs et le [&hellip;]<\/p>\n","protected":false},"author":1,"featured_media":0,"parent":0,"menu_order":0,"comment_status":"closed","ping_status":"closed","template":"","meta":{"_acf_changed":false,"footnotes":""},"class_list":["post-12686","page","type-page","status-publish","hentry"],"acf":[],"_links":{"self":[{"href":"https:\/\/inviker.com\/fr\/wp-json\/wp\/v2\/pages\/12686","targetHints":{"allow":["GET"]}}],"collection":[{"href":"https:\/\/inviker.com\/fr\/wp-json\/wp\/v2\/pages"}],"about":[{"href":"https:\/\/inviker.com\/fr\/wp-json\/wp\/v2\/types\/page"}],"author":[{"embeddable":true,"href":"https:\/\/inviker.com\/fr\/wp-json\/wp\/v2\/users\/1"}],"replies":[{"embeddable":true,"href":"https:\/\/inviker.com\/fr\/wp-json\/wp\/v2\/comments?post=12686"}],"version-history":[{"count":0,"href":"https:\/\/inviker.com\/fr\/wp-json\/wp\/v2\/pages\/12686\/revisions"}],"wp:attachment":[{"href":"https:\/\/inviker.com\/fr\/wp-json\/wp\/v2\/media?parent=12686"}],"curies":[{"name":"wp","href":"https:\/\/api.w.org\/{rel}","templated":true}]}}