{"id":12759,"date":"2024-05-07T11:47:22","date_gmt":"2024-05-07T09:47:22","guid":{"rendered":"https:\/\/inviker.com\/?page_id=12759"},"modified":"2024-05-13T16:12:52","modified_gmt":"2024-05-13T14:12:52","slug":"avis-juridique","status":"publish","type":"page","link":"https:\/\/inviker.com\/fr\/avis-juridique\/","title":{"rendered":"Avis juridique"},"content":{"rendered":"\n<!-- Legal document generated by Complianz | GDPR\/CCPA Cookie Consent https:\/\/wordpress.org\/plugins\/complianz-gdpr -->\n<div id=\"cmplz-document\" class=\"cmplz-document impressum cmplz-document-all\"><p><i>Cette imprint a \u00e9t\u00e9 mise \u00e0 jour pour la derni\u00e8re fois le 24\/01\/2025.<\/i><\/p><p class=\"cmplz-subtitle\">Le propri\u00e9taire de ce site web est\u00a0:<\/p><p>Inviker Industrial Packaging S.L.<br>Makutso Bidea 9, 20180 Oiartzun, Gipuzkoa<br>Espagne<br>E-mail\u00a0:&nbsp;<span class=\"cmplz-obfuscate\">&#097;d&#109;i&#110;@<span class=\"cmplz-fmail-domain\">ex.c&#111;&#109;<\/span>&#105;nv&#105;&#107;e&#114;&#046;&#099;o&#109;<\/span><br>Num\u00e9ro de t\u00e9l\u00e9phone\u00a0: +34 943262859<br>ID TVA\u00a0:&nbsp;ES B20052940<\/p><h2>1. G\u00e9n\u00e9ral<\/h2><p class=\"cmplz-subtitle\">1.1 Nous sommes enregistr\u00e9s chez Registro Mercantil Gipuzkoa sous le num\u00e9ro de licence ou d\u2019enregistrement\u00a0:<\/p><p>Tomo 1074, folio 95, hoja SS1784, inscripci\u00f3n 15\u00aa del 31\/01\/2012<\/p><p>Nous ne sommes ni dispos\u00e9s ni oblig\u00e9s de participer \u00e0 des proc\u00e9dures de r\u00e8glement des litiges devant une commission d\u2019arbitrage des consommateurs.<\/p><\/div>\n\n\n<div style=\"height:60px\" aria-hidden=\"true\" class=\"wp-block-spacer\"><\/div>\n","protected":false},"excerpt":{"rendered":"","protected":false},"author":3,"featured_media":0,"parent":0,"menu_order":0,"comment_status":"closed","ping_status":"closed","template":"","meta":{"_acf_changed":false,"footnotes":""},"class_list":["post-12759","page","type-page","status-publish","hentry"],"acf":[],"_links":{"self":[{"href":"https:\/\/inviker.com\/fr\/wp-json\/wp\/v2\/pages\/12759","targetHints":{"allow":["GET"]}}],"collection":[{"href":"https:\/\/inviker.com\/fr\/wp-json\/wp\/v2\/pages"}],"about":[{"href":"https:\/\/inviker.com\/fr\/wp-json\/wp\/v2\/types\/page"}],"author":[{"embeddable":true,"href":"https:\/\/inviker.com\/fr\/wp-json\/wp\/v2\/users\/3"}],"replies":[{"embeddable":true,"href":"https:\/\/inviker.com\/fr\/wp-json\/wp\/v2\/comments?post=12759"}],"version-history":[{"count":0,"href":"https:\/\/inviker.com\/fr\/wp-json\/wp\/v2\/pages\/12759\/revisions"}],"wp:attachment":[{"href":"https:\/\/inviker.com\/fr\/wp-json\/wp\/v2\/media?parent=12759"}],"curies":[{"name":"wp","href":"https:\/\/api.w.org\/{rel}","templated":true}]}}