{"id":9441,"date":"2022-09-27T15:41:00","date_gmt":"2022-09-27T13:41:00","guid":{"rendered":"https:\/\/inviker.com\/?page_id=9441"},"modified":"2024-06-14T11:36:46","modified_gmt":"2024-06-14T09:36:46","slug":"valeurs-fondamentales","status":"publish","type":"page","link":"https:\/\/inviker.com\/fr\/valeurs-fondamentales\/","title":{"rendered":"Nos valeurs\u200b"},"content":{"rendered":"\t\t<div data-elementor-type=\"wp-page\" data-elementor-id=\"9441\" class=\"elementor elementor-9441 elementor-4293\" data-elementor-post-type=\"page\">\n\t\t\t\t\t\t<section class=\"elementor-section elementor-top-section elementor-element elementor-element-c6f1af4 elementor-section-boxed elementor-section-height-default elementor-section-height-default\" data-id=\"c6f1af4\" data-element_type=\"section\" data-e-type=\"section\">\n\t\t\t\t\t\t<div class=\"elementor-container elementor-column-gap-default\">\n\t\t\t\t\t<div class=\"elementor-column elementor-col-100 elementor-top-column elementor-element elementor-element-83c79fc\" data-id=\"83c79fc\" data-element_type=\"column\" data-e-type=\"column\">\n\t\t\t<div class=\"elementor-widget-wrap elementor-element-populated\">\n\t\t\t\t\t\t<div class=\"elementor-element elementor-element-3fc662f elementor-widget elementor-widget-heading\" data-id=\"3fc662f\" data-element_type=\"widget\" data-e-type=\"widget\" data-widget_type=\"heading.default\">\n\t\t\t\t\t<h1 class=\"elementor-heading-title elementor-size-default\">Nos valeurs<\/h1>\t\t\t\t<\/div>\n\t\t\t\t\t<\/div>\n\t\t<\/div>\n\t\t\t\t\t<\/div>\n\t\t<\/section>\n\t\t\t\t<section class=\"elementor-section elementor-top-section elementor-element elementor-element-ed6686d elementor-section-boxed elementor-section-height-default elementor-section-height-default\" data-id=\"ed6686d\" data-element_type=\"section\" data-e-type=\"section\">\n\t\t\t\t\t\t<div class=\"elementor-container elementor-column-gap-default\">\n\t\t\t\t\t<div class=\"elementor-column elementor-col-100 elementor-top-column elementor-element elementor-element-e8677a4\" data-id=\"e8677a4\" data-element_type=\"column\" data-e-type=\"column\">\n\t\t\t<div class=\"elementor-widget-wrap elementor-element-populated\">\n\t\t\t\t\t\t<div class=\"elementor-element elementor-element-4a20e89 elementor-widget-divider--view-line elementor-widget elementor-widget-divider\" data-id=\"4a20e89\" data-element_type=\"widget\" data-e-type=\"widget\" data-widget_type=\"divider.default\">\n\t\t\t\t\t\t\t<div class=\"elementor-divider\">\n\t\t\t<span class=\"elementor-divider-separator\">\n\t\t\t\t\t\t<\/span>\n\t\t<\/div>\n\t\t\t\t\t\t<\/div>\n\t\t\t\t<div class=\"elementor-element elementor-element-69ef8b8 elementor-widget elementor-widget-text-editor\" data-id=\"69ef8b8\" data-element_type=\"widget\" data-e-type=\"widget\" data-widget_type=\"text-editor.default\">\n\t\t\t\t\t\t\t\t\t<p>Au-del\u00e0 de l&#8217;emballage\u2026<\/p>\t\t\t\t\t\t\t\t<\/div>\n\t\t\t\t\t<\/div>\n\t\t<\/div>\n\t\t\t\t\t<\/div>\n\t\t<\/section>\n\t\t\t\t<section class=\"elementor-section elementor-top-section elementor-element elementor-element-dccaf67 elementor-section-boxed elementor-section-height-default elementor-section-height-default\" data-id=\"dccaf67\" data-element_type=\"section\" data-e-type=\"section\">\n\t\t\t\t\t\t<div class=\"elementor-container elementor-column-gap-default\">\n\t\t\t\t\t<div class=\"elementor-column elementor-col-100 elementor-top-column elementor-element elementor-element-0017b09\" data-id=\"0017b09\" data-element_type=\"column\" data-e-type=\"column\" data-settings=\"{&quot;background_background&quot;:&quot;classic&quot;}\">\n\t\t\t<div class=\"elementor-widget-wrap elementor-element-populated\">\n\t\t\t\t\t<div class=\"elementor-background-overlay\"><\/div>\n\t\t\t\t\t\t<div class=\"elementor-element elementor-element-7503af0 elementor-widget elementor-widget-text-editor\" data-id=\"7503af0\" data-element_type=\"widget\" data-e-type=\"widget\" data-widget_type=\"text-editor.default\">\n\t\t\t\t\t\t\t\t\t<sup><span style=\"font-size: 18px; font-weight: 400; padding-right: 4px;\">01<\/span><\/sup>qualit\u00e9 et professionnalisme\t\t\t\t\t\t\t\t<\/div>\n\t\t\t\t<div class=\"elementor-element elementor-element-66cac2a elementor-widget elementor-widget-text-editor\" data-id=\"66cac2a\" data-element_type=\"widget\" data-e-type=\"widget\" data-widget_type=\"text-editor.default\">\n\t\t\t\t\t\t\t\t\t<p>Nous cherchons \u00e0 offrir des solutions personnalis\u00e9es pour r\u00e9pondre aux besoins de chaque client.<br \/>L&#8217;emballage strat\u00e9gique, comme nous le disons. Notre objectif est de r\u00e9soudre tous les probl\u00e8mes d&#8217;emballage que vous pouvez rencontrer.<\/p>\t\t\t\t\t\t\t\t<\/div>\n\t\t\t\t<div class=\"elementor-element elementor-element-a4694bd elementor-widget elementor-widget-text-editor\" data-id=\"a4694bd\" data-element_type=\"widget\" data-e-type=\"widget\" data-widget_type=\"text-editor.default\">\n\t\t\t\t\t\t\t\t\t<p>Nous prenons soin de chaque d\u00e9tail et veillons \u00e0 ce que le produit r\u00e9ponde aux attentes les plus \u00e9lev\u00e9es.<\/p>\t\t\t\t\t\t\t\t<\/div>\n\t\t\t\t<div class=\"elementor-element elementor-element-ea6bf02 elementor-widget elementor-widget-text-editor\" data-id=\"ea6bf02\" data-element_type=\"widget\" data-e-type=\"widget\" data-widget_type=\"text-editor.default\">\n\t\t\t\t\t\t\t\t\tl\u2019effort et le d\u00e9passement de soi<sup><span style=\"font-size: 18px; font-weight: 400; padding-left: 4px;\">02<\/span><\/sup>\t\t\t\t\t\t\t\t<\/div>\n\t\t\t\t<div class=\"elementor-element elementor-element-506eff0 elementor-widget elementor-widget-text-editor\" data-id=\"506eff0\" data-element_type=\"widget\" data-e-type=\"widget\" data-widget_type=\"text-editor.default\">\n\t\t\t\t\t\t\t\t\t<p>Les valeurs personnelles sont transf\u00e9r\u00e9es dans le domaine de travail.<\/p>\t\t\t\t\t\t\t\t<\/div>\n\t\t\t\t<div class=\"elementor-element elementor-element-177c6b5 elementor-widget elementor-widget-text-editor\" data-id=\"177c6b5\" data-element_type=\"widget\" data-e-type=\"widget\" data-widget_type=\"text-editor.default\">\n\t\t\t\t\t\t\t\t\t<p>Nous sommes constamment \u00e0 la recherche de nouveaux chemins, de nouvelles voies et de nouvelles solutions pour relever les d\u00e9fis que nous rencontrons chaque jour.<br \/>Les obstacles ne nous d\u00e9couragent pas, au contraire, ils nous poussent \u00e0 nous am\u00e9liorer. Pour nous, chaque difficult\u00e9 est comme un puzzle \u00e0 r\u00e9soudre, et nous mettons tout en \u0153uvre pour trouver les pi\u00e8ces manquantes et assembler le tout.<\/p>\t\t\t\t\t\t\t\t<\/div>\n\t\t\t\t<div class=\"elementor-element elementor-element-34d3267 elementor-widget elementor-widget-text-editor\" data-id=\"34d3267\" data-element_type=\"widget\" data-e-type=\"widget\" data-widget_type=\"text-editor.default\">\n\t\t\t\t\t\t\t\t\t<p>C\u2019est une occasion d&rsquo;apprendre et de progresser.<\/p>\t\t\t\t\t\t\t\t<\/div>\n\t\t\t\t<div class=\"elementor-element elementor-element-5ca3527 elementor-widget elementor-widget-text-editor\" data-id=\"5ca3527\" data-element_type=\"widget\" data-e-type=\"widget\" data-widget_type=\"text-editor.default\">\n\t\t\t\t\t\t\t\t\t<sup><span style=\"font-size: 18px; font-weight: 400; padding-right: 4px;\">03<\/span><\/sup>l\u2019\u00e9quipe\t\t\t\t\t\t\t\t<\/div>\n\t\t\t\t<div class=\"elementor-element elementor-element-1ffe5b4 elementor-widget elementor-widget-text-editor\" data-id=\"1ffe5b4\" data-element_type=\"widget\" data-e-type=\"widget\" data-widget_type=\"text-editor.default\">\n\t\t\t\t\t\t\t\t\t<p>Malgr\u00e9 notre croissance, nous restons fid\u00e8les \u00e0 nos racines familiales.<br \/>L\u2019union est au c\u0153ur de notre entreprise, et nous travaillons tous ensemble pour avancer dans la m\u00eame direction.<\/p>\t\t\t\t\t\t\t\t<\/div>\n\t\t\t\t<div class=\"elementor-element elementor-element-d937933 elementor-widget elementor-widget-text-editor\" data-id=\"d937933\" data-element_type=\"widget\" data-e-type=\"widget\" data-widget_type=\"text-editor.default\">\n\t\t\t\t\t\t\t\t\t<p>Nous croyons en l&rsquo;importance de l&rsquo;accumulation et du partage des connaissances, aussi bien entre coll\u00e8gues qu&rsquo;avec nos clients.<\/p>\t\t\t\t\t\t\t\t<\/div>\n\t\t\t\t\t<\/div>\n\t\t<\/div>\n\t\t\t\t\t<\/div>\n\t\t<\/section>\n\t\t\t\t<\/div>\n\t\t","protected":false},"excerpt":{"rendered":"<p>Nos valeurs Au-del\u00e0 de l&#8217;emballage\u2026 01qualit\u00e9 et professionnalisme Nous cherchons \u00e0 offrir des solutions personnalis\u00e9es pour r\u00e9pondre aux besoins de chaque client.L&#8217;emballage strat\u00e9gique, comme nous le disons. Notre objectif est de r\u00e9soudre tous les probl\u00e8mes d&#8217;emballage que vous pouvez rencontrer. Nous prenons soin de chaque d\u00e9tail et veillons \u00e0 ce que le produit r\u00e9ponde aux [&hellip;]<\/p>\n","protected":false},"author":3,"featured_media":0,"parent":0,"menu_order":0,"comment_status":"closed","ping_status":"closed","template":"","meta":{"_acf_changed":false,"footnotes":""},"class_list":["post-9441","page","type-page","status-publish","hentry"],"acf":[],"_links":{"self":[{"href":"https:\/\/inviker.com\/fr\/wp-json\/wp\/v2\/pages\/9441","targetHints":{"allow":["GET"]}}],"collection":[{"href":"https:\/\/inviker.com\/fr\/wp-json\/wp\/v2\/pages"}],"about":[{"href":"https:\/\/inviker.com\/fr\/wp-json\/wp\/v2\/types\/page"}],"author":[{"embeddable":true,"href":"https:\/\/inviker.com\/fr\/wp-json\/wp\/v2\/users\/3"}],"replies":[{"embeddable":true,"href":"https:\/\/inviker.com\/fr\/wp-json\/wp\/v2\/comments?post=9441"}],"version-history":[{"count":0,"href":"https:\/\/inviker.com\/fr\/wp-json\/wp\/v2\/pages\/9441\/revisions"}],"wp:attachment":[{"href":"https:\/\/inviker.com\/fr\/wp-json\/wp\/v2\/media?parent=9441"}],"curies":[{"name":"wp","href":"https:\/\/api.w.org\/{rel}","templated":true}]}}