{"id":9449,"date":"2022-06-23T13:13:34","date_gmt":"2022-06-23T11:13:34","guid":{"rendered":"https:\/\/inviker.com\/?page_id=9449"},"modified":"2023-05-22T14:57:26","modified_gmt":"2023-05-22T12:57:26","slug":"a-propos-de-nous","status":"publish","type":"page","link":"https:\/\/inviker.com\/fr\/a-propos-de-nous\/","title":{"rendered":"A propos de nous"},"content":{"rendered":"\t\t<div data-elementor-type=\"wp-page\" data-elementor-id=\"9449\" class=\"elementor elementor-9449 elementor-2574\" data-elementor-post-type=\"page\">\n\t\t\t\t\t\t<section class=\"elementor-section elementor-top-section elementor-element elementor-element-5b475f0 elementor-section-boxed elementor-section-height-default elementor-section-height-default\" data-id=\"5b475f0\" data-element_type=\"section\" data-e-type=\"section\">\n\t\t\t\t\t\t<div class=\"elementor-container elementor-column-gap-default\">\n\t\t\t\t\t<div class=\"elementor-column elementor-col-100 elementor-top-column elementor-element elementor-element-36cd1a4\" data-id=\"36cd1a4\" data-element_type=\"column\" data-e-type=\"column\">\n\t\t\t<div class=\"elementor-widget-wrap elementor-element-populated\">\n\t\t\t\t\t\t<div class=\"elementor-element elementor-element-4e002e4 elementor-widget elementor-widget-image\" data-id=\"4e002e4\" data-element_type=\"widget\" data-e-type=\"widget\" data-widget_type=\"image.default\">\n\t\t\t\t\t\t\t\t\t\t\t\t\t\t\t<img fetchpriority=\"high\" decoding=\"async\" width=\"1920\" height=\"1100\" src=\"https:\/\/inviker.com\/wp-content\/uploads\/inviker_produccion_vci.jpg\" class=\"attachment-full size-full wp-image-6284\" alt=\"\" srcset=\"https:\/\/inviker.com\/wp-content\/uploads\/inviker_produccion_vci.jpg 1920w, https:\/\/inviker.com\/wp-content\/uploads\/inviker_produccion_vci-610x349.jpg 610w, https:\/\/inviker.com\/wp-content\/uploads\/inviker_produccion_vci-300x172.jpg 300w, https:\/\/inviker.com\/wp-content\/uploads\/inviker_produccion_vci-1024x587.jpg 1024w, https:\/\/inviker.com\/wp-content\/uploads\/inviker_produccion_vci-768x440.jpg 768w, https:\/\/inviker.com\/wp-content\/uploads\/inviker_produccion_vci-1536x880.jpg 1536w, https:\/\/inviker.com\/wp-content\/uploads\/inviker_produccion_vci-600x344.jpg 600w\" sizes=\"(max-width: 1920px) 100vw, 1920px\" title=\"\">\t\t\t\t\t\t\t\t\t\t\t\t\t\t\t<\/div>\n\t\t\t\t\t<\/div>\n\t\t<\/div>\n\t\t\t\t\t<\/div>\n\t\t<\/section>\n\t\t\t\t<section class=\"elementor-section elementor-top-section elementor-element elementor-element-83420de elementor-section-boxed elementor-section-height-default elementor-section-height-default\" data-id=\"83420de\" data-element_type=\"section\" data-e-type=\"section\" data-settings=\"{&quot;animation&quot;:&quot;none&quot;}\">\n\t\t\t\t\t\t<div class=\"elementor-container elementor-column-gap-default\">\n\t\t\t\t\t<div class=\"elementor-column elementor-col-100 elementor-top-column elementor-element elementor-element-4d2c51e\" data-id=\"4d2c51e\" data-element_type=\"column\" data-e-type=\"column\">\n\t\t\t<div class=\"elementor-widget-wrap elementor-element-populated\">\n\t\t\t\t\t\t<div class=\"elementor-element elementor-element-9559e0b elementor-tabs-alignment-stretch elementor-tabs-view-horizontal elementor-widget elementor-widget-tabs\" data-id=\"9559e0b\" data-element_type=\"widget\" data-e-type=\"widget\" data-settings=\"{&quot;_animation&quot;:&quot;none&quot;}\" data-widget_type=\"tabs.default\">\n\t\t\t\t\t\t\t<div class=\"elementor-tabs\">\n\t\t\t<div class=\"elementor-tabs-wrapper\" role=\"tablist\" >\n\t\t\t\t\t\t\t\t\t<div id=\"elementor-tab-title-1561\" class=\"elementor-tab-title elementor-tab-desktop-title\" aria-selected=\"true\" data-tab=\"1\" role=\"tab\" tabindex=\"0\" aria-controls=\"elementor-tab-content-1561\" aria-expanded=\"false\"><span class=\"subtitulo\">\u00c0 propos de nous<\/span><\/div>\n\t\t\t\t\t\t\t\t\t<div id=\"elementor-tab-title-1562\" class=\"elementor-tab-title elementor-tab-desktop-title\" aria-selected=\"false\" data-tab=\"2\" role=\"tab\" tabindex=\"-1\" aria-controls=\"elementor-tab-content-1562\" aria-expanded=\"false\"><span class=\"subtitulo\">Entrep\u00f4t<\/span><\/div>\n\t\t\t\t\t\t\t\t\t<div id=\"elementor-tab-title-1563\" class=\"elementor-tab-title elementor-tab-desktop-title\" aria-selected=\"false\" data-tab=\"3\" role=\"tab\" tabindex=\"-1\" aria-controls=\"elementor-tab-content-1563\" aria-expanded=\"false\"><span class=\"subtitulo\">L\u2019\u00e9quipement<\/span><\/div>\n\t\t\t\t\t\t\t\t\t<div id=\"elementor-tab-title-1564\" class=\"elementor-tab-title elementor-tab-desktop-title\" aria-selected=\"false\" data-tab=\"4\" role=\"tab\" tabindex=\"-1\" aria-controls=\"elementor-tab-content-1564\" aria-expanded=\"false\"><span class=\"subtitulo\">Installations<\/span><\/div>\n\t\t\t\t\t\t\t<\/div>\n\t\t\t<div class=\"elementor-tabs-content-wrapper\" role=\"tablist\" aria-orientation=\"vertical\">\n\t\t\t\t\t\t\t\t\t<div class=\"elementor-tab-title elementor-tab-mobile-title\" aria-selected=\"true\" data-tab=\"1\" role=\"tab\" tabindex=\"0\" aria-controls=\"elementor-tab-content-1561\" aria-expanded=\"false\"><span class=\"subtitulo\">\u00c0 propos de nous<\/span><\/div>\n\t\t\t\t\t<div id=\"elementor-tab-content-1561\" class=\"elementor-tab-content elementor-clearfix\" data-tab=\"1\" role=\"tabpanel\" aria-labelledby=\"elementor-tab-title-1561\" tabindex=\"0\" hidden=\"false\">\t\t<div data-elementor-type=\"section\" data-elementor-id=\"9452\" class=\"elementor elementor-9452 elementor-2517\" data-elementor-post-type=\"elementor_library\">\n\t\t\t\t\t<section class=\"elementor-section elementor-top-section elementor-element elementor-element-6dd1b46 elementor-section-boxed elementor-section-height-default elementor-section-height-default\" data-id=\"6dd1b46\" data-element_type=\"section\" data-e-type=\"section\">\n\t\t\t\t\t\t<div class=\"elementor-container elementor-column-gap-default\">\n\t\t\t\t\t<div class=\"elementor-column elementor-col-100 elementor-top-column elementor-element elementor-element-9a4d2e1\" data-id=\"9a4d2e1\" data-element_type=\"column\" data-e-type=\"column\">\n\t\t\t<div class=\"elementor-widget-wrap elementor-element-populated\">\n\t\t\t\t\t\t<div class=\"elementor-element elementor-element-46f6556 elementor-widget elementor-widget-heading\" data-id=\"46f6556\" data-element_type=\"widget\" data-e-type=\"widget\" data-widget_type=\"heading.default\">\n\t\t\t\t\t<h2 class=\"elementor-heading-title elementor-size-default\">\u00c0 propos de nous<\/h2>\t\t\t\t<\/div>\n\t\t\t\t\t<\/div>\n\t\t<\/div>\n\t\t\t\t\t<\/div>\n\t\t<\/section>\n\t\t\t\t<section class=\"elementor-section elementor-top-section elementor-element elementor-element-367b608 elementor-section-boxed elementor-section-height-default elementor-section-height-default\" data-id=\"367b608\" data-element_type=\"section\" data-e-type=\"section\">\n\t\t\t\t\t\t<div class=\"elementor-container elementor-column-gap-default\">\n\t\t\t\t\t<div class=\"elementor-column elementor-col-50 elementor-top-column elementor-element elementor-element-e42b4da\" data-id=\"e42b4da\" data-element_type=\"column\" data-e-type=\"column\">\n\t\t\t<div class=\"elementor-widget-wrap elementor-element-populated\">\n\t\t\t\t\t\t<div class=\"elementor-element elementor-element-0f66288 elementor-widget elementor-widget-text-editor\" data-id=\"0f66288\" data-element_type=\"widget\" data-e-type=\"widget\" data-widget_type=\"text-editor.default\">\n\t\t\t\t\t\t\t\t\t<p>T\u00e9l\u00e9phone<br \/>T1 +34 943 26 28 59<br \/>T2 +34 943 49 09 45<\/p><p>Secteur d&rsquo;activit\u00e9<br \/>Fabrication d&#8217;emballages<\/p><p>Taille de l&rsquo;entreprise<br \/>11-50 employ\u00e9s<\/p><p>Si\u00e8ge social<br \/>Oiartzun, Pays Basque \/ Euskadi<\/p><p>Ann\u00e9e de fondation de l&rsquo;entreprise<br \/>1959<\/p>\t\t\t\t\t\t\t\t<\/div>\n\t\t\t\t\t<\/div>\n\t\t<\/div>\n\t\t\t\t<div class=\"elementor-column elementor-col-50 elementor-top-column elementor-element elementor-element-e83a608\" data-id=\"e83a608\" data-element_type=\"column\" data-e-type=\"column\">\n\t\t\t<div class=\"elementor-widget-wrap elementor-element-populated\">\n\t\t\t\t\t\t<div class=\"elementor-element elementor-element-a03cf1e elementor-widget elementor-widget-text-editor\" data-id=\"a03cf1e\" data-element_type=\"widget\" data-e-type=\"widget\" data-widget_type=\"text-editor.default\">\n\t\t\t\t\t\t\t\t\t<p>Inviker est une entreprise sp\u00e9cialis\u00e9e dans la fabrication, la manipulation et la distribution d&#8217;emballages industriels pour diverses industries. En outre, elle est sp\u00e9cialis\u00e9e dans les emballages avec traitement anticorrosion VCI.<\/p><p>L&rsquo;objectif principal d&rsquo;Inviker est de satisfaire les besoins de ses clients. Avec plus de 60 ans d&rsquo;exp\u00e9rience dans le secteur, l&rsquo;entreprise est consciente de l&rsquo;importance de la recherche, du d\u00e9veloppement et de l&rsquo;innovation de nouveaux produits et solutions de protection pour r\u00e9pondre de mani\u00e8re efficace aux besoins \u00e9mergents du march\u00e9. Nous proposons \u00e9galement nos services de conseil technique pour aider nos clients \u00e0 optimiser leurs syst\u00e8mes d&#8217;emballage.<\/p><p>Chez Inviker, nous nous engageons chaque jour \u00e0 fournir des produits de haute qualit\u00e9 et un excellent service client.<\/p><p>Chez Inviker Industrial Packaging, nous avons instaur\u00e9 un syst\u00e8me de gestion de la qualit\u00e9 qui r\u00e9pond aux normes de certification ISO 9001:2015 en mati\u00e8re de qualit\u00e9.<\/p>\t\t\t\t\t\t\t\t<\/div>\n\t\t\t\t\t<\/div>\n\t\t<\/div>\n\t\t\t\t\t<\/div>\n\t\t<\/section>\n\t\t\t\t<\/div>\n\t\t<\/div>\n\t\t\t\t\t\t\t\t\t<div class=\"elementor-tab-title elementor-tab-mobile-title\" aria-selected=\"false\" data-tab=\"2\" role=\"tab\" tabindex=\"-1\" aria-controls=\"elementor-tab-content-1562\" aria-expanded=\"false\"><span class=\"subtitulo\">Entrep\u00f4t<\/span><\/div>\n\t\t\t\t\t<div id=\"elementor-tab-content-1562\" class=\"elementor-tab-content elementor-clearfix\" data-tab=\"2\" role=\"tabpanel\" aria-labelledby=\"elementor-tab-title-1562\" tabindex=\"0\" hidden=\"hidden\">\t\t<div data-elementor-type=\"section\" data-elementor-id=\"9461\" class=\"elementor elementor-9461 elementor-2514\" data-elementor-post-type=\"elementor_library\">\n\t\t\t\t\t<section class=\"elementor-section elementor-top-section elementor-element elementor-element-946efae elementor-section-boxed elementor-section-height-default elementor-section-height-default\" data-id=\"946efae\" data-element_type=\"section\" data-e-type=\"section\">\n\t\t\t\t\t\t<div class=\"elementor-container elementor-column-gap-default\">\n\t\t\t\t\t<div class=\"elementor-column elementor-col-100 elementor-top-column elementor-element elementor-element-f5d8f43\" data-id=\"f5d8f43\" data-element_type=\"column\" data-e-type=\"column\">\n\t\t\t<div class=\"elementor-widget-wrap elementor-element-populated\">\n\t\t\t\t\t\t<div class=\"elementor-element elementor-element-5979fc7 elementor-widget elementor-widget-heading\" data-id=\"5979fc7\" data-element_type=\"widget\" data-e-type=\"widget\" data-widget_type=\"heading.default\">\n\t\t\t\t\t<h2 class=\"elementor-heading-title elementor-size-default\">Entrep\u00f4t<\/h2>\t\t\t\t<\/div>\n\t\t\t\t\t<\/div>\n\t\t<\/div>\n\t\t\t\t\t<\/div>\n\t\t<\/section>\n\t\t\t\t<section class=\"elementor-section elementor-top-section elementor-element elementor-element-a1ee92c elementor-section-boxed elementor-section-height-default elementor-section-height-default\" data-id=\"a1ee92c\" data-element_type=\"section\" data-e-type=\"section\">\n\t\t\t\t\t\t<div class=\"elementor-container elementor-column-gap-default\">\n\t\t\t\t\t<div class=\"elementor-column elementor-col-100 elementor-top-column elementor-element elementor-element-58baf8d\" data-id=\"58baf8d\" data-element_type=\"column\" data-e-type=\"column\">\n\t\t\t<div class=\"elementor-widget-wrap elementor-element-populated\">\n\t\t\t\t\t\t<div class=\"elementor-element elementor-element-afb02de elementor-widget elementor-widget-text-editor\" data-id=\"afb02de\" data-element_type=\"widget\" data-e-type=\"widget\" data-widget_type=\"text-editor.default\">\n\t\t\t\t\t\t\t\t\t<p>Inviker dispose de vastes installations qui lui permettent de stocker d&rsquo;importantes quantit\u00e9s de mati\u00e8res premi\u00e8res et de produits finis, afin de pouvoir fournir ses clients dans un d\u00e9lai de 24\/48 heures en Espagne.<\/p>\t\t\t\t\t\t\t\t<\/div>\n\t\t\t\t<div class=\"elementor-element elementor-element-c5e226e elementor-widget elementor-widget-image\" data-id=\"c5e226e\" data-element_type=\"widget\" data-e-type=\"widget\" data-widget_type=\"image.default\">\n\t\t\t\t\t\t\t\t\t\t\t\t\t\t\t<img decoding=\"async\" width=\"1920\" height=\"1100\" src=\"https:\/\/inviker.com\/wp-content\/uploads\/inviker_hq_almacen.jpg\" class=\"attachment-full size-full wp-image-6287\" alt=\"\" srcset=\"https:\/\/inviker.com\/wp-content\/uploads\/inviker_hq_almacen.jpg 1920w, https:\/\/inviker.com\/wp-content\/uploads\/inviker_hq_almacen-610x349.jpg 610w, https:\/\/inviker.com\/wp-content\/uploads\/inviker_hq_almacen-300x172.jpg 300w, https:\/\/inviker.com\/wp-content\/uploads\/inviker_hq_almacen-1024x587.jpg 1024w, https:\/\/inviker.com\/wp-content\/uploads\/inviker_hq_almacen-768x440.jpg 768w, https:\/\/inviker.com\/wp-content\/uploads\/inviker_hq_almacen-1536x880.jpg 1536w, https:\/\/inviker.com\/wp-content\/uploads\/inviker_hq_almacen-600x344.jpg 600w\" sizes=\"(max-width: 1920px) 100vw, 1920px\" title=\"\">\t\t\t\t\t\t\t\t\t\t\t\t\t\t\t<\/div>\n\t\t\t\t\t<\/div>\n\t\t<\/div>\n\t\t\t\t\t<\/div>\n\t\t<\/section>\n\t\t\t\t<\/div>\n\t\t<\/div>\n\t\t\t\t\t\t\t\t\t<div class=\"elementor-tab-title elementor-tab-mobile-title\" aria-selected=\"false\" data-tab=\"3\" role=\"tab\" tabindex=\"-1\" aria-controls=\"elementor-tab-content-1563\" aria-expanded=\"false\"><span class=\"subtitulo\">L\u2019\u00e9quipement<\/span><\/div>\n\t\t\t\t\t<div id=\"elementor-tab-content-1563\" class=\"elementor-tab-content elementor-clearfix\" data-tab=\"3\" role=\"tabpanel\" aria-labelledby=\"elementor-tab-title-1563\" tabindex=\"0\" hidden=\"hidden\">\t\t<div data-elementor-type=\"section\" data-elementor-id=\"9460\" class=\"elementor elementor-9460 elementor-2515\" data-elementor-post-type=\"elementor_library\">\n\t\t\t\t\t<section class=\"elementor-section elementor-top-section elementor-element elementor-element-502dcfb elementor-section-boxed elementor-section-height-default elementor-section-height-default\" data-id=\"502dcfb\" data-element_type=\"section\" data-e-type=\"section\">\n\t\t\t\t\t\t<div class=\"elementor-container elementor-column-gap-default\">\n\t\t\t\t\t<div class=\"elementor-column elementor-col-100 elementor-top-column elementor-element elementor-element-6a15a86\" data-id=\"6a15a86\" data-element_type=\"column\" data-e-type=\"column\">\n\t\t\t<div class=\"elementor-widget-wrap elementor-element-populated\">\n\t\t\t\t\t\t<div class=\"elementor-element elementor-element-bbe14d0 elementor-widget elementor-widget-heading\" data-id=\"bbe14d0\" data-element_type=\"widget\" data-e-type=\"widget\" data-widget_type=\"heading.default\">\n\t\t\t\t\t<h2 class=\"elementor-heading-title elementor-size-default\">L\u2019\u00e9quipement<\/h2>\t\t\t\t<\/div>\n\t\t\t\t\t<\/div>\n\t\t<\/div>\n\t\t\t\t\t<\/div>\n\t\t<\/section>\n\t\t\t\t<section class=\"elementor-section elementor-top-section elementor-element elementor-element-61d17b8 elementor-section-boxed elementor-section-height-default elementor-section-height-default\" data-id=\"61d17b8\" data-element_type=\"section\" data-e-type=\"section\">\n\t\t\t\t\t\t<div class=\"elementor-container elementor-column-gap-default\">\n\t\t\t\t\t<div class=\"elementor-column elementor-col-100 elementor-top-column elementor-element elementor-element-91c6bae\" data-id=\"91c6bae\" data-element_type=\"column\" data-e-type=\"column\">\n\t\t\t<div class=\"elementor-widget-wrap elementor-element-populated\">\n\t\t\t\t\t\t<div class=\"elementor-element elementor-element-c8c4bbd elementor-widget elementor-widget-text-editor\" data-id=\"c8c4bbd\" data-element_type=\"widget\" data-e-type=\"widget\" data-widget_type=\"text-editor.default\">\n\t\t\t\t\t\t\t\t\t<p>L&rsquo;\u00e9quipement technique d&rsquo;Inviker est sp\u00e9cialement con\u00e7u pour s&rsquo;adapter aux besoins les plus sophistiqu\u00e9s et innovants et aux exigences des clients. Nous sommes ainsi en mesure de fournir \u00e0 nos clients un service complet.<\/p>\t\t\t\t\t\t\t\t<\/div>\n\t\t\t\t\t<\/div>\n\t\t<\/div>\n\t\t\t\t\t<\/div>\n\t\t<\/section>\n\t\t\t\t<section class=\"elementor-section elementor-top-section elementor-element elementor-element-52d40ff elementor-section-boxed elementor-section-height-default elementor-section-height-default\" data-id=\"52d40ff\" data-element_type=\"section\" data-e-type=\"section\">\n\t\t\t\t\t\t<div class=\"elementor-container elementor-column-gap-default\">\n\t\t\t\t\t<div class=\"elementor-column elementor-col-66 elementor-top-column elementor-element elementor-element-3d3a049\" data-id=\"3d3a049\" data-element_type=\"column\" data-e-type=\"column\">\n\t\t\t<div class=\"elementor-widget-wrap elementor-element-populated\">\n\t\t\t\t\t\t<div class=\"elementor-element elementor-element-641a4c2 elementor-widget elementor-widget-image\" data-id=\"641a4c2\" data-element_type=\"widget\" data-e-type=\"widget\" data-widget_type=\"image.default\">\n\t\t\t\t\t\t\t\t\t\t\t\t\t\t\t<img decoding=\"async\" width=\"1650\" height=\"1100\" src=\"https:\/\/inviker.com\/wp-content\/uploads\/inviker_hq_equipamiento_1.jpg\" class=\"attachment-full size-full wp-image-6290\" alt=\"\" srcset=\"https:\/\/inviker.com\/wp-content\/uploads\/inviker_hq_equipamiento_1.jpg 1650w, https:\/\/inviker.com\/wp-content\/uploads\/inviker_hq_equipamiento_1-610x407.jpg 610w, https:\/\/inviker.com\/wp-content\/uploads\/inviker_hq_equipamiento_1-300x200.jpg 300w, https:\/\/inviker.com\/wp-content\/uploads\/inviker_hq_equipamiento_1-1024x683.jpg 1024w, https:\/\/inviker.com\/wp-content\/uploads\/inviker_hq_equipamiento_1-768x512.jpg 768w, https:\/\/inviker.com\/wp-content\/uploads\/inviker_hq_equipamiento_1-1536x1024.jpg 1536w, https:\/\/inviker.com\/wp-content\/uploads\/inviker_hq_equipamiento_1-600x400.jpg 600w\" sizes=\"(max-width: 1650px) 100vw, 1650px\" title=\"\">\t\t\t\t\t\t\t\t\t\t\t\t\t\t\t<\/div>\n\t\t\t\t\t<\/div>\n\t\t<\/div>\n\t\t\t\t<div class=\"elementor-column elementor-col-33 elementor-top-column elementor-element elementor-element-84e30a1\" data-id=\"84e30a1\" data-element_type=\"column\" data-e-type=\"column\">\n\t\t\t<div class=\"elementor-widget-wrap elementor-element-populated\">\n\t\t\t\t\t\t<div class=\"elementor-element elementor-element-9b8edaf elementor-widget elementor-widget-image\" data-id=\"9b8edaf\" data-element_type=\"widget\" data-e-type=\"widget\" data-widget_type=\"image.default\">\n\t\t\t\t\t\t\t\t\t\t\t\t\t\t\t<img loading=\"lazy\" decoding=\"async\" width=\"500\" height=\"250\" src=\"https:\/\/inviker.com\/wp-content\/uploads\/inviker_hq_equipamiento_2.jpg\" class=\"attachment-full size-full wp-image-6293\" alt=\"\" srcset=\"https:\/\/inviker.com\/wp-content\/uploads\/inviker_hq_equipamiento_2.jpg 500w, https:\/\/inviker.com\/wp-content\/uploads\/inviker_hq_equipamiento_2-300x150.jpg 300w\" sizes=\"(max-width: 500px) 100vw, 500px\" title=\"\">\t\t\t\t\t\t\t\t\t\t\t\t\t\t\t<\/div>\n\t\t\t\t<div class=\"elementor-element elementor-element-b0f0e37 elementor-widget elementor-widget-image\" data-id=\"b0f0e37\" data-element_type=\"widget\" data-e-type=\"widget\" data-widget_type=\"image.default\">\n\t\t\t\t\t\t\t\t\t\t\t\t\t\t\t<img loading=\"lazy\" decoding=\"async\" width=\"500\" height=\"500\" src=\"https:\/\/inviker.com\/wp-content\/uploads\/inviker_hq_equipamiento_3.jpg\" class=\"attachment-full size-full wp-image-6296\" alt=\"\" srcset=\"https:\/\/inviker.com\/wp-content\/uploads\/inviker_hq_equipamiento_3.jpg 500w, https:\/\/inviker.com\/wp-content\/uploads\/inviker_hq_equipamiento_3-435x435.jpg 435w, https:\/\/inviker.com\/wp-content\/uploads\/inviker_hq_equipamiento_3-100x100.jpg 100w, https:\/\/inviker.com\/wp-content\/uploads\/inviker_hq_equipamiento_3-300x300.jpg 300w, https:\/\/inviker.com\/wp-content\/uploads\/inviker_hq_equipamiento_3-150x150.jpg 150w\" sizes=\"(max-width: 500px) 100vw, 500px\" title=\"\">\t\t\t\t\t\t\t\t\t\t\t\t\t\t\t<\/div>\n\t\t\t\t\t<\/div>\n\t\t<\/div>\n\t\t\t\t\t<\/div>\n\t\t<\/section>\n\t\t\t\t<\/div>\n\t\t<\/div>\n\t\t\t\t\t\t\t\t\t<div class=\"elementor-tab-title elementor-tab-mobile-title\" aria-selected=\"false\" data-tab=\"4\" role=\"tab\" tabindex=\"-1\" aria-controls=\"elementor-tab-content-1564\" aria-expanded=\"false\"><span class=\"subtitulo\">Installations<\/span><\/div>\n\t\t\t\t\t<div id=\"elementor-tab-content-1564\" class=\"elementor-tab-content elementor-clearfix\" data-tab=\"4\" role=\"tabpanel\" aria-labelledby=\"elementor-tab-title-1564\" tabindex=\"0\" hidden=\"hidden\">\t\t<div data-elementor-type=\"section\" data-elementor-id=\"9468\" class=\"elementor elementor-9468 elementor-2516\" data-elementor-post-type=\"elementor_library\">\n\t\t\t\t\t<section class=\"elementor-section elementor-top-section elementor-element elementor-element-9bf1db7 elementor-section-boxed elementor-section-height-default elementor-section-height-default\" data-id=\"9bf1db7\" data-element_type=\"section\" data-e-type=\"section\">\n\t\t\t\t\t\t<div class=\"elementor-container elementor-column-gap-default\">\n\t\t\t\t\t<div class=\"elementor-column elementor-col-100 elementor-top-column elementor-element elementor-element-da567af\" data-id=\"da567af\" data-element_type=\"column\" data-e-type=\"column\">\n\t\t\t<div class=\"elementor-widget-wrap elementor-element-populated\">\n\t\t\t\t\t\t<div class=\"elementor-element elementor-element-50994e2 elementor-widget elementor-widget-heading\" data-id=\"50994e2\" data-element_type=\"widget\" data-e-type=\"widget\" data-widget_type=\"heading.default\">\n\t\t\t\t\t<h2 class=\"elementor-heading-title elementor-size-default\">Installations<\/h2>\t\t\t\t<\/div>\n\t\t\t\t\t<\/div>\n\t\t<\/div>\n\t\t\t\t\t<\/div>\n\t\t<\/section>\n\t\t\t\t<section class=\"elementor-section elementor-top-section elementor-element elementor-element-ee82669 elementor-section-boxed elementor-section-height-default elementor-section-height-default\" data-id=\"ee82669\" data-element_type=\"section\" data-e-type=\"section\">\n\t\t\t\t\t\t<div class=\"elementor-container elementor-column-gap-default\">\n\t\t\t\t\t<div class=\"elementor-column elementor-col-100 elementor-top-column elementor-element elementor-element-6eec23b\" data-id=\"6eec23b\" data-element_type=\"column\" data-e-type=\"column\">\n\t\t\t<div class=\"elementor-widget-wrap elementor-element-populated\">\n\t\t\t\t\t\t<div class=\"elementor-element elementor-element-0278a88 elementor-widget elementor-widget-text-editor\" data-id=\"0278a88\" data-element_type=\"widget\" data-e-type=\"widget\" data-widget_type=\"text-editor.default\">\n\t\t\t\t\t\t\t\t\t<p>Les installations d&rsquo;Inviker sont enti\u00e8rement \u00e9quip\u00e9es des derni\u00e8res technologies. Nos services administratif, de qualit\u00e9, de fabrication, de logistique, d&rsquo;achat et de vente sont parfaitement coordonn\u00e9s, dans le but de fournir \u00e0 nos clients le meilleur service possible.<\/p>\t\t\t\t\t\t\t\t<\/div>\n\t\t\t\t<div class=\"elementor-element elementor-element-18b7efe elementor-widget elementor-widget-image\" data-id=\"18b7efe\" data-element_type=\"widget\" data-e-type=\"widget\" data-widget_type=\"image.default\">\n\t\t\t\t\t\t\t\t\t\t\t\t\t\t\t<img loading=\"lazy\" decoding=\"async\" width=\"1920\" height=\"1099\" src=\"https:\/\/inviker.com\/wp-content\/uploads\/inviker_hq_exterior.jpg\" class=\"attachment-full size-full wp-image-6281\" alt=\"\" srcset=\"https:\/\/inviker.com\/wp-content\/uploads\/inviker_hq_exterior.jpg 1920w, https:\/\/inviker.com\/wp-content\/uploads\/inviker_hq_exterior-610x349.jpg 610w, https:\/\/inviker.com\/wp-content\/uploads\/inviker_hq_exterior-300x172.jpg 300w, https:\/\/inviker.com\/wp-content\/uploads\/inviker_hq_exterior-1024x586.jpg 1024w, https:\/\/inviker.com\/wp-content\/uploads\/inviker_hq_exterior-768x440.jpg 768w, https:\/\/inviker.com\/wp-content\/uploads\/inviker_hq_exterior-1536x879.jpg 1536w, https:\/\/inviker.com\/wp-content\/uploads\/inviker_hq_exterior-600x343.jpg 600w\" sizes=\"(max-width: 1920px) 100vw, 1920px\" title=\"\">\t\t\t\t\t\t\t\t\t\t\t\t\t\t\t<\/div>\n\t\t\t\t\t<\/div>\n\t\t<\/div>\n\t\t\t\t\t<\/div>\n\t\t<\/section>\n\t\t\t\t<\/div>\n\t\t<\/div>\n\t\t\t\t\t\t\t<\/div>\n\t\t<\/div>\n\t\t\t\t\t\t<\/div>\n\t\t\t\t\t<\/div>\n\t\t<\/div>\n\t\t\t\t\t<\/div>\n\t\t<\/section>\n\t\t\t\t<\/div>\n\t\t","protected":false},"excerpt":{"rendered":"<p>\u00c0 propos de nous Entrep\u00f4t L\u2019\u00e9quipement Installations \u00c0 propos de nous \u00c0 propos de nous T\u00e9l\u00e9phoneT1 +34 943 26 28 59T2 +34 943 49 09 45 Secteur d&#8217;activit\u00e9Fabrication d&#8217;emballages Taille de l&#8217;entreprise11-50 employ\u00e9s Si\u00e8ge socialOiartzun, Pays Basque \/ Euskadi Ann\u00e9e de fondation de l&#8217;entreprise1959 Inviker est une entreprise sp\u00e9cialis\u00e9e dans la fabrication, la manipulation et [&hellip;]<\/p>\n","protected":false},"author":3,"featured_media":0,"parent":0,"menu_order":0,"comment_status":"closed","ping_status":"closed","template":"","meta":{"_acf_changed":false,"footnotes":""},"class_list":["post-9449","page","type-page","status-publish","hentry"],"acf":[],"_links":{"self":[{"href":"https:\/\/inviker.com\/fr\/wp-json\/wp\/v2\/pages\/9449","targetHints":{"allow":["GET"]}}],"collection":[{"href":"https:\/\/inviker.com\/fr\/wp-json\/wp\/v2\/pages"}],"about":[{"href":"https:\/\/inviker.com\/fr\/wp-json\/wp\/v2\/types\/page"}],"author":[{"embeddable":true,"href":"https:\/\/inviker.com\/fr\/wp-json\/wp\/v2\/users\/3"}],"replies":[{"embeddable":true,"href":"https:\/\/inviker.com\/fr\/wp-json\/wp\/v2\/comments?post=9449"}],"version-history":[{"count":0,"href":"https:\/\/inviker.com\/fr\/wp-json\/wp\/v2\/pages\/9449\/revisions"}],"wp:attachment":[{"href":"https:\/\/inviker.com\/fr\/wp-json\/wp\/v2\/media?parent=9449"}],"curies":[{"name":"wp","href":"https:\/\/api.w.org\/{rel}","templated":true}]}}