{"id":13035,"date":"2024-05-16T16:07:26","date_gmt":"2024-05-16T14:07:26","guid":{"rendered":"https:\/\/inviker.com\/?post_type=product&#038;p=13035"},"modified":"2025-11-20T15:17:23","modified_gmt":"2025-11-20T14:17:23","slug":"papier-testliner","status":"publish","type":"product","link":"https:\/\/inviker.com\/fr\/papier-emballage\/papier-testliner\/","title":{"rendered":"Papier testliner"},"content":{"rendered":"<p>Le testliner est un papier <strong>tr\u00e8s<\/strong> <strong>rentable<\/strong>, qui constitue une alternative au papier kraft vierge.<\/p>\n<p>Il se d\u00e9marque par sa polyvalence pour divers besoins d&#8217;emballage et sa capacit\u00e9 mod\u00e9r\u00e9e \u00e0 absorber l&rsquo;humidit\u00e9. Son grammage moyen se situe entre 40 et 190 g\/m\u00b2.<\/p>\n<h3><strong>Testliner 50 g\/m\u00b2<\/strong><\/h3>\n<p>Ce papier est couramment utilis\u00e9 comme <strong>mat\u00e9riau de remplissage<\/strong> dans les bo\u00eetes pour prot\u00e9ger les marchandises pendant le transport. Il est tr\u00e8s populaire dans le commerce \u00e9lectronique car il offre une alternative plus \u00e9conomique au papier kraft de premi\u00e8re qualit\u00e9, tout en conservant ses principales caract\u00e9ristiques de <strong>r\u00e9sistance et de polyvalence.<\/strong><\/p>\n<h3><strong>Testliner 100 g\/m\u00b2<\/strong><\/h3>\n<p>Avec un grammage sup\u00e9rieur \u00e0 100 g\/m\u00b2 et une option avec encollage,<strong> ce papier est le pr\u00e9f\u00e9r\u00e9 des peintres<\/strong> en raison de son excellent rapport qualit\u00e9-prix.<\/p>\n<h3><strong>Testliner 85 \u2013 170 g\/m\u00b2<\/strong><\/h3>\n<p>De plus, le testliner a souvent une double utilisation dans la <strong>fabrication de carton ondul\u00e9<\/strong>. Cette vari\u00e9t\u00e9 de testliner est souvent appel\u00e9e Testliner DUO.<\/p>\n<p>Dans la fabrication de carton ondul\u00e9, ce papier peut \u00eatre utilis\u00e9 comme couche ondul\u00e9e (<strong>fluting<\/strong>) entre les autres couches ou comme <strong>rev\u00eatement ext\u00e9rieur<\/strong> ou int\u00e9rieur. Cette polyvalence permet de <strong>r\u00e9duire les co\u00fbts<\/strong>, de limiter le nombre de mat\u00e9riaux diff\u00e9rents en stock et d&rsquo;am\u00e9liorer la rentabilit\u00e9.<\/p>\n<p>&nbsp;<\/p>\n<p>\u00c0 quoi sert le papier testliner ?<\/p>\n<ul>\n<li>Il est utilis\u00e9 comme mat\u00e9riau de <strong>remplissage dans les bo\u00eetes<\/strong>.<\/li>\n<li>Il <strong>prot\u00e8ge les surfaces<\/strong> lors de travaux de peinture.<\/li>\n<li>Dans la <strong>fabrication<\/strong> d&rsquo;enveloppes, de sacs et de cartons ondul\u00e9s.<\/li>\n<li>Une solution d&#8217;emballage <strong>\u00e9conomique.<\/strong><\/li>\n<li>Il offre une <strong>grande polyvalence<\/strong> gr\u00e2ce \u00e0 une large gamme de largeurs et de grammages.<\/li>\n<li>Il est <strong>biod\u00e9gradable<\/strong> et <strong>100% recyclable<\/strong>.<\/li>\n<\/ul>\n<p>&nbsp;<\/p>\n<p>Inviker fournit du papier testliner en rouleaux selon la taille ou le poids demand\u00e9s par le client, ou en feuilles d\u00e9coup\u00e9es sur mesure.<\/p>\n<p>Il peut \u00e9galement \u00eatre fourni avec un traitement VCI (inhibiteur de corrosion volatile) \u00e0 la demande du client.<\/p>\n<p>Il peut aussi \u00eatre rev\u00eatu de poly\u00e9thyl\u00e8ne (PE) pour emp\u00eacher l&rsquo;humidit\u00e9 de p\u00e9n\u00e9trer dans l&#8217;emballage.<\/p>\n<p>Le testliner est utilis\u00e9 dans divers complexes d\u2019emballages. Selon les besoins, il peut \u00e9galement \u00eatre fourni avec un rev\u00eatement de bitume, de paraffine ou avec un renforcement en maille pour augmenter sa r\u00e9sistance \u00e0 la d\u00e9chirure.<\/p>\n<p>Vous avez besoin d&rsquo;un papier plus performant ? D\u00e9couvrez <a href=\"https:\/\/inviker.com\/fr\/papier-emballage\/papier-kraft\/\">notre gamme de papier kraft<\/a>.<\/p>\n","protected":false},"excerpt":{"rendered":"<p>Le testliner est un papier de couleur marron fabriqu\u00e9 \u00e0 partir de fibres de papier recycl\u00e9es de haute qualit\u00e9. C&rsquo;est un papier flexible et <strong>100% recycl\u00e9<\/strong>.<\/p>\n<p>En fonction de son \u00e9paisseur, le testliner peut servir \u00e0 plusieurs usages. Il peut \u00eatre utilis\u00e9 pour emballer des produits, les conditionner, \u00eatre utilis\u00e9 comme mat\u00e9riau de remplissage ou m\u00eame comme mati\u00e8re premi\u00e8re pour fabriquer d&rsquo;autres produits.<\/p>\n","protected":false},"featured_media":6701,"comment_status":"closed","ping_status":"closed","template":"","meta":{"_acf_changed":false},"product_brand":[],"product_cat":[90],"product_tag":[],"class_list":{"0":"post-13035","1":"product","2":"type-product","3":"status-publish","4":"has-post-thumbnail","6":"product_cat-papier-emballage","8":"first","9":"instock","10":"shipping-taxable","11":"product-type-simple"},"acf":[],"_links":{"self":[{"href":"https:\/\/inviker.com\/fr\/wp-json\/wp\/v2\/product\/13035","targetHints":{"allow":["GET"]}}],"collection":[{"href":"https:\/\/inviker.com\/fr\/wp-json\/wp\/v2\/product"}],"about":[{"href":"https:\/\/inviker.com\/fr\/wp-json\/wp\/v2\/types\/product"}],"replies":[{"embeddable":true,"href":"https:\/\/inviker.com\/fr\/wp-json\/wp\/v2\/comments?post=13035"}],"wp:featuredmedia":[{"embeddable":true,"href":"https:\/\/inviker.com\/fr\/wp-json\/wp\/v2\/media\/6701"}],"wp:attachment":[{"href":"https:\/\/inviker.com\/fr\/wp-json\/wp\/v2\/media?parent=13035"}],"wp:term":[{"taxonomy":"product_brand","embeddable":true,"href":"https:\/\/inviker.com\/fr\/wp-json\/wp\/v2\/product_brand?post=13035"},{"taxonomy":"product_cat","embeddable":true,"href":"https:\/\/inviker.com\/fr\/wp-json\/wp\/v2\/product_cat?post=13035"},{"taxonomy":"product_tag","embeddable":true,"href":"https:\/\/inviker.com\/fr\/wp-json\/wp\/v2\/product_tag?post=13035"}],"curies":[{"name":"wp","href":"https:\/\/api.w.org\/{rel}","templated":true}]}}