{"id":13147,"date":"2024-06-07T14:06:58","date_gmt":"2024-06-07T12:06:58","guid":{"rendered":"https:\/\/inviker.com\/?post_type=product&#038;p=13147"},"modified":"2025-11-20T15:33:35","modified_gmt":"2025-11-20T14:33:35","slug":"film-barriere-en-aluminium","status":"publish","type":"product","link":"https:\/\/inviker.com\/fr\/aluminium-emballage\/film-barriere-en-aluminium\/","title":{"rendered":"Film barri\u00e8re en aluminium"},"content":{"rendered":"<p>Le film barri\u00e8re en aluminium est un mat\u00e9riau de protection qui <strong>isole<\/strong> les produits sensibles contre l&rsquo;humidit\u00e9, l&rsquo;oxyg\u00e8ne, la lumi\u00e8re, la vapeur, les produits chimiques, entre autres. Gr\u00e2ce \u00e0 son efficacit\u00e9 pour <strong>pr\u00e9venir la corrosion<\/strong>, il est couramment employ\u00e9 dans l&#8217;emballage des produits industriels m\u00e9talliques et ceux de haute valeur ajout\u00e9e.<\/p>\n<p><strong>Flexible, l\u00e9ger et facile \u00e0 manipuler<\/strong>, le complexe en aluminium convient \u00e0 des produits de toutes tailles. Il s&rsquo;adapte parfaitement aux grandes machines ainsi qu&rsquo;aux objets de formes irr\u00e9guli\u00e8res.<\/p>\n<p>C&rsquo;est un <strong>mat\u00e9riel thermosoudable<\/strong>. La fermeture herm\u00e9tique du film barri\u00e8re en aluminium forme un emballage <strong>imperm\u00e9able et \u00e9tanche<\/strong>, offrant une durabilit\u00e9 exceptionnelle.<\/p>\n<p>Id\u00e9al pour de nombreuses applications, ce mat\u00e9riau est particuli\u00e8rement adapt\u00e9 \u00e0 l&rsquo;exportation et au transport maritime. Sa capacit\u00e9 \u00e0 r\u00e9sister aux conditions m\u00e9t\u00e9orologiques extr\u00eames <strong>garantit la protection des produits sur une longue dur\u00e9e<\/strong>.<\/p>\n<p>Dans le secteur industriel, les formats les plus couramment utilis\u00e9s sont les housses, avec ou sans couvercle.<\/p>\n<p>\u00c0 quoi sert le film barri\u00e8re en aluminium ?<\/p>\n<ul>\n<li>Il fournit une <strong>barri\u00e8re contre l&rsquo;humidit\u00e9<\/strong>, emp\u00eachant la d\u00e9t\u00e9rioration des produits.<\/li>\n<li>Il garantit une <strong>isolation lumineuse<\/strong>, id\u00e9al pour les produits susceptibles de se d\u00e9grader en raison d&rsquo;une exposition prolong\u00e9e \u00e0 la lumi\u00e8re du soleil.<\/li>\n<li><strong>Il prot\u00e8ge contre l&rsquo;oxydation<\/strong> gr\u00e2ce \u00e0 une fermeture herm\u00e9tique.<\/li>\n<li>Il offre une <strong>grande r\u00e9sistance m\u00e9canique<\/strong> lors de la manipulation et du transport.<\/li>\n<li>Il est mall\u00e9able et <strong>facile \u00e0 appliquer<\/strong>.<\/li>\n<\/ul>\n<p>&nbsp;<\/p>\n<p>Lorsqu&rsquo;il est utilis\u00e9, il peut \u00eatre associ\u00e9 \u00e0 des sacs d\u00e9shydratants pour \u00e9liminer toute humidit\u00e9 r\u00e9siduelle. Il constitue l&#8217;emballage primaire id\u00e9al pour le transport de grandes machines dans des caisses en bois.<\/p>\n<p>Pour les produits les plus sensibles \u00e0 la corrosion, il est \u00e9galement disponible avec un traitement VCI.<\/p>\n<p>Chez Inviker, nous proposons des films barri\u00e8res en aluminium sous forme de rouleaux, de feuilles pr\u00e9d\u00e9coup\u00e9es, ainsi que de pochettes ou sacs personnalis\u00e9s selon les besoins du client.<\/p>\n<p>Il r\u00e9pond aux exigences de qualit\u00e9 des certifications et normes MIL-PRF-131 K CLASS 1 et DEF STAN 81-75\/2 TYPE 1.<\/p>\n<h3>Accessoires compl\u00e9mentaires<\/h3>\n<p>Le scellage est r\u00e9alis\u00e9 \u00e0 l&rsquo;aide de pistolets thermosoudables et de pinces thermiques pour le scellage de l&rsquo;aluminium, disponibles en dimensions de 200, 300 ou 400 mm. Contactez-nous pour conna\u00eetre la disponibilit\u00e9 des pistolets de scellage.<\/p>\n<p>&nbsp;<\/p>\n<p>Avez-vous besoin d&rsquo;une stabilit\u00e9 structurelle accrue sans compromettre l&rsquo;effet barri\u00e8re ? D\u00e9couvrez notre <a href=\"https:\/\/inviker.com\/fr\/aluminium-emballage\/barriere-aluminium-avec-raphia\/\">emballage en film barri\u00e8re d&rsquo;aluminium avec raphia<\/a>.<\/p>\n","protected":false},"excerpt":{"rendered":"<p>Le mat\u00e9riau barri\u00e8re en aluminium offre une <strong>protection absolue<\/strong> pour \u00e9viter la d\u00e9t\u00e9rioration des produits \u00e0 cause de l&rsquo;humidit\u00e9, de l&rsquo;oxyg\u00e8ne, de la lumi\u00e8re, etc.<\/p>\n<p><strong>Imperm\u00e9able, thermoscellable et polyvalent<\/strong>, c&rsquo;est un emballage <strong>id\u00e9al pour les pi\u00e8ces qui ont une grande valeur<\/strong>, y compris celles de formes irr\u00e9guli\u00e8res et de grande taille.<\/p>\n","protected":false},"featured_media":13145,"comment_status":"closed","ping_status":"closed","template":"","meta":{"_acf_changed":false},"product_brand":[],"product_cat":[110],"product_tag":[],"class_list":{"0":"post-13147","1":"product","2":"type-product","3":"status-publish","4":"has-post-thumbnail","6":"product_cat-aluminium-emballage","8":"first","9":"instock","10":"shipping-taxable","11":"product-type-simple"},"acf":[],"_links":{"self":[{"href":"https:\/\/inviker.com\/fr\/wp-json\/wp\/v2\/product\/13147","targetHints":{"allow":["GET"]}}],"collection":[{"href":"https:\/\/inviker.com\/fr\/wp-json\/wp\/v2\/product"}],"about":[{"href":"https:\/\/inviker.com\/fr\/wp-json\/wp\/v2\/types\/product"}],"replies":[{"embeddable":true,"href":"https:\/\/inviker.com\/fr\/wp-json\/wp\/v2\/comments?post=13147"}],"wp:featuredmedia":[{"embeddable":true,"href":"https:\/\/inviker.com\/fr\/wp-json\/wp\/v2\/media\/13145"}],"wp:attachment":[{"href":"https:\/\/inviker.com\/fr\/wp-json\/wp\/v2\/media?parent=13147"}],"wp:term":[{"taxonomy":"product_brand","embeddable":true,"href":"https:\/\/inviker.com\/fr\/wp-json\/wp\/v2\/product_brand?post=13147"},{"taxonomy":"product_cat","embeddable":true,"href":"https:\/\/inviker.com\/fr\/wp-json\/wp\/v2\/product_cat?post=13147"},{"taxonomy":"product_tag","embeddable":true,"href":"https:\/\/inviker.com\/fr\/wp-json\/wp\/v2\/product_tag?post=13147"}],"curies":[{"name":"wp","href":"https:\/\/api.w.org\/{rel}","templated":true}]}}