{"id":13160,"date":"2024-06-07T14:02:57","date_gmt":"2024-06-07T12:02:57","guid":{"rendered":"https:\/\/inviker.com\/?post_type=product&#038;p=13160"},"modified":"2025-11-13T13:22:16","modified_gmt":"2025-11-13T12:22:16","slug":"barriere-aluminium-avec-raphia","status":"publish","type":"product","link":"https:\/\/inviker.com\/fr\/aluminium-emballage\/barriere-aluminium-avec-raphia\/","title":{"rendered":"Aluminium avec raphia"},"content":{"rendered":"<p>L&rsquo;aluminium avec raphia en PE (poly\u00e9thyl\u00e8ne) est un <strong>mat\u00e9riau thermosoudable<\/strong> compos\u00e9 d&rsquo;une couche ext\u00e9rieure d&rsquo;aluminium et d&rsquo;un renfort en feuille de raphia. Ce design unique combine les propri\u00e9t\u00e9s protectrices de l&rsquo;aluminium avec la <strong>r\u00e9sistance structurelle<\/strong> du raphia, offrant une solution compl\u00e8te pour l&#8217;emballage et le transport de produits sensibles \u00e0 l&rsquo;humidit\u00e9 et \u00e0 la lumi\u00e8re.<\/p>\n<p>Malgr\u00e9 sa r\u00e9sistance, le mat\u00e9riau barri\u00e8re en aluminium avec raphia est l\u00e9ger, ce qui le rend <strong>facile \u00e0 manipuler<\/strong>. Il s&rsquo;adapte parfaitement aux produits de diff\u00e9rentes tailles, y compris les machines de grandes dimensions et de formes irr\u00e9guli\u00e8res.<\/p>\n<p>Le scellement herm\u00e9tique de l&rsquo;aluminium avec raphia cr\u00e9e un emballage <strong>imperm\u00e9able et \u00e9tanche<\/strong> de grande durabilit\u00e9. C&rsquo;est un emballage id\u00e9al pour diverses applications, notamment pour l&rsquo;exportation o\u00f9 un emballage r\u00e9sistant est n\u00e9cessaire pour <strong>garantir la s\u00e9curit\u00e9 des produits \u00e0 long terme<\/strong>.<\/p>\n<p>Pour quoi est con\u00e7u l&rsquo;aluminium avec raphia ?<\/p>\n<ul>\n<li>Il fournit une <strong>barri\u00e8re contre l&rsquo;humidit\u00e9<\/strong>, emp\u00eachant la d\u00e9t\u00e9rioration des produits.<\/li>\n<li>Il garantit une <strong>isolation lumineuse<\/strong>, parfait pour les produits susceptibles de se d\u00e9grader en raison d&rsquo;une exposition prolong\u00e9e \u00e0 la lumi\u00e8re du soleil.<\/li>\n<li><strong>Il prot\u00e8ge contre l&rsquo;oxydation<\/strong> gr\u00e2ce \u00e0 une fermeture herm\u00e9tique.<\/li>\n<li>Il offre une <strong>grande r\u00e9sistance m\u00e9canique<\/strong> \u00e0 la perforation et \u00e0 la d\u00e9chirure lors de la manipulation et du transport.<\/li>\n<li>La fusion d&rsquo;aluminium et de raphia conf\u00e8re \u00e0 l&#8217;emballage une plus grande <strong>stabilit\u00e9 structurelle<\/strong>, ce qui le rend appropri\u00e9 pour le transport de produits lourds ou volumineux n\u00e9cessitant un soutien suppl\u00e9mentaire.<\/li>\n<\/ul>\n<p>&nbsp;<\/p>\n<p>Lors de son utilisation, il peut \u00eatre combin\u00e9 avec des <a href=\"https:\/\/inviker.com\/fr\/anti-humidite-manipulation\/#elementor-tab-title-1371\">sacs d\u00e9shydratants<\/a> pour \u00e9liminer toute humidit\u00e9 r\u00e9siduelle. C&rsquo;est l&rsquo;option d&#8217;emballage primaire pr\u00e9f\u00e9r\u00e9e pour le transport de grandes machines \u00e0 l&rsquo;int\u00e9rieur de caisses en bois.<\/p>\n<p>Chez Inviker, nous proposons des films barri\u00e8res en aluminium sous forme de rouleaux, de feuilles pr\u00e9d\u00e9coup\u00e9es, ainsi que de pochettes ou sacs personnalis\u00e9s selon les besoins du client.<\/p>\n<p>Il r\u00e9pond aux exigences de qualit\u00e9 des certifications et normes MIL-PRF-131 K CLASS 1 et DEF STAN 81-75\/2 TYPE 1.<\/p>\n<h2>Accessoires compl\u00e9mentaires<\/h2>\n<p>Le scellage se fait \u00e0 l&rsquo;aide de pistolets thermosoudables \u2013 pinces thermiques pour le scellage de l&rsquo;aluminium en dimensions de 200, 300 ou 400 mm. Consultez-nous pour la disponibilit\u00e9 des pistolets de scellage.<\/p>\n","protected":false},"excerpt":{"rendered":"<p>Le complexe d&rsquo;aluminium renforc\u00e9 de raphia PE offre une <strong>barri\u00e8re<\/strong> <strong>tr\u00e8s efficace <\/strong>pour la protection des produits contre l&rsquo;humidit\u00e9 et la lumi\u00e8re. La combinaison des deux mat\u00e9riaux garantit une d\u00e9fense robuste contre les d\u00e9chirures et les perforations, tout en restant l\u00e9ger pour faciliter sa manipulation et son transport.<\/p>\n<p>C&rsquo;est un emballage<strong> id\u00e9al pour des pi\u00e8ces qui ont une grande valeur<\/strong>, y compris celles de formes irr\u00e9guli\u00e8res et de grande taille.<\/p>\n","protected":false},"featured_media":13152,"comment_status":"closed","ping_status":"closed","template":"","meta":{"_acf_changed":false},"product_brand":[],"product_cat":[110],"product_tag":[],"class_list":{"0":"post-13160","1":"product","2":"type-product","3":"status-publish","4":"has-post-thumbnail","6":"product_cat-aluminium-emballage","8":"first","9":"instock","10":"shipping-taxable","11":"product-type-simple"},"acf":[],"_links":{"self":[{"href":"https:\/\/inviker.com\/fr\/wp-json\/wp\/v2\/product\/13160","targetHints":{"allow":["GET"]}}],"collection":[{"href":"https:\/\/inviker.com\/fr\/wp-json\/wp\/v2\/product"}],"about":[{"href":"https:\/\/inviker.com\/fr\/wp-json\/wp\/v2\/types\/product"}],"replies":[{"embeddable":true,"href":"https:\/\/inviker.com\/fr\/wp-json\/wp\/v2\/comments?post=13160"}],"wp:featuredmedia":[{"embeddable":true,"href":"https:\/\/inviker.com\/fr\/wp-json\/wp\/v2\/media\/13152"}],"wp:attachment":[{"href":"https:\/\/inviker.com\/fr\/wp-json\/wp\/v2\/media?parent=13160"}],"wp:term":[{"taxonomy":"product_brand","embeddable":true,"href":"https:\/\/inviker.com\/fr\/wp-json\/wp\/v2\/product_brand?post=13160"},{"taxonomy":"product_cat","embeddable":true,"href":"https:\/\/inviker.com\/fr\/wp-json\/wp\/v2\/product_cat?post=13160"},{"taxonomy":"product_tag","embeddable":true,"href":"https:\/\/inviker.com\/fr\/wp-json\/wp\/v2\/product_tag?post=13160"}],"curies":[{"name":"wp","href":"https:\/\/api.w.org\/{rel}","templated":true}]}}