{"id":17583,"date":"2025-11-20T10:48:56","date_gmt":"2025-11-20T09:48:56","guid":{"rendered":"https:\/\/inviker.com\/?post_type=product&#038;p=17583"},"modified":"2025-11-24T11:16:35","modified_gmt":"2025-11-24T10:16:35","slug":"papier-avec-raphia-durable","status":"publish","type":"product","link":"https:\/\/inviker.com\/fr\/papier-emballage\/papier-avec-raphia-durable\/","title":{"rendered":"Papier avec raphia durable"},"content":{"rendered":"<p>La structure composite associe une couche de papier kraft \u00e0 une couche de raphia en poly\u00e9thyl\u00e8ne (PE). Cette combinaison offre une <strong>protection efficace<\/strong> contre l\u2019humidit\u00e9, l\u2019abrasion et les contraintes m\u00e9caniques, faisant de ce mat\u00e9riau une solution fiable pour des applications industrielles les plus exigeantes.<\/p>\n<h3>Caract\u00e9ristiques principales<\/h3>\n<ul>\n<li><strong>R\u00e9sistance \u00e0 la perforation et \u00e0 la d\u00e9chirure<\/strong>, id\u00e9ale pour l\u2019emballage de pi\u00e8ces m\u00e9talliques, de bobines et de charges dynamiques.<\/li>\n<li><strong>Imperm\u00e9abilit\u00e9 et barri\u00e8re \u00e0 l\u2019humidit\u00e9<\/strong>, adapt\u00e9es aux environnements logistiques exigeants et aux exp\u00e9ditions de longue distance.<\/li>\n<li>Capacit\u00e9 d\u2019absorption gr\u00e2ce \u00e0 la couche de papier, contribuant \u00e0 <strong>r\u00e9duire la condensation<\/strong> pendant le stockage et le transport.<\/li>\n<li><strong>100 % recyclable<\/strong> gr\u00e2ce \u00e0 la s\u00e9paration m\u00e9canique des couches, facilitant une gestion responsable des d\u00e9chets et la r\u00e9int\u00e9gration du mat\u00e9riau dans des cycles de production circulaires.<\/li>\n<\/ul>\n<h3><strong>Applications recommand\u00e9es<\/strong><\/h3>\n<ul>\n<li>Emballage de <strong>bobines, tubes, barres et t\u00f4les m\u00e9talliques<\/strong>.<\/li>\n<li>Rev\u00eatement int\u00e9rieur des<strong> caisses en bois<\/strong> destin\u00e9es \u00e0 l&rsquo;exportation.<\/li>\n<li><strong>Couche de base imperm\u00e9able<\/strong> pour les palettes en bois.<\/li>\n<li>Renforcement et <strong>protection sous cerclage<\/strong> pour les charges lourdes.<\/li>\n<li><strong>Emballage ext\u00e9rieur r\u00e9sistant<\/strong> pour composants industriels et pi\u00e8ces m\u00e9talliques.<\/li>\n<\/ul>\n<p>&nbsp;<\/p>\n<p>Il est principalement con\u00e7u pour les secteurs n\u00e9cessitant une protection renforc\u00e9e, tels que l\u2019automobile, la sid\u00e9rurgie, la m\u00e9tallurgie, la machinerie industrielle, la logistique technique et les fournitures industrielles.<\/p>\n<p>Il est disponible <strong>en rouleaux <\/strong>et <strong>en formats d\u00e9coup\u00e9s sur mesure<\/strong>, et s\u2019adapte parfaitement aux processus d\u2019emballage et aux lignes de production de chaque client.<\/p>\n","protected":false},"excerpt":{"rendered":"<p>Le papier plastifi\u00e9 avec du raphia 100 % recyclable est la nouvelle <strong>version durable<\/strong> du mat\u00e9riau traditionnel utilis\u00e9 dans l\u2019emballage industriel. Il conserve toute <strong>la r\u00e9sistance, l\u2019imperm\u00e9abilit\u00e9 et la fiabilit\u00e9<\/strong> n\u00e9cessaires dans des environnements exigeants. Il a \u00e9t\u00e9 con\u00e7u pour les entreprises souhaitant r\u00e9duire leur impact environnemental sans compromettre la protection de leurs produits.<\/p>\n<p>Sa structure permet <strong>de s\u00e9parer <\/strong>m\u00e9caniquement <strong>les diff\u00e9rentes couches du mat\u00e9riau<\/strong> apr\u00e8s utilisation, ce qui permet de r\u00e9introduire le mat\u00e9riau dans le cycle de production.<\/p>\n<p>Cette innovation a \u00e9t\u00e9 s\u00e9lectionn\u00e9 comme <strong>finaliste<\/strong> dans la cat\u00e9gorie Durabilit\u00e9 et \u00c9conomie circulaire aux <strong>Advanced Manufacturing Awards 2025<\/strong>.<\/p>\n","protected":false},"featured_media":17589,"comment_status":"open","ping_status":"closed","template":"","meta":{"_acf_changed":false},"product_brand":[],"product_cat":[90],"product_tag":[],"class_list":{"0":"post-17583","1":"product","2":"type-product","3":"status-publish","4":"has-post-thumbnail","6":"product_cat-papier-emballage","8":"first","9":"instock","10":"shipping-taxable","11":"product-type-simple"},"acf":[],"_links":{"self":[{"href":"https:\/\/inviker.com\/fr\/wp-json\/wp\/v2\/product\/17583","targetHints":{"allow":["GET"]}}],"collection":[{"href":"https:\/\/inviker.com\/fr\/wp-json\/wp\/v2\/product"}],"about":[{"href":"https:\/\/inviker.com\/fr\/wp-json\/wp\/v2\/types\/product"}],"replies":[{"embeddable":true,"href":"https:\/\/inviker.com\/fr\/wp-json\/wp\/v2\/comments?post=17583"}],"wp:featuredmedia":[{"embeddable":true,"href":"https:\/\/inviker.com\/fr\/wp-json\/wp\/v2\/media\/17589"}],"wp:attachment":[{"href":"https:\/\/inviker.com\/fr\/wp-json\/wp\/v2\/media?parent=17583"}],"wp:term":[{"taxonomy":"product_brand","embeddable":true,"href":"https:\/\/inviker.com\/fr\/wp-json\/wp\/v2\/product_brand?post=17583"},{"taxonomy":"product_cat","embeddable":true,"href":"https:\/\/inviker.com\/fr\/wp-json\/wp\/v2\/product_cat?post=17583"},{"taxonomy":"product_tag","embeddable":true,"href":"https:\/\/inviker.com\/fr\/wp-json\/wp\/v2\/product_tag?post=17583"}],"curies":[{"name":"wp","href":"https:\/\/api.w.org\/{rel}","templated":true}]}}