{"id":9349,"date":"2022-07-13T13:39:51","date_gmt":"2022-07-13T11:39:51","guid":{"rendered":"https:\/\/inviker.com\/?post_type=product&#038;p=9349"},"modified":"2024-06-13T10:05:51","modified_gmt":"2024-06-13T08:05:51","slug":"papier-vci","status":"publish","type":"product","link":"https:\/\/inviker.com\/fr\/emballage-anticorrosion-vci\/papier-vci\/","title":{"rendered":"Papier VCI"},"content":{"rendered":"<p>Le VCI utilis\u00e9 par Inviker est <strong>sans nitrite<\/strong>.<\/p>\n<p>Ce compos\u00e9 chimique s&rsquo;\u00e9vapore et se propage vers les zones les plus \u00e9loign\u00e9es du m\u00e9tal emball\u00e9, cr\u00e9ant une couche mol\u00e9culaire protectrice qui emp\u00eache tout contact avec des substances corrosives telles que l&rsquo;humidit\u00e9 ou l&rsquo;oxyg\u00e8ne.<\/p>\n<p>\u00c0 quoi sert le papier VCI?<\/p>\n<ul>\n<li>Il assure une <strong>protection \u00e0 long terme<\/strong> de l&rsquo;acier, de la fonte, du chrome, du cuivre, du laiton et du zinc.<\/li>\n<li>Il prot\u00e8ge les m\u00e9taux <strong>contre la corrosion<\/strong> pendant le transport.<\/li>\n<li>Il offre une protection suppl\u00e9mentaire pour le <strong>stockage<\/strong> des pi\u00e8ces m\u00e9talliques durant les diff\u00e9rentes \u00e9tapes de production.<\/li>\n<li>Le papier peut \u00eatre utilis\u00e9 comme s\u00e9parateur ou pour l&#8217;emballage des pi\u00e8ces individuelles.<\/li>\n<li>Il<strong> prolonge le cycle de vie<\/strong> des composants m\u00e9talliques et des machines<\/li>\n<li>Il est respectueux de l&rsquo;environnement et <strong>rentable<\/strong>.<\/li>\n<\/ul>\n<p>&nbsp;<\/p>\n<p>Le papier VCI est disponible avec un rev\u00eatement PE (poly\u00e9thyl\u00e8ne) pour emp\u00eacher l&rsquo;humidit\u00e9 de p\u00e9n\u00e9trer dans l&#8217;emballage.<\/p>\n<p>Il est disponible en papier lisse ou cr\u00eap\u00e9.<\/p>\n<p>Pour satisfaire les besoins des clients, Inviker fournit le papier VCI dans les formats et \u00e9paisseurs demand\u00e9s.<\/p>\n","protected":false},"excerpt":{"rendered":"<p>Le papier VCI est un emballage en papier kraft imbib\u00e9 de la substance d\u2019anticorrosion VCI (inhibiteur de corrosion volatile) qui<strong> prot\u00e8ge les m\u00e9taux contre la corrosion<\/strong> caus\u00e9e par des substances telles que l&rsquo;eau, l&rsquo;oxyg\u00e8ne et les polluants.<\/p>\n<p>Cet emballage est donc id\u00e9al pour prot\u00e9ger les produits m\u00e9talliques ou similaires lors du transport ainsi que le stockage ult\u00e9rieur. Son <strong>bon rapport qualit\u00e9-prix<\/strong> en fait un emballage tr\u00e8s utilis\u00e9 de nos jours.<\/p>\n","protected":false},"featured_media":6494,"comment_status":"open","ping_status":"closed","template":"","meta":{"_acf_changed":false},"product_brand":[],"product_cat":[87],"product_tag":[],"class_list":{"0":"post-9349","1":"product","2":"type-product","3":"status-publish","4":"has-post-thumbnail","6":"product_cat-emballage-anticorrosion-vci","8":"first","9":"instock","10":"shipping-taxable","11":"product-type-simple"},"acf":[],"_links":{"self":[{"href":"https:\/\/inviker.com\/fr\/wp-json\/wp\/v2\/product\/9349","targetHints":{"allow":["GET"]}}],"collection":[{"href":"https:\/\/inviker.com\/fr\/wp-json\/wp\/v2\/product"}],"about":[{"href":"https:\/\/inviker.com\/fr\/wp-json\/wp\/v2\/types\/product"}],"replies":[{"embeddable":true,"href":"https:\/\/inviker.com\/fr\/wp-json\/wp\/v2\/comments?post=9349"}],"wp:featuredmedia":[{"embeddable":true,"href":"https:\/\/inviker.com\/fr\/wp-json\/wp\/v2\/media\/6494"}],"wp:attachment":[{"href":"https:\/\/inviker.com\/fr\/wp-json\/wp\/v2\/media?parent=9349"}],"wp:term":[{"taxonomy":"product_brand","embeddable":true,"href":"https:\/\/inviker.com\/fr\/wp-json\/wp\/v2\/product_brand?post=9349"},{"taxonomy":"product_cat","embeddable":true,"href":"https:\/\/inviker.com\/fr\/wp-json\/wp\/v2\/product_cat?post=9349"},{"taxonomy":"product_tag","embeddable":true,"href":"https:\/\/inviker.com\/fr\/wp-json\/wp\/v2\/product_tag?post=9349"}],"curies":[{"name":"wp","href":"https:\/\/api.w.org\/{rel}","templated":true}]}}