{"id":9351,"date":"2022-07-14T13:49:40","date_gmt":"2022-07-14T11:49:40","guid":{"rendered":"https:\/\/inviker.com\/?post_type=product&#038;p=9351"},"modified":"2023-05-22T15:33:42","modified_gmt":"2023-05-22T13:33:42","slug":"papier-plastifie-vci","status":"publish","type":"product","link":"https:\/\/inviker.com\/fr\/emballage-anticorrosion-vci\/papier-plastifie-vci\/","title":{"rendered":"Papier plastifi\u00e9 VCI"},"content":{"rendered":"<p>Le VCI utilis\u00e9 par Inviker est <strong>sans nitrite<\/strong>.<\/p>\n<p>Ce compos\u00e9 chimique s&rsquo;\u00e9vapore et se propage vers les zones les plus \u00e9loign\u00e9es du m\u00e9tal emball\u00e9, cr\u00e9ant une couche mol\u00e9culaire protectrice qui emp\u00eache tout contact avec des substances corrosives telles que l&rsquo;humidit\u00e9 ou l&rsquo;oxyg\u00e8ne.<\/p>\n<p>En outre, le rev\u00eatement PE assure l&rsquo;imperm\u00e9abilit\u00e9, ce qui prolonge le cycle de vie des composants m\u00e9talliques et des machines emball\u00e9s.<\/p>\n<p>\u00c0 quoi sert le papier plastifi\u00e9 VCI?<\/p>\n<ul>\n<li>Il assure une<strong> protection \u00e0 long terme<\/strong> de l&rsquo;acier, de la fonte, du chrome, du cuivre, du laiton et du zinc.<\/li>\n<li>Il prot\u00e8ge les m\u00e9taux<strong> contre la corrosion <\/strong>pendant le transport.<\/li>\n<li>Il offre une protection suppl\u00e9mentaire pour le <strong>stockage<\/strong> des pi\u00e8ces m\u00e9talliques durant les diff\u00e9rentes \u00e9tapes de production.<\/li>\n<li>Il est utilis\u00e9 comme s\u00e9parateur des pi\u00e8ces individuelles.<\/li>\n<li>Il <strong>prolonge le cycle de vie <\/strong>des composants m\u00e9talliques et des machines.<\/li>\n<li>Il assure l&rsquo;<strong>imperm\u00e9abilit\u00e9<\/strong>.<\/li>\n<li>Il prot\u00e8ge contre l&rsquo;humidit\u00e9.<\/li>\n<\/ul>\n<p>&nbsp;<\/p>\n<p>Il est disponible en papier lisse ou cr\u00eap\u00e9.<\/p>\n<p>Pour satisfaire les besoins des clients, Inviker fournit le papier VCI en tube dans les formats et \u00e9paisseurs demand\u00e9s.<\/p>\n","protected":false},"excerpt":{"rendered":"<p>Le papier plastifi\u00e9 VCI est compos\u00e9 d&rsquo;un papier kraft avec un traitement anticorrosion VCI (inhibiteur de corrosion volatile) et d&rsquo;une couche lamin\u00e9e en PE (poly\u00e9thyl\u00e8ne) qui assure la <strong>protection \u00e0 long terme contre la corrosion<\/strong> pendant le transport et le stockage.<\/p>\n<p>Ce complexe offre une protection de haut niveau contre les agents ext\u00e9rieurs. Son <strong>bon rapport qualit\u00e9-prix <\/strong>en fait un emballage tr\u00e8s utilis\u00e9 de nos jours.<\/p>\n","protected":false},"featured_media":6512,"comment_status":"open","ping_status":"closed","template":"","meta":{"_acf_changed":false},"product_brand":[],"product_cat":[87],"product_tag":[],"class_list":{"0":"post-9351","1":"product","2":"type-product","3":"status-publish","4":"has-post-thumbnail","6":"product_cat-emballage-anticorrosion-vci","8":"first","9":"instock","10":"shipping-taxable","11":"product-type-simple"},"acf":[],"_links":{"self":[{"href":"https:\/\/inviker.com\/fr\/wp-json\/wp\/v2\/product\/9351","targetHints":{"allow":["GET"]}}],"collection":[{"href":"https:\/\/inviker.com\/fr\/wp-json\/wp\/v2\/product"}],"about":[{"href":"https:\/\/inviker.com\/fr\/wp-json\/wp\/v2\/types\/product"}],"replies":[{"embeddable":true,"href":"https:\/\/inviker.com\/fr\/wp-json\/wp\/v2\/comments?post=9351"}],"wp:featuredmedia":[{"embeddable":true,"href":"https:\/\/inviker.com\/fr\/wp-json\/wp\/v2\/media\/6512"}],"wp:attachment":[{"href":"https:\/\/inviker.com\/fr\/wp-json\/wp\/v2\/media?parent=9351"}],"wp:term":[{"taxonomy":"product_brand","embeddable":true,"href":"https:\/\/inviker.com\/fr\/wp-json\/wp\/v2\/product_brand?post=9351"},{"taxonomy":"product_cat","embeddable":true,"href":"https:\/\/inviker.com\/fr\/wp-json\/wp\/v2\/product_cat?post=9351"},{"taxonomy":"product_tag","embeddable":true,"href":"https:\/\/inviker.com\/fr\/wp-json\/wp\/v2\/product_tag?post=9351"}],"curies":[{"name":"wp","href":"https:\/\/api.w.org\/{rel}","templated":true}]}}