{"id":9352,"date":"2022-07-14T13:54:54","date_gmt":"2022-07-14T11:54:54","guid":{"rendered":"https:\/\/inviker.com\/?post_type=product&#038;p=9352"},"modified":"2023-05-22T15:32:35","modified_gmt":"2023-05-22T13:32:35","slug":"papier-crepe-vci","status":"publish","type":"product","link":"https:\/\/inviker.com\/fr\/emballage-anticorrosion-vci\/papier-crepe-vci\/","title":{"rendered":"Papier cr\u00eap\u00e9 VCI"},"content":{"rendered":"<p>Le VCI utilis\u00e9 par Inviker est<strong> sans nitrite<\/strong>.<\/p>\n<p>Ce compos\u00e9 chimique s&rsquo;\u00e9vapore et se propage vers les zones les plus \u00e9loign\u00e9es du m\u00e9tal emball\u00e9, cr\u00e9ant une couche mol\u00e9culaire protectrice qui emp\u00eache tout contact avec des substances corrosives telles que l&rsquo;humidit\u00e9 ou l&rsquo;oxyg\u00e8ne.<\/p>\n<p>Le froissement du papier augmente <strong>son \u00e9lasticit\u00e9 et flexibilit\u00e9<\/strong>, permettant ainsi la cr\u00e9ation d&rsquo;un <strong>effet de rembourrage<\/strong> pour une protection accrue des \u00e9l\u00e9ments emball\u00e9s.<\/p>\n<p>\u00c0 quoi sert le papier cr\u00eap\u00e9 VCI?<\/p>\n<ul>\n<li>Il est utile pour emballer les <strong>pi\u00e8ces de formes irr\u00e9guli\u00e8res<\/strong>.<\/li>\n<li>Il offre une protection suppl\u00e9mentaire pour le <strong>stockage<\/strong> des pi\u00e8ces m\u00e9talliques durant les diff\u00e9rentes \u00e9tapes de production.<\/li>\n<li>Le papier peut \u00eatre utilis\u00e9 comme s\u00e9parateur ou bien pour l\u2019emballage des pi\u00e8ces individuelles.<\/li>\n<\/ul>\n<p>&nbsp;<\/p>\n<p>Il est disponible avec une couche ext\u00e9rieure en PE (poly\u00e9thyl\u00e8ne) pour emp\u00eacher l&rsquo;humidit\u00e9 de p\u00e9n\u00e9trer dans l&#8217;emballage<\/p>\n<p>Il est m\u00eame disponible en papier lisse ou cr\u00eap\u00e9.<\/p>\n<p>Pour satisfaire les besoins des clients, Inviker fournit le papier cr\u00eap\u00e9 VCI dans les diff\u00e9rents grammages, allongements et largeurs demand\u00e9s.<\/p>\n","protected":false},"excerpt":{"rendered":"<p>Le papier cr\u00eap\u00e9 VCI est un papier froiss\u00e9, lui donnant une forme d&rsquo;accord\u00e9on avec un traitement anticorrosion VCI (inhibiteur de corrosion volatile). Ce mat\u00e9riau garantit une<strong> protection \u00e0 long terme contre la corrosion<\/strong> pendant le transport et le stockage.<\/p>\n<p><strong>Sa flexibilit\u00e9 et ses propri\u00e9t\u00e9s absorbantes des chocs<\/strong> le rendent id\u00e9al pour l\u2019emballage des pi\u00e8ces ou des produits de forme irr\u00e9guli\u00e8re. Il est \u00e9galement largement utilis\u00e9 comme s\u00e9parateur des pi\u00e8ces.<\/p>\n","protected":false},"featured_media":6500,"comment_status":"open","ping_status":"closed","template":"","meta":{"_acf_changed":false},"product_brand":[],"product_cat":[87],"product_tag":[],"class_list":{"0":"post-9352","1":"product","2":"type-product","3":"status-publish","4":"has-post-thumbnail","6":"product_cat-emballage-anticorrosion-vci","8":"first","9":"instock","10":"shipping-taxable","11":"product-type-simple"},"acf":[],"_links":{"self":[{"href":"https:\/\/inviker.com\/fr\/wp-json\/wp\/v2\/product\/9352","targetHints":{"allow":["GET"]}}],"collection":[{"href":"https:\/\/inviker.com\/fr\/wp-json\/wp\/v2\/product"}],"about":[{"href":"https:\/\/inviker.com\/fr\/wp-json\/wp\/v2\/types\/product"}],"replies":[{"embeddable":true,"href":"https:\/\/inviker.com\/fr\/wp-json\/wp\/v2\/comments?post=9352"}],"wp:featuredmedia":[{"embeddable":true,"href":"https:\/\/inviker.com\/fr\/wp-json\/wp\/v2\/media\/6500"}],"wp:attachment":[{"href":"https:\/\/inviker.com\/fr\/wp-json\/wp\/v2\/media?parent=9352"}],"wp:term":[{"taxonomy":"product_brand","embeddable":true,"href":"https:\/\/inviker.com\/fr\/wp-json\/wp\/v2\/product_brand?post=9352"},{"taxonomy":"product_cat","embeddable":true,"href":"https:\/\/inviker.com\/fr\/wp-json\/wp\/v2\/product_cat?post=9352"},{"taxonomy":"product_tag","embeddable":true,"href":"https:\/\/inviker.com\/fr\/wp-json\/wp\/v2\/product_tag?post=9352"}],"curies":[{"name":"wp","href":"https:\/\/api.w.org\/{rel}","templated":true}]}}