{"id":9353,"date":"2022-07-18T11:15:26","date_gmt":"2022-07-18T09:15:26","guid":{"rendered":"https:\/\/inviker.com\/?post_type=product&#038;p=9353"},"modified":"2023-05-22T15:29:59","modified_gmt":"2023-05-22T13:29:59","slug":"papier-crepe-plastifie-vci","status":"publish","type":"product","link":"https:\/\/inviker.com\/fr\/emballage-anticorrosion-vci\/papier-crepe-plastifie-vci\/","title":{"rendered":"Papier cr\u00eap\u00e9 plastifi\u00e9 VCI"},"content":{"rendered":"<p>Le VCI utilis\u00e9 par Inviker est <strong>sans nitrite<\/strong>.<\/p>\n<p>Ce compos\u00e9 chimique s&rsquo;\u00e9vapore et se propage vers les zones les plus \u00e9loign\u00e9es du m\u00e9tal emball\u00e9, cr\u00e9ant une couche mol\u00e9culaire protectrice qui emp\u00eache tout contact avec des substances corrosives telles que l&rsquo;humidit\u00e9 ou l&rsquo;oxyg\u00e8ne.<\/p>\n<p>Le papier cr\u00eap\u00e9 naturel est un mat\u00e9riau froiss\u00e9 en forme d&rsquo;accord\u00e9on.<\/p>\n<p>Ce complexe dot\u00e9 d&rsquo;un traitement VCI offre une barri\u00e8re de protection remarquable contre l&rsquo;eau et les graisses.<\/p>\n<p>\u00c0 quoi sert le papier cr\u00eap\u00e9 VCI?<\/p>\n<ul>\n<li>Il est pratique pour emballer les <strong>pi\u00e8ces de formes irr\u00e9guli\u00e8res<\/strong>.<\/li>\n<li>Il offre une protection suppl\u00e9mentaire pour le <strong>stockage<\/strong> des pi\u00e8ces m\u00e9talliques durant les diff\u00e9rentes \u00e9tapes de production.<\/li>\n<li>La couche ext\u00e9rieure en PE rend l&#8217;emballage <strong>imperm\u00e9able<\/strong>.<\/li>\n<li>Le papier peut \u00eatre utilis\u00e9 comme s\u00e9parateur ou bien pour l\u2019emballage des pi\u00e8ces individuelles.<\/li>\n<\/ul>\n<p>&nbsp;<\/p>\n<p>Il est \u00e9galement disponible avec un renfort en maille pour offrir une plus grande r\u00e9sistance aux d\u00e9chirures<\/p>\n<p>Pour satisfaire les besoins des clients, Inviker fournit le papier cr\u00eap\u00e9 VCI dans les diff\u00e9rents grammages, allongements et largeurs demand\u00e9s.<\/p>\n","protected":false},"excerpt":{"rendered":"<p>Le papier cr\u00eap\u00e9 lamin\u00e9 VCI est un papier dont une face est recouverte d&rsquo;une couche de PE (poly\u00e9thyl\u00e8ne). En outre, ce produit est trait\u00e9 avec VCI (inhibiteur de corrosion volatile) pour assurer une <strong>protection \u00e0 long terme contre la corrosion <\/strong>pendant le transport et le stockage.<\/p>\n<p>Le froissement lui donne au papier une <strong>plus grande \u00e9lasticit\u00e9 et flexibilit\u00e9<\/strong>, \u00e9tant capable de cr\u00e9er un <strong>effet de rembourrage<\/strong> qui prot\u00e8ge les mat\u00e9riaux emball\u00e9s. Quant \u00e0 la couche de PE, il assure l&rsquo;<strong>imperm\u00e9abilit\u00e9<\/strong>, prolongeant ainsi la dur\u00e9e de vie de l&#8217;emballage.<\/p>\n<p>Ce papier convient parfaitement \u00e0 l&#8217;emballage de pi\u00e8ces m\u00e9talliques de grande valeur.<\/p>\n","protected":false},"featured_media":0,"comment_status":"open","ping_status":"closed","template":"","meta":{"_acf_changed":false},"product_brand":[],"product_cat":[87],"product_tag":[],"class_list":{"0":"post-9353","1":"product","2":"type-product","3":"status-publish","5":"product_cat-emballage-anticorrosion-vci","7":"first","8":"instock","9":"shipping-taxable","10":"product-type-simple"},"acf":[],"_links":{"self":[{"href":"https:\/\/inviker.com\/fr\/wp-json\/wp\/v2\/product\/9353","targetHints":{"allow":["GET"]}}],"collection":[{"href":"https:\/\/inviker.com\/fr\/wp-json\/wp\/v2\/product"}],"about":[{"href":"https:\/\/inviker.com\/fr\/wp-json\/wp\/v2\/types\/product"}],"replies":[{"embeddable":true,"href":"https:\/\/inviker.com\/fr\/wp-json\/wp\/v2\/comments?post=9353"}],"wp:attachment":[{"href":"https:\/\/inviker.com\/fr\/wp-json\/wp\/v2\/media?parent=9353"}],"wp:term":[{"taxonomy":"product_brand","embeddable":true,"href":"https:\/\/inviker.com\/fr\/wp-json\/wp\/v2\/product_brand?post=9353"},{"taxonomy":"product_cat","embeddable":true,"href":"https:\/\/inviker.com\/fr\/wp-json\/wp\/v2\/product_cat?post=9353"},{"taxonomy":"product_tag","embeddable":true,"href":"https:\/\/inviker.com\/fr\/wp-json\/wp\/v2\/product_tag?post=9353"}],"curies":[{"name":"wp","href":"https:\/\/api.w.org\/{rel}","templated":true}]}}