{"id":9354,"date":"2022-07-14T14:17:50","date_gmt":"2022-07-14T12:17:50","guid":{"rendered":"https:\/\/inviker.com\/?post_type=product&#038;p=9354"},"modified":"2024-03-13T11:36:45","modified_gmt":"2024-03-13T10:36:45","slug":"plastique-a-bulles-vci","status":"publish","type":"product","link":"https:\/\/inviker.com\/fr\/emballage-anticorrosion-vci\/plastique-a-bulles-vci\/","title":{"rendered":"Plastique \u00e0 bulles VCI"},"content":{"rendered":"<p>Le VCI utilis\u00e9 par Inviker est <strong>sans nitrite<\/strong>.<\/p>\n<p>Ce compos\u00e9 chimique s&rsquo;\u00e9vapore et se propage vers les zones les plus \u00e9loign\u00e9es du m\u00e9tal emball\u00e9, cr\u00e9ant une couche mol\u00e9culaire protectrice qui emp\u00eache tout contact avec des substances corrosives telles que l&rsquo;humidit\u00e9 ou l&rsquo;oxyg\u00e8ne.<\/p>\n<p>Le plastique \u00e0 bulles, \u00e9galement connu sous le nom de film alv\u00e9ol\u00e9, est constitu\u00e9 de deux fines feuilles de plastique PE: l&rsquo;une est plate, tandis que l&rsquo;autre est textur\u00e9e avec des bulles d&rsquo;air r\u00e9guli\u00e8rement espac\u00e9es. Cette couche de bulles est compl\u00e9t\u00e9e par une feuille suppl\u00e9mentaire de plastique PE avec un traitement anticorrosion VCI.<\/p>\n<p>C&rsquo;est un excellent mat\u00e9riau d&#8217;emballage en raison de sa <strong>flexibilit\u00e9<\/strong>. Il peut \u00eatre d\u00e9form\u00e9 sans se d\u00e9chirer. Il est <strong>transparent, r\u00e9sistant et l\u00e9ger<\/strong>. Il est particuli\u00e8rement adapt\u00e9 pour r\u00e9duire l\u2019impact des chocs et prot\u00e9ger les objets d\u00e9licats et fragiles.<\/p>\n<p>Quel est l&rsquo;objectif du plastique \u00e0 bulles VCI pour l&#8217;emballage?<\/p>\n<ul>\n<li>Il offre une<strong> protection<\/strong> de haute performance pour tous les types de surfaces.<\/li>\n<li>Il assure un <strong>rembourrage<\/strong>.<\/li>\n<li>Il prot\u00e8ge les m\u00e9taux <strong>contre la corrosion<\/strong> pendant le transport.<\/li>\n<li>Il offre une protection suppl\u00e9mentaire lors du <strong>stockage<\/strong> durant les diff\u00e9rentes \u00e9tapes de production.<\/li>\n<li>Il est particuli\u00e8rement adapt\u00e9 pour <strong>absorber les \u00e9ventuels impacts <\/strong>sur les objets d\u00e9licats et fragiles.<\/li>\n<li><strong>100% recyclable<\/strong>.<\/li>\n<\/ul>\n<p>&nbsp;<\/p>\n<p>Pour satisfaire les besoins des clients, notre plastique \u00e0 bulles VCI est fourni dans les mesures demand\u00e9s.<\/p>\n<p>Il est fourni sous forme de rouleaux de film \u00e0 bulles VCI et sous forme de sacs sur mesure.<\/p>\n","protected":false},"excerpt":{"rendered":"<p>Le plastique \u00e0 bulles VCI est un mat\u00e9riau PE (poly\u00e9thyl\u00e8ne) impr\u00e9gn\u00e9 d\u2019un inhibiteur de corrosion volatile (VCI) qui prot\u00e8ge le produit emball\u00e9 des substances corrosives pendant le transport et le stockage.<\/p>\n<p>Ce film est parfait pour transporter des produits m\u00e9talliques car il fournit une <strong>double protection, \u00e0 la fois contre la corrosion et contre les impacts et frottements<\/strong> qui peuvent se produire pendant le transport.<\/p>\n","protected":false},"featured_media":12376,"comment_status":"open","ping_status":"closed","template":"","meta":{"_acf_changed":false},"product_brand":[],"product_cat":[87],"product_tag":[],"class_list":{"0":"post-9354","1":"product","2":"type-product","3":"status-publish","4":"has-post-thumbnail","6":"product_cat-emballage-anticorrosion-vci","8":"first","9":"instock","10":"shipping-taxable","11":"product-type-simple"},"acf":[],"_links":{"self":[{"href":"https:\/\/inviker.com\/fr\/wp-json\/wp\/v2\/product\/9354","targetHints":{"allow":["GET"]}}],"collection":[{"href":"https:\/\/inviker.com\/fr\/wp-json\/wp\/v2\/product"}],"about":[{"href":"https:\/\/inviker.com\/fr\/wp-json\/wp\/v2\/types\/product"}],"replies":[{"embeddable":true,"href":"https:\/\/inviker.com\/fr\/wp-json\/wp\/v2\/comments?post=9354"}],"wp:featuredmedia":[{"embeddable":true,"href":"https:\/\/inviker.com\/fr\/wp-json\/wp\/v2\/media\/12376"}],"wp:attachment":[{"href":"https:\/\/inviker.com\/fr\/wp-json\/wp\/v2\/media?parent=9354"}],"wp:term":[{"taxonomy":"product_brand","embeddable":true,"href":"https:\/\/inviker.com\/fr\/wp-json\/wp\/v2\/product_brand?post=9354"},{"taxonomy":"product_cat","embeddable":true,"href":"https:\/\/inviker.com\/fr\/wp-json\/wp\/v2\/product_cat?post=9354"},{"taxonomy":"product_tag","embeddable":true,"href":"https:\/\/inviker.com\/fr\/wp-json\/wp\/v2\/product_tag?post=9354"}],"curies":[{"name":"wp","href":"https:\/\/api.w.org\/{rel}","templated":true}]}}