{"id":9355,"date":"2022-07-14T14:13:49","date_gmt":"2022-07-14T12:13:49","guid":{"rendered":"https:\/\/inviker.com\/?post_type=product&#038;p=9355"},"modified":"2025-12-15T09:15:50","modified_gmt":"2025-12-15T08:15:50","slug":"feuilles-vci","status":"publish","type":"product","link":"https:\/\/inviker.com\/fr\/emballage-anticorrosion-vci\/feuilles-vci\/","title":{"rendered":"Feuilles VCI"},"content":{"rendered":"<p>Le VCI utilis\u00e9 par Inviker est <strong>sans nitrite<\/strong>.<\/p>\n<p>Ce compos\u00e9 chimique s&rsquo;\u00e9vapore et se propage vers les zones les plus \u00e9loign\u00e9es du m\u00e9tal emball\u00e9, cr\u00e9ant une couche mol\u00e9culaire protectrice qui emp\u00eache tout contact avec des substances corrosives telles que l&rsquo;humidit\u00e9 ou l&rsquo;oxyg\u00e8ne.<\/p>\n<p>Le plastique VCI assure la <strong>protection des m\u00e9taux par un contact direct et par les effets de la vapeur <\/strong>durant le stockage et le transport. Le VCI est incorpor\u00e9 directement dans le film en poly\u00e9thyl\u00e8ne sans application superficielle.<\/p>\n<p>Par cons\u00e9quent, les inhibiteurs volatils et de contact garantissent une <strong>protection \u00e0 long terme contre la corrosion.<\/strong><\/p>\n<p>Quelles sont les <strong>avantages<\/strong> d\u2019utiliser les feuilles en plastique VCI ?<\/p>\n<ul>\n<li>Ils assurent une protection fiable \u00e0 long terme contre la corrosion pour vos produits.<\/li>\n<li>Ils contribuent \u00e0 des \u00e9conomies pour votre entreprise<\/li>\n<li>Ils sont respectueux de l&rsquo;environnement et recyclables.<\/li>\n<li>Son utilisation ne pr\u00e9sente aucun danger ni pour la sant\u00e9 ni pour la s\u00e9curit\u00e9.<\/li>\n<li>Ils suppriment la n\u00e9cessit\u00e9 d&rsquo;utiliser des huiles et graisses de protection ainsi que de nettoyer les pi\u00e8ces d\u00e9tach\u00e9es avant l&rsquo;assemblage ou l&rsquo;utilisation du composant.<\/li>\n<li>Ils sont approuv\u00e9s par les principaux leaders mondiaux de l&rsquo;industrie automobile.<\/li>\n<\/ul>\n<p><strong>Caract\u00e9ristiques<\/strong> des feuilles en plastique VCI :<\/p>\n<ul>\n<li>Transparents &#8211; pour une visualisation facile des produits emball\u00e9s.<\/li>\n<li>Durable.<\/li>\n<li>Recycclables.<\/li>\n<li>Sans nitrite.<\/li>\n<li>R\u00e9sistants \u00e0 la perforation et \u00e0 la temp\u00e9rature.<\/li>\n<li>Disponibles en diff\u00e9rents mod\u00e8les et \u00e9paisseurs.<\/li>\n<\/ul>\n<p>Domaine d<strong>\u2019application<\/strong> des feuilles en plastique en VCI :<\/p>\n<ul>\n<li>Ils sont appropri\u00e9s pour les pi\u00e8ces m\u00e9talliques s\u00e8ches en fer.<\/li>\n<li>Ils sont appropri\u00e9s pour un usage en contact avec des aliments.<\/li>\n<li>Ils sont appropri\u00e9s comme emballage int\u00e9gral ou comme protection en contact.<\/li>\n<li>Ils sont parfaits pour prot\u00e9ger l&rsquo;acier, l&rsquo;acier galvanis\u00e9, l&rsquo;aluminium, le cuivre et le laiton.<\/li>\n<\/ul>\n","protected":false},"excerpt":{"rendered":"<p>Les feuilles en plastique VCI sont con\u00e7ues \u00e0 partir d&rsquo;un film en poly\u00e9thyl\u00e8ne impr\u00e9gn\u00e9 d&rsquo;un inhibiteur de corrosion volatile (VCI). Ils sont id\u00e9als pour la <strong>protection \u00e0 long terme des m\u00e9taux contre la corrosion<\/strong> pendant le stockage et le transport.<\/p>\n<p>Les feuilles en plastique avec VCI sont cr\u00e9\u00e9s et produites pour satisfaire \u00e0 100% les besoins sp\u00e9cifiques de chaque client.<\/p>\n","protected":false},"featured_media":6524,"comment_status":"open","ping_status":"closed","template":"","meta":{"_acf_changed":false},"product_brand":[],"product_cat":[87],"product_tag":[],"class_list":{"0":"post-9355","1":"product","2":"type-product","3":"status-publish","4":"has-post-thumbnail","6":"product_cat-emballage-anticorrosion-vci","8":"first","9":"instock","10":"shipping-taxable","11":"product-type-simple"},"acf":[],"_links":{"self":[{"href":"https:\/\/inviker.com\/fr\/wp-json\/wp\/v2\/product\/9355","targetHints":{"allow":["GET"]}}],"collection":[{"href":"https:\/\/inviker.com\/fr\/wp-json\/wp\/v2\/product"}],"about":[{"href":"https:\/\/inviker.com\/fr\/wp-json\/wp\/v2\/types\/product"}],"replies":[{"embeddable":true,"href":"https:\/\/inviker.com\/fr\/wp-json\/wp\/v2\/comments?post=9355"}],"wp:featuredmedia":[{"embeddable":true,"href":"https:\/\/inviker.com\/fr\/wp-json\/wp\/v2\/media\/6524"}],"wp:attachment":[{"href":"https:\/\/inviker.com\/fr\/wp-json\/wp\/v2\/media?parent=9355"}],"wp:term":[{"taxonomy":"product_brand","embeddable":true,"href":"https:\/\/inviker.com\/fr\/wp-json\/wp\/v2\/product_brand?post=9355"},{"taxonomy":"product_cat","embeddable":true,"href":"https:\/\/inviker.com\/fr\/wp-json\/wp\/v2\/product_cat?post=9355"},{"taxonomy":"product_tag","embeddable":true,"href":"https:\/\/inviker.com\/fr\/wp-json\/wp\/v2\/product_tag?post=9355"}],"curies":[{"name":"wp","href":"https:\/\/api.w.org\/{rel}","templated":true}]}}