{"id":9357,"date":"2022-07-14T14:15:22","date_gmt":"2022-07-14T12:15:22","guid":{"rendered":"https:\/\/inviker.com\/?post_type=product&#038;p=9357"},"modified":"2023-05-22T15:31:58","modified_gmt":"2023-05-22T13:31:58","slug":"film-etirable-vci","status":"publish","type":"product","link":"https:\/\/inviker.com\/fr\/emballage-anticorrosion-vci\/film-etirable-vci\/","title":{"rendered":"Film \u00e9tirable VCI"},"content":{"rendered":"<p>Le VCI utilis\u00e9 par Inviker est <strong>sans nitrite<\/strong>.<\/p>\n<p>Ce compos\u00e9 chimique s&rsquo;\u00e9vapore et se propage vers les zones les plus \u00e9loign\u00e9es du m\u00e9tal emball\u00e9, cr\u00e9ant une couche mol\u00e9culaire protectrice qui emp\u00eache tout contact avec des substances corrosives telles que l&rsquo;humidit\u00e9 ou l&rsquo;oxyg\u00e8ne.<\/p>\n<p>Le film \u00e9tirable VCI manuel et automatique maintient <strong>ses hautes propri\u00e9t\u00e9s d&rsquo;\u00e9tirement et de r\u00e9sistance<\/strong> comparables \u00e0 celles d&rsquo;un film \u00e9tirable traditionnel, tout en <strong>s&rsquo;adaptant parfaitement <\/strong>\u00e0 la forme des pi\u00e8ces.<\/p>\n<p><strong>Film \u00e9tirable MANUEL<\/strong><\/p>\n<p>Film \u00e9tirable en bobines de 25 ou 50 cm de large et d&rsquo;un poids de 2 \u00e0 3 kg pour une utilisation manuelle.<\/p>\n<p>Ce format standard est utilis\u00e9 universellement pour l&#8217;emballage manuel des palettes et offre une <strong>protection fiable<\/strong> des charges pendant le transport et le stockage. Ce film est facile \u00e0 utiliser et <strong>r\u00e9sistant aux d\u00e9chirures<\/strong>.<\/p>\n<p>Sa<strong> flexibilit\u00e9<\/strong> le rend id\u00e9al pour envelopper les produits palettis\u00e9s avec des angles droits.<\/p>\n<p><strong>Film \u00e9tirable AUTOMATIQUE<\/strong><\/p>\n<p>Notre film \u00e9tirable automatique standard pr\u00e9sente des performances exceptionnelles. Avec une <strong>capacit\u00e9 d&rsquo;\u00e9tirement de 220%<\/strong>, il offre une performance remarquable permettant ainsi \u00e0 l&rsquo;utilisateur de r\u00e9aliser des \u00e9conomies importantes.<\/p>\n<p>En outre, l&rsquo;utilisation de mati\u00e8res premi\u00e8res de premi\u00e8re qualit\u00e9 garantit l&rsquo;<strong>absence de d\u00e9chirure<\/strong> lors de l&rsquo;application du film par la banderoleuse automatique.<\/p>\n<p>&nbsp;<\/p>\n<p>Le film \u00e9tirable VCI peut \u00eatre personnalis\u00e9 avec le logo du client.<\/p>\n<p>Pour satisfaire les besoins des clients, Inviker fournit le mat\u00e9riel dans les dimensions et les \u00e9paisseurs demand\u00e9es.<\/p>\n","protected":false},"excerpt":{"rendered":"<p>Le film \u00e9tirable VCI est utilis\u00e9 pour l&#8217;emballage de pi\u00e8ces ou de mat\u00e9riel sur des palettes de produits m\u00e9talliques qui n\u00e9cessitent une <strong>protection contre la corrosion<\/strong>. Le traitement anticorrosion VCI (inhibiteur de corrosion volatile) forme un film protecteur autour du produit, emp\u00eachant l&rsquo;oxydation pendant le stockage et le transport.<\/p>\n<p>Le film VCI est conseill\u00e9 pour l&#8217;emballage de produits m\u00e9talliques en raison de sa capacit\u00e9 \u00e0 emp\u00eacher leur d\u00e9gradation et \u00e0 <strong>pr\u00e9server intactes leurs propri\u00e9t\u00e9s m\u00e9caniques et chimiques<\/strong>.<\/p>\n<p>Facile \u00e0 utiliser et adaptable, il <strong>convient \u00e0 une utilisation manuelle ou automatis\u00e9e<\/strong>.<\/p>\n","protected":false},"featured_media":6536,"comment_status":"open","ping_status":"closed","template":"","meta":{"_acf_changed":false},"product_brand":[],"product_cat":[87],"product_tag":[],"class_list":{"0":"post-9357","1":"product","2":"type-product","3":"status-publish","4":"has-post-thumbnail","6":"product_cat-emballage-anticorrosion-vci","8":"first","9":"instock","10":"shipping-taxable","11":"product-type-simple"},"acf":[],"_links":{"self":[{"href":"https:\/\/inviker.com\/fr\/wp-json\/wp\/v2\/product\/9357","targetHints":{"allow":["GET"]}}],"collection":[{"href":"https:\/\/inviker.com\/fr\/wp-json\/wp\/v2\/product"}],"about":[{"href":"https:\/\/inviker.com\/fr\/wp-json\/wp\/v2\/types\/product"}],"replies":[{"embeddable":true,"href":"https:\/\/inviker.com\/fr\/wp-json\/wp\/v2\/comments?post=9357"}],"wp:featuredmedia":[{"embeddable":true,"href":"https:\/\/inviker.com\/fr\/wp-json\/wp\/v2\/media\/6536"}],"wp:attachment":[{"href":"https:\/\/inviker.com\/fr\/wp-json\/wp\/v2\/media?parent=9357"}],"wp:term":[{"taxonomy":"product_brand","embeddable":true,"href":"https:\/\/inviker.com\/fr\/wp-json\/wp\/v2\/product_brand?post=9357"},{"taxonomy":"product_cat","embeddable":true,"href":"https:\/\/inviker.com\/fr\/wp-json\/wp\/v2\/product_cat?post=9357"},{"taxonomy":"product_tag","embeddable":true,"href":"https:\/\/inviker.com\/fr\/wp-json\/wp\/v2\/product_tag?post=9357"}],"curies":[{"name":"wp","href":"https:\/\/api.w.org\/{rel}","templated":true}]}}