{"id":9358,"date":"2022-07-14T14:16:58","date_gmt":"2022-07-14T12:16:58","guid":{"rendered":"https:\/\/inviker.com\/?post_type=product&#038;p=9358"},"modified":"2023-05-22T15:31:49","modified_gmt":"2023-05-22T13:31:49","slug":"film-etirable-vci-avec-renforcement","status":"publish","type":"product","link":"https:\/\/inviker.com\/fr\/emballage-anticorrosion-vci\/film-etirable-vci-avec-renforcement\/","title":{"rendered":"Film \u00e9tirable VCI avec renforcement"},"content":{"rendered":"<p>Le VCI utilis\u00e9 par Inviker est <strong>sans nitrite<\/strong>.<\/p>\n<p>Ce compos\u00e9 chimique s&rsquo;\u00e9vapore et se propage vers les zones les plus \u00e9loign\u00e9es du m\u00e9tal emball\u00e9, cr\u00e9ant une couche mol\u00e9culaire protectrice qui emp\u00eache tout contact avec des substances corrosives telles que l&rsquo;humidit\u00e9 ou l&rsquo;oxyg\u00e8ne.<\/p>\n<p>La pr\u00e9sence d&rsquo;une maille de renforcement r\u00e9duit le pr\u00e9-\u00e9tirement du film tout en <strong>augmentant sa r\u00e9sistance m\u00e9canique \u00e0 la traction<\/strong> ce qui permet de r\u00e9duire le nombre de couches de film n\u00e9cessaires pour atteindre la r\u00e9sistance requise.<\/p>\n<p>L&rsquo;ajout du filet int\u00e9rieur permet de <strong>r\u00e9duire les co\u00fbts<\/strong> et l&rsquo;impact environnemental de l&#8217;emballage gr\u00e2ce \u00e0 la r\u00e9duction de l&rsquo;\u00e9paisseur du plastique n\u00e9cessaire.<\/p>\n<p>Le film \u00e9tirable renforc\u00e9 VCI est id\u00e9al pour l&#8217;emballage de produits m\u00e9talliques o\u00f9 une r\u00e9sistance et protection suppl\u00e9mentaires sont n\u00e9cessaires. Le traitement VCI emp\u00eache la d\u00e9t\u00e9rioration des pi\u00e8ces et<strong> pr\u00e9serve intactes leurs propri\u00e9t\u00e9s m\u00e9caniques et chimiques<\/strong>.<\/p>\n<p><strong>Film \u00e9tirable AUTOMATIQUE<\/strong><\/p>\n<p>Notre film \u00e9tirable automatique standard offre des performances exceptionnelles. Cela implique une performance plus \u00e9lev\u00e9e et, par cons\u00e9quent, des \u00e9conomies plus importantes pour le client.<\/p>\n<p>En outre, l&rsquo;utilisation de mati\u00e8res premi\u00e8res de premi\u00e8re qualit\u00e9 garantit l&rsquo;<strong>absence de d\u00e9chirure<\/strong> lors de l&rsquo;application du film par la banderoleuse automatique.<\/p>\n<p>&nbsp;<\/p>\n<p>Le film \u00e9tirable VCI avec renforcement peut \u00eatre personnalis\u00e9 avec le logo du client.<\/p>\n<p>Pour satisfaire les besoins des clients, Inviker fournit le mat\u00e9riel dans les dimensions et les \u00e9paisseurs demand\u00e9es.<\/p>\n","protected":false},"excerpt":{"rendered":"<p>Le film \u00e9tirable VCI avec renforcement est compos\u00e9 d&rsquo;une couche de film \u00e9tirable, d&rsquo;une <strong>maille int\u00e9rieure<\/strong> et d&rsquo;une autre couche de film \u00e9tirable. Le traitement anticorrosion VCI (inhibiteur de corrosion volatile) forme un film protecteur autour du produit, emp\u00eachant l&rsquo;oxydation pendant le stockage et le transport. La maille renforce davantage le mat\u00e9riau, <strong>am\u00e9liorant ainsi sa r\u00e9sistance et sa durabilit\u00e9<\/strong>.<\/p>\n<p>Il est employ\u00e9 pour emballer et prot\u00e9ger les palettes ou mat\u00e9riaux qui <strong>doivent \u00eatre prot\u00e9g\u00e9s contre la corrosion<\/strong>.<\/p>\n<p>Facile \u00e0 utiliser et adaptable, il<strong> convient \u00e0 une utilisation automatis\u00e9e<\/strong>.<\/p>\n","protected":false},"featured_media":6548,"comment_status":"open","ping_status":"closed","template":"","meta":{"_acf_changed":false},"product_brand":[],"product_cat":[87],"product_tag":[],"class_list":{"0":"post-9358","1":"product","2":"type-product","3":"status-publish","4":"has-post-thumbnail","6":"product_cat-emballage-anticorrosion-vci","8":"first","9":"instock","10":"shipping-taxable","11":"product-type-simple"},"acf":[],"_links":{"self":[{"href":"https:\/\/inviker.com\/fr\/wp-json\/wp\/v2\/product\/9358","targetHints":{"allow":["GET"]}}],"collection":[{"href":"https:\/\/inviker.com\/fr\/wp-json\/wp\/v2\/product"}],"about":[{"href":"https:\/\/inviker.com\/fr\/wp-json\/wp\/v2\/types\/product"}],"replies":[{"embeddable":true,"href":"https:\/\/inviker.com\/fr\/wp-json\/wp\/v2\/comments?post=9358"}],"wp:featuredmedia":[{"embeddable":true,"href":"https:\/\/inviker.com\/fr\/wp-json\/wp\/v2\/media\/6548"}],"wp:attachment":[{"href":"https:\/\/inviker.com\/fr\/wp-json\/wp\/v2\/media?parent=9358"}],"wp:term":[{"taxonomy":"product_brand","embeddable":true,"href":"https:\/\/inviker.com\/fr\/wp-json\/wp\/v2\/product_brand?post=9358"},{"taxonomy":"product_cat","embeddable":true,"href":"https:\/\/inviker.com\/fr\/wp-json\/wp\/v2\/product_cat?post=9358"},{"taxonomy":"product_tag","embeddable":true,"href":"https:\/\/inviker.com\/fr\/wp-json\/wp\/v2\/product_tag?post=9358"}],"curies":[{"name":"wp","href":"https:\/\/api.w.org\/{rel}","templated":true}]}}