{"id":9361,"date":"2022-07-14T14:20:01","date_gmt":"2022-07-14T12:20:01","guid":{"rendered":"https:\/\/inviker.com\/?post_type=product&#038;p=9361"},"modified":"2023-05-22T15:31:44","modified_gmt":"2023-05-22T13:31:44","slug":"raphia-vci","status":"publish","type":"product","link":"https:\/\/inviker.com\/fr\/emballage-anticorrosion-vci\/raphia-vci\/","title":{"rendered":"Raphia VCI"},"content":{"rendered":"<p>Le VCI utilis\u00e9 par Inviker est <strong>sans nitrite<\/strong>.<\/p>\n<p>Ce compos\u00e9 chimique incorpor\u00e9 dans le raphia s&rsquo;\u00e9vapore et se propage vers les zones les plus \u00e9loign\u00e9es du m\u00e9tal emball\u00e9, cr\u00e9ant une couche mol\u00e9culaire protectrice qui emp\u00eache tout contact avec des substances corrosives telles que l&rsquo;humidit\u00e9 ou l&rsquo;oxyg\u00e8ne.<\/p>\n<p>Le raphia est un mat\u00e9riau tiss\u00e9 compos\u00e9 de fils de PP (polypropyl\u00e8ne) et lamin\u00e9 avec un film plastique en PE (poly\u00e9thyl\u00e8ne) pour former un <strong>compos\u00e9 imperm\u00e9able<\/strong>.<\/p>\n<p>Le traitement anticorrosion VCI cr\u00e9e un film protecteur autour du produit, emp\u00eachant l&rsquo;oxydation pendant le stockage et le transport.<\/p>\n<p>\u00c0 quoi sert le raphia VCI?<\/p>\n<ul>\n<li>Il assure la protection <strong>des pi\u00e8ces de grande taille<\/strong>.<\/li>\n<li>En raison de la haute r\u00e9sistance offerte par ce complexe, il est utilis\u00e9 pour emballer <strong>des mat\u00e9riaux avec des pointes et des bords tranchants<\/strong>.<\/li>\n<li>Il est utilis\u00e9 pour l&#8217;emballage de <strong>mat\u00e9riaux expos\u00e9s<\/strong> qui n\u00e9cessitent une protection et une r\u00e9sistance suppl\u00e9mentaires.<\/li>\n<li>Il prot\u00e8ge les m\u00e9taux<strong> contre la corrosion<\/strong>.<\/li>\n<li>Il offre l\u2019<strong>imperm\u00e9abilit\u00e9<\/strong>.<\/li>\n<\/ul>\n<p>&nbsp;<\/p>\n<p>Le raphia VCI peut \u00eatre personnalis\u00e9 avec le logo du client.<\/p>\n<p>Il est disponible en diff\u00e9rents grammages, largeurs et couleurs selon les besoins du client.<\/p>\n","protected":false},"excerpt":{"rendered":"<p>Le raphia VCI est un tissu en polypropyl\u00e8ne <strong>tr\u00e8s r\u00e9sistant<\/strong>. Le traitement VCI (inhibiteur de corrosion volatile) assure la s\u00e9curit\u00e9 et la <strong>protection contre la corrosion<\/strong> pendant les processus de stockage et de transport.<\/p>\n<p>Ce mat\u00e9riau est largement employ\u00e9 pour les emballages industriels, en particulier <strong>dans les industries de la sid\u00e9rurgie, de la m\u00e9tallurgie, de l&rsquo;automobile<\/strong>, etc.<\/p>\n<p>Il est particuli\u00e8rement adapt\u00e9 pour emballer des composants et des pi\u00e8ces m\u00e9talliques, ainsi que <strong>des objets de grande taille aux formes complexes<\/strong>, gr\u00e2ce \u00e0 sa r\u00e9sistance m\u00e9canique accrue.<\/p>\n","protected":false},"featured_media":6575,"comment_status":"open","ping_status":"closed","template":"","meta":{"_acf_changed":false},"product_brand":[],"product_cat":[87],"product_tag":[],"class_list":{"0":"post-9361","1":"product","2":"type-product","3":"status-publish","4":"has-post-thumbnail","6":"product_cat-emballage-anticorrosion-vci","8":"first","9":"instock","10":"shipping-taxable","11":"product-type-simple"},"acf":[],"_links":{"self":[{"href":"https:\/\/inviker.com\/fr\/wp-json\/wp\/v2\/product\/9361","targetHints":{"allow":["GET"]}}],"collection":[{"href":"https:\/\/inviker.com\/fr\/wp-json\/wp\/v2\/product"}],"about":[{"href":"https:\/\/inviker.com\/fr\/wp-json\/wp\/v2\/types\/product"}],"replies":[{"embeddable":true,"href":"https:\/\/inviker.com\/fr\/wp-json\/wp\/v2\/comments?post=9361"}],"wp:featuredmedia":[{"embeddable":true,"href":"https:\/\/inviker.com\/fr\/wp-json\/wp\/v2\/media\/6575"}],"wp:attachment":[{"href":"https:\/\/inviker.com\/fr\/wp-json\/wp\/v2\/media?parent=9361"}],"wp:term":[{"taxonomy":"product_brand","embeddable":true,"href":"https:\/\/inviker.com\/fr\/wp-json\/wp\/v2\/product_brand?post=9361"},{"taxonomy":"product_cat","embeddable":true,"href":"https:\/\/inviker.com\/fr\/wp-json\/wp\/v2\/product_cat?post=9361"},{"taxonomy":"product_tag","embeddable":true,"href":"https:\/\/inviker.com\/fr\/wp-json\/wp\/v2\/product_tag?post=9361"}],"curies":[{"name":"wp","href":"https:\/\/api.w.org\/{rel}","templated":true}]}}