{"id":9371,"date":"2022-07-14T14:27:15","date_gmt":"2022-07-14T12:27:15","guid":{"rendered":"https:\/\/inviker.com\/?post_type=product&#038;p=9371"},"modified":"2024-02-16T12:02:44","modified_gmt":"2024-02-16T11:02:44","slug":"papier-black-pack","status":"publish","type":"product","link":"https:\/\/inviker.com\/fr\/papier-emballage\/papier-black-pack\/","title":{"rendered":"Papier binumineux avec renforcement Black Pack"},"content":{"rendered":"<p>Quel est l\u2019objectif du papier binumineux avec renforcement Black Pack?<\/p>\n<ul>\n<li>C&rsquo;est un emballage<strong> efficace et \u00e9conomique<\/strong> qui prot\u00e8ge vos produits de l&rsquo;humidit\u00e9.<\/li>\n<li>Il est id\u00e9al pour <strong>rev\u00eatir les caisses maritimes en bois et emballer<\/strong> soigneusement afin de prot\u00e9ger efficacement vos composants de l&rsquo;humidit\u00e9 (telles que les pi\u00e8ces d\u00e9tach\u00e9es automobiles, les composants industriels usin\u00e9s, les moteurs, etc.).<\/li>\n<li>Il assure une <strong>protection efficace contre l&rsquo;eau et l&rsquo;humidit\u00e9<\/strong>, garantissant ainsi la s\u00e9curit\u00e9 de vos produits lors de leur exp\u00e9dition dans les emballages.<\/li>\n<li>Il est <strong>facile \u00e0 manipuler<\/strong> et peut \u00eatre mis en place rapidement, comme tout autre emballage en papier.<\/li>\n<li>Le papier kraft bitum\u00e9 est <strong>r\u00e9sistant \u00e0 la perforation<\/strong>.<\/li>\n<li>Il offre une r\u00e9sistance suppl\u00e9mentaire <strong>\u00e0 la d\u00e9chirure<\/strong>.<\/li>\n<\/ul>\n","protected":false},"excerpt":{"rendered":"<p>Le papier Black Pack est un <strong>papier bitumineux renforc\u00e9 par une maille<\/strong> &#8211; un mat\u00e9riau complexe compos\u00e9 d&rsquo;une couche de papier kraft, d&rsquo;une maille en polyester, d&rsquo;une couche de bitume et d&rsquo;un rev\u00eatement en PE (poly\u00e9thyl\u00e8ne).<\/p>\n<p>C&rsquo;est un emballage <strong>efficace et \u00e9conomique<\/strong> qui prot\u00e8ge vos produits m\u00e9talliques <strong>contre l&rsquo;humidit\u00e9 et l&rsquo;eau<\/strong>. Contrairement \u00e0 d&rsquo;autres produits, le papier Black Pack offre \u00e9galement une plus grande <strong>flexibilit\u00e9 et durabilit\u00e9<\/strong>, ce qui en fait un emballage tr\u00e8s attractif et innovant sur le march\u00e9.<\/p>\n","protected":false},"featured_media":6629,"comment_status":"open","ping_status":"closed","template":"","meta":{"_acf_changed":false},"product_brand":[],"product_cat":[90],"product_tag":[],"class_list":{"0":"post-9371","1":"product","2":"type-product","3":"status-publish","4":"has-post-thumbnail","6":"product_cat-papier-emballage","8":"first","9":"instock","10":"shipping-taxable","11":"product-type-simple"},"acf":[],"_links":{"self":[{"href":"https:\/\/inviker.com\/fr\/wp-json\/wp\/v2\/product\/9371","targetHints":{"allow":["GET"]}}],"collection":[{"href":"https:\/\/inviker.com\/fr\/wp-json\/wp\/v2\/product"}],"about":[{"href":"https:\/\/inviker.com\/fr\/wp-json\/wp\/v2\/types\/product"}],"replies":[{"embeddable":true,"href":"https:\/\/inviker.com\/fr\/wp-json\/wp\/v2\/comments?post=9371"}],"wp:featuredmedia":[{"embeddable":true,"href":"https:\/\/inviker.com\/fr\/wp-json\/wp\/v2\/media\/6629"}],"wp:attachment":[{"href":"https:\/\/inviker.com\/fr\/wp-json\/wp\/v2\/media?parent=9371"}],"wp:term":[{"taxonomy":"product_brand","embeddable":true,"href":"https:\/\/inviker.com\/fr\/wp-json\/wp\/v2\/product_brand?post=9371"},{"taxonomy":"product_cat","embeddable":true,"href":"https:\/\/inviker.com\/fr\/wp-json\/wp\/v2\/product_cat?post=9371"},{"taxonomy":"product_tag","embeddable":true,"href":"https:\/\/inviker.com\/fr\/wp-json\/wp\/v2\/product_tag?post=9371"}],"curies":[{"name":"wp","href":"https:\/\/api.w.org\/{rel}","templated":true}]}}