{"id":9372,"date":"2022-07-14T14:26:12","date_gmt":"2022-07-14T12:26:12","guid":{"rendered":"https:\/\/inviker.com\/?post_type=product&#038;p=9372"},"modified":"2024-02-16T12:01:19","modified_gmt":"2024-02-16T11:01:19","slug":"papier-bitumineux-crepe","status":"publish","type":"product","link":"https:\/\/inviker.com\/fr\/papier-emballage\/papier-bitumineux-crepe\/","title":{"rendered":"Papier cr\u00eap\u00e9 bitumineux"},"content":{"rendered":"<p>Le papier cr\u00eap\u00e9 naturel est un mat\u00e9riau qui est froiss\u00e9 en forme d\u2019accord\u00e9on pour obtenir une <strong>plus grande \u00e9lasticit\u00e9 et flexibilit\u00e9<\/strong>. En outre, il offre une protection renforc\u00e9e contre les chocs durant le stockage et le transport gr\u00e2ce \u00e0 l&rsquo;<strong>effet de rembourrage <\/strong>cr\u00e9\u00e9 par le papier froiss\u00e9.<\/p>\n<p>Le fil de nylon, incorpor\u00e9 de mani\u00e8re strat\u00e9gique, renforce la <strong>r\u00e9sistance \u00e0 la d\u00e9chirure <\/strong>du mat\u00e9riau.<\/p>\n<p>Quel est l\u2019objectif du papier cr\u00eap\u00e9 bitumineux?<\/p>\n<ul>\n<li>C&rsquo;est un emballage<strong> efficace et \u00e9conomique<\/strong> qui prot\u00e8ge vos produits de l&rsquo;humidit\u00e9.<\/li>\n<li>Il est id\u00e9al pour <strong>rev\u00eatir les caisses maritimes en bois et emballer<\/strong> soigneusement afin de prot\u00e9ger efficacement vos composants de l&rsquo;humidit\u00e9 (telles que les pi\u00e8ces d\u00e9tach\u00e9es automobiles, les composants industriels usin\u00e9s, les moteurs, etc.).<\/li>\n<li>Il assure une <strong>protection efficace contre l&rsquo;eau et l&rsquo;humidit\u00e9<\/strong>, garantissant ainsi la s\u00e9curit\u00e9 de vos produits lors de leur exp\u00e9dition dans les emballages.<\/li>\n<li>Il est <strong>facile \u00e0 manipuler<\/strong> et peut \u00eatre mis en place rapidement, comme tout autre emballage en papier.<\/li>\n<li>Le papier kraft bitum\u00e9 est <strong>r\u00e9sistant \u00e0 la perforation<\/strong>.<\/li>\n<\/ul>\n<p>&nbsp;<\/p>\n<p>Il est disponible avec du papier lisse ou cr\u00eap\u00e9.<\/p>\n","protected":false},"excerpt":{"rendered":"<p>Le papier cr\u00eap\u00e9 bitumineux est un mat\u00e9riau complexe compos\u00e9 de deux feuilles de papier cr\u00eap\u00e9 coll\u00e9es entre elles par une couche de bitume avec des fils de nylon.<\/p>\n<p>C&rsquo;est un emballage <strong>efficace et \u00e9conomique <\/strong>qui prot\u00e8ge vos produits m\u00e9talliques de <strong>l&rsquo;humidit\u00e9 et de l&rsquo;eau<\/strong> pendant le transport. De m\u00eame, gr\u00e2ce \u00e0 l&rsquo;effet d&rsquo;amortissement cr\u00e9\u00e9 par le papier cr\u00eap\u00e9, cet emballage prot\u00e8ge des \u00e9ventuels chocs lors de l&rsquo;exportation.<\/p>\n","protected":false},"featured_media":6623,"comment_status":"open","ping_status":"closed","template":"","meta":{"_acf_changed":false},"product_brand":[],"product_cat":[90],"product_tag":[],"class_list":{"0":"post-9372","1":"product","2":"type-product","3":"status-publish","4":"has-post-thumbnail","6":"product_cat-papier-emballage","8":"first","9":"instock","10":"shipping-taxable","11":"product-type-simple"},"acf":[],"_links":{"self":[{"href":"https:\/\/inviker.com\/fr\/wp-json\/wp\/v2\/product\/9372","targetHints":{"allow":["GET"]}}],"collection":[{"href":"https:\/\/inviker.com\/fr\/wp-json\/wp\/v2\/product"}],"about":[{"href":"https:\/\/inviker.com\/fr\/wp-json\/wp\/v2\/types\/product"}],"replies":[{"embeddable":true,"href":"https:\/\/inviker.com\/fr\/wp-json\/wp\/v2\/comments?post=9372"}],"wp:featuredmedia":[{"embeddable":true,"href":"https:\/\/inviker.com\/fr\/wp-json\/wp\/v2\/media\/6623"}],"wp:attachment":[{"href":"https:\/\/inviker.com\/fr\/wp-json\/wp\/v2\/media?parent=9372"}],"wp:term":[{"taxonomy":"product_brand","embeddable":true,"href":"https:\/\/inviker.com\/fr\/wp-json\/wp\/v2\/product_brand?post=9372"},{"taxonomy":"product_cat","embeddable":true,"href":"https:\/\/inviker.com\/fr\/wp-json\/wp\/v2\/product_cat?post=9372"},{"taxonomy":"product_tag","embeddable":true,"href":"https:\/\/inviker.com\/fr\/wp-json\/wp\/v2\/product_tag?post=9372"}],"curies":[{"name":"wp","href":"https:\/\/api.w.org\/{rel}","templated":true}]}}