{"id":9373,"date":"2022-07-14T14:23:57","date_gmt":"2022-07-14T12:23:57","guid":{"rendered":"https:\/\/inviker.com\/?post_type=product&#038;p=9373"},"modified":"2025-02-04T12:41:21","modified_gmt":"2025-02-04T11:41:21","slug":"papier-bitumineux-kraft","status":"publish","type":"product","link":"https:\/\/inviker.com\/fr\/papier-emballage\/papier-bitumineux-kraft\/","title":{"rendered":"Papier bitumineux"},"content":{"rendered":"<p>Quel est l\u2019objectif du papier kraft bitumineux?<\/p>\n<ul>\n<li>C&rsquo;est un emballage<strong> efficace et \u00e9conomique<\/strong> qui prot\u00e8ge vos produits de l&rsquo;humidit\u00e9.<\/li>\n<li>Il est id\u00e9al pour <strong>rev\u00eatir les caisses maritimes en bois et emballer<\/strong> soigneusement afin de prot\u00e9ger efficacement vos composants de l&rsquo;humidit\u00e9 (telles que les pi\u00e8ces d\u00e9tach\u00e9es automobiles, les composants industriels usin\u00e9s, les moteurs, etc.).<\/li>\n<li>Il assure une <strong>protection efficace contre l&rsquo;eau et l&rsquo;humidit\u00e9<\/strong>, garantissant ainsi la s\u00e9curit\u00e9 de vos produits lors de leur exp\u00e9dition dans les emballages.<\/li>\n<li>Il est <strong>facile \u00e0 manipuler<\/strong> et peut \u00eatre mis en place rapidement, comme tout autre emballage en papier.<\/li>\n<li>Le papier kraft bitum\u00e9 est <strong>r\u00e9sistant \u00e0 la perforation<\/strong>.<\/li>\n<\/ul>\n<p>&nbsp;<\/p>\n<p>Il est disponible avec du papier lisse ou cr\u00eap\u00e9.<\/p>\n<p>Il est disponible \u00e9galement avec un renfort en maille pour une r\u00e9sistance suppl\u00e9mentaire contre la d\u00e9chirure.<\/p>\n","protected":false},"excerpt":{"rendered":"<p>Le papier kraft bitum\u00e9 est un mat\u00e9riau complexe compos\u00e9 de deux feuilles de papier kraft lisse coll\u00e9es entre elles par une couche de bitum\u00e9.<\/p>\n<p>C&rsquo;est un emballage <strong>efficace et \u00e9conomique <\/strong>qui prot\u00e8ge vos produits m\u00e9talliques de <strong>l&rsquo;humidit\u00e9 et de l&rsquo;eau<\/strong> pendant le transport.<\/p>\n","protected":false},"featured_media":6617,"comment_status":"open","ping_status":"closed","template":"","meta":{"_acf_changed":false},"product_brand":[],"product_cat":[90],"product_tag":[],"class_list":{"0":"post-9373","1":"product","2":"type-product","3":"status-publish","4":"has-post-thumbnail","6":"product_cat-papier-emballage","8":"first","9":"instock","10":"shipping-taxable","11":"product-type-simple"},"acf":[],"_links":{"self":[{"href":"https:\/\/inviker.com\/fr\/wp-json\/wp\/v2\/product\/9373","targetHints":{"allow":["GET"]}}],"collection":[{"href":"https:\/\/inviker.com\/fr\/wp-json\/wp\/v2\/product"}],"about":[{"href":"https:\/\/inviker.com\/fr\/wp-json\/wp\/v2\/types\/product"}],"replies":[{"embeddable":true,"href":"https:\/\/inviker.com\/fr\/wp-json\/wp\/v2\/comments?post=9373"}],"wp:featuredmedia":[{"embeddable":true,"href":"https:\/\/inviker.com\/fr\/wp-json\/wp\/v2\/media\/6617"}],"wp:attachment":[{"href":"https:\/\/inviker.com\/fr\/wp-json\/wp\/v2\/media?parent=9373"}],"wp:term":[{"taxonomy":"product_brand","embeddable":true,"href":"https:\/\/inviker.com\/fr\/wp-json\/wp\/v2\/product_brand?post=9373"},{"taxonomy":"product_cat","embeddable":true,"href":"https:\/\/inviker.com\/fr\/wp-json\/wp\/v2\/product_cat?post=9373"},{"taxonomy":"product_tag","embeddable":true,"href":"https:\/\/inviker.com\/fr\/wp-json\/wp\/v2\/product_tag?post=9373"}],"curies":[{"name":"wp","href":"https:\/\/api.w.org\/{rel}","templated":true}]}}