{"id":9374,"date":"2022-07-14T14:29:53","date_gmt":"2022-07-14T12:29:53","guid":{"rendered":"https:\/\/inviker.com\/?post_type=product&#038;p=9374"},"modified":"2024-05-30T14:13:53","modified_gmt":"2024-05-30T12:13:53","slug":"papier-paraffine-crepe","status":"publish","type":"product","link":"https:\/\/inviker.com\/fr\/papier-emballage\/papier-paraffine-crepe\/","title":{"rendered":"Papier cr\u00eap\u00e9 paraffin\u00e9"},"content":{"rendered":"<p>Le papier cr\u00eap\u00e9 prend une forme d&rsquo;accord\u00e9on, ce qui renforce son \u00e9lasticit\u00e9 et sa flexibilit\u00e9, en permettant la cr\u00e9ation d&rsquo;un <strong>effet de rembourrage<\/strong> pour une protection optimale des produits emball\u00e9s.<\/p>\n<p>Quel est l\u2019objectif du papier cr\u00eap\u00e9 paraffin\u00e9?<\/p>\n<ul>\n<li>C\u2019est un emballage id\u00e9al pour les pi\u00e8ces individuelles graiss\u00e9es, les pi\u00e8ces m\u00e9talliques, les c\u00e2bles \u00e9lectriques, etc.<\/li>\n<li>Il assure l&rsquo;<strong>isolation <\/strong>du fond des bo\u00eetes en bois ou en carton.<\/li>\n<li>Il fournit une <strong>meilleure protection contre les perforations<\/strong> caus\u00e9es par les bords, les pointes ou les angles coupants des produits.<\/li>\n<li>Le papier cr\u00eap\u00e9 offre une plus grande<strong> flexibilit\u00e9, \u00e9lasticit\u00e9 et adaptabilit\u00e9<\/strong>.<\/li>\n<\/ul>\n<p>&nbsp;<\/p>\n<p>Il est disponible avec du papier lisse ou cr\u00eap\u00e9.<\/p>\n","protected":false},"excerpt":{"rendered":"<p>Le papier cr\u00eap\u00e9 paraffin\u00e9 est un papier cr\u00eap\u00e9 imbib\u00e9 de paraffine. Les principales caract\u00e9ristiques de protection de ce complexe sont son <strong>imperm\u00e9abilit\u00e9<\/strong> \u00e0 l&rsquo;eau et sa <strong>protection contre les graisses<\/strong> ainsi que ses propri\u00e9t\u00e9s anti-corrosives.<\/p>\n<p>Il est \u00e0 noter que cet emballage se caract\u00e9rise \u00e9galement par ses pointes ou coins pointus, qui offrent \u00e9galement une<strong> plus grande protection contre la perforation<\/strong>. De m\u00eame, comme le papier est cr\u00eap\u00e9, il conf\u00e8re aux produits emball\u00e9s une meilleure protection contre les impacts en raison de sa <strong>capacit\u00e9 d&rsquo;amortissement<\/strong>.<\/p>\n<p>Il est utilis\u00e9 pour emballer des pi\u00e8ces graiss\u00e9es ou tranchantes et pour isoler le fond de caisses en bois ou en carton.<\/p>\n","protected":false},"featured_media":6641,"comment_status":"open","ping_status":"closed","template":"","meta":{"_acf_changed":false},"product_brand":[],"product_cat":[90],"product_tag":[],"class_list":{"0":"post-9374","1":"product","2":"type-product","3":"status-publish","4":"has-post-thumbnail","6":"product_cat-papier-emballage","8":"first","9":"instock","10":"shipping-taxable","11":"product-type-simple"},"acf":[],"_links":{"self":[{"href":"https:\/\/inviker.com\/fr\/wp-json\/wp\/v2\/product\/9374","targetHints":{"allow":["GET"]}}],"collection":[{"href":"https:\/\/inviker.com\/fr\/wp-json\/wp\/v2\/product"}],"about":[{"href":"https:\/\/inviker.com\/fr\/wp-json\/wp\/v2\/types\/product"}],"replies":[{"embeddable":true,"href":"https:\/\/inviker.com\/fr\/wp-json\/wp\/v2\/comments?post=9374"}],"wp:featuredmedia":[{"embeddable":true,"href":"https:\/\/inviker.com\/fr\/wp-json\/wp\/v2\/media\/6641"}],"wp:attachment":[{"href":"https:\/\/inviker.com\/fr\/wp-json\/wp\/v2\/media?parent=9374"}],"wp:term":[{"taxonomy":"product_brand","embeddable":true,"href":"https:\/\/inviker.com\/fr\/wp-json\/wp\/v2\/product_brand?post=9374"},{"taxonomy":"product_cat","embeddable":true,"href":"https:\/\/inviker.com\/fr\/wp-json\/wp\/v2\/product_cat?post=9374"},{"taxonomy":"product_tag","embeddable":true,"href":"https:\/\/inviker.com\/fr\/wp-json\/wp\/v2\/product_tag?post=9374"}],"curies":[{"name":"wp","href":"https:\/\/api.w.org\/{rel}","templated":true}]}}