{"id":9376,"date":"2022-07-14T14:29:04","date_gmt":"2022-07-14T12:29:04","guid":{"rendered":"https:\/\/inviker.com\/?post_type=product&#038;p=9376"},"modified":"2024-05-30T13:23:13","modified_gmt":"2024-05-30T11:23:13","slug":"papier-paraffine-kraft","status":"publish","type":"product","link":"https:\/\/inviker.com\/fr\/papier-emballage\/papier-paraffine-kraft\/","title":{"rendered":"Papier paraffin\u00e9"},"content":{"rendered":"<p>Quel est l\u2019objectif du papier paraffin\u00e9?<\/p>\n<ul>\n<li>C\u2019est un emballage id\u00e9al pour les pi\u00e8ces individuelles graiss\u00e9es, les pi\u00e8ces m\u00e9talliques, les c\u00e2bles \u00e9lectriques, etc.<\/li>\n<li>Il assure l&rsquo;<strong>isolation<\/strong> du fond des bo\u00eetes en bois ou en carton.<\/li>\n<li>Il fournit une meilleure<strong> protection contre les perforations<\/strong> caus\u00e9es par les bords, les pointes ou les angles coupants des produits.<\/li>\n<\/ul>\n<p>&nbsp;<\/p>\n<p>Il est disponible avec du papier lisse ou cr\u00eap\u00e9.<\/p>\n","protected":false},"excerpt":{"rendered":"<p>Le papier paraffin\u00e9 est compos\u00e9 de papier kraft imbib\u00e9 de paraffine. Les principales caract\u00e9ristiques de ce complexe sont son <strong>imperm\u00e9abilit\u00e9<\/strong> \u00e0 l&rsquo;eau et sa <strong>protection contre les graisses<\/strong> ainsi que ses propri\u00e9t\u00e9s anti-corrosives. Il est \u00e0 noter que cet emballage se caract\u00e9rise \u00e9galement par ses pointes ou coins pointus, qui offrent \u00e9galement une plus <strong>grande protection contre la perforation<\/strong>.<\/p>\n<p>Il est utilis\u00e9 pour emballer des pi\u00e8ces graiss\u00e9es ou tranchantes et pour isoler le fond de caisses en bois ou en carton.<\/p>\n","protected":false},"featured_media":6632,"comment_status":"open","ping_status":"closed","template":"","meta":{"_acf_changed":false},"product_brand":[],"product_cat":[90],"product_tag":[],"class_list":{"0":"post-9376","1":"product","2":"type-product","3":"status-publish","4":"has-post-thumbnail","6":"product_cat-papier-emballage","8":"first","9":"instock","10":"shipping-taxable","11":"product-type-simple"},"acf":[],"_links":{"self":[{"href":"https:\/\/inviker.com\/fr\/wp-json\/wp\/v2\/product\/9376","targetHints":{"allow":["GET"]}}],"collection":[{"href":"https:\/\/inviker.com\/fr\/wp-json\/wp\/v2\/product"}],"about":[{"href":"https:\/\/inviker.com\/fr\/wp-json\/wp\/v2\/types\/product"}],"replies":[{"embeddable":true,"href":"https:\/\/inviker.com\/fr\/wp-json\/wp\/v2\/comments?post=9376"}],"wp:featuredmedia":[{"embeddable":true,"href":"https:\/\/inviker.com\/fr\/wp-json\/wp\/v2\/media\/6632"}],"wp:attachment":[{"href":"https:\/\/inviker.com\/fr\/wp-json\/wp\/v2\/media?parent=9376"}],"wp:term":[{"taxonomy":"product_brand","embeddable":true,"href":"https:\/\/inviker.com\/fr\/wp-json\/wp\/v2\/product_brand?post=9376"},{"taxonomy":"product_cat","embeddable":true,"href":"https:\/\/inviker.com\/fr\/wp-json\/wp\/v2\/product_cat?post=9376"},{"taxonomy":"product_tag","embeddable":true,"href":"https:\/\/inviker.com\/fr\/wp-json\/wp\/v2\/product_tag?post=9376"}],"curies":[{"name":"wp","href":"https:\/\/api.w.org\/{rel}","templated":true}]}}