{"id":9378,"date":"2022-07-15T11:30:01","date_gmt":"2022-07-15T09:30:01","guid":{"rendered":"https:\/\/inviker.com\/?post_type=product&#038;p=9378"},"modified":"2025-03-11T15:06:51","modified_gmt":"2025-03-11T14:06:51","slug":"papier-plastifie-avec-raphia","status":"publish","type":"product","link":"https:\/\/inviker.com\/fr\/papier-emballage\/papier-plastifie-avec-raphia\/","title":{"rendered":"Papier plastifi\u00e9 avec raphia"},"content":{"rendered":"<p>La combinaison de mat\u00e9riaux utilis\u00e9e dans ce compos\u00e9 est tr\u00e8s efficace, car la raphia en PE offre une grande <strong>flexibilit\u00e9<\/strong> d&rsquo;utilisation et une<strong> grande r\u00e9sistance \u00e0 la perforation<\/strong>. La couche de papier, quant \u00e0 elle, conf\u00e8re une plus grande <strong>solidit\u00e9<\/strong> et une capacit\u00e9 d&rsquo;absorption suffisante pour <strong>\u00e9viter la condensation<\/strong> pendant le stockage et le transport du mat\u00e9riau emball\u00e9.<\/p>\n<p>\u00c0 quoi sert le papier plastifi\u00e9 avec raphia en PE?<\/p>\n<ul>\n<li>Ce mat\u00e9riau d&#8217;emballage est <strong>tr\u00e8s r\u00e9sistant<\/strong> et est particuli\u00e8rement adapt\u00e9 \u00e0 l&#8217;emballage et \u00e0 l&rsquo;exportation de bobines d&rsquo;acier.<\/li>\n<li>Il est utilis\u00e9 pour <strong>recouvrir des pi\u00e8ces en acier<\/strong>.<\/li>\n<li>Il est con\u00e7u pour pouvoir \u00eatre utilis\u00e9 \u00e0 l\u2019int\u00e9rieur des bo\u00eetes d\u2019emballage pour leur <strong>imperm\u00e9abilisation<\/strong>.<\/li>\n<li>La couche de papier offre une capacit\u00e9 d\u2019absorption suffisante pour <strong>\u00e9viter la condensation<\/strong> lors du stockage et du transport.<\/li>\n<\/ul>\n<p>&nbsp;<\/p>\n<p>Disponible en papier lisse ou cr\u00eap\u00e9.<\/p>\n<p>Le papier plastifi\u00e9 avec raphia en PE peut \u00eatre personnalis\u00e9 avec le logo du client.<\/p>\n","protected":false},"excerpt":{"rendered":"<p>Le papier plastifi\u00e9 avec de la raphia est un compos\u00e9 renforc\u00e9 constitu\u00e9 d&rsquo;une couche de papier et d&rsquo;une couche de raphia en PE (polyethyl\u00e8ne).<\/p>\n<p>En raison de sa <strong>grande r\u00e9sistance <\/strong>et de sa capacit\u00e9 d&rsquo;absorption \u00e9lev\u00e9e, ce compos\u00e9 est particuli\u00e8rement adapt\u00e9 pour le <strong>rev\u00eatement de pi\u00e8ces en acier <\/strong>ainsi que pour l&rsquo;<strong>imperm\u00e9abilisation<\/strong> de l&rsquo;int\u00e9rieur de bo\u00eetes d&#8217;emballage.<\/p>\n","protected":false},"featured_media":6668,"comment_status":"open","ping_status":"closed","template":"","meta":{"_acf_changed":false},"product_brand":[],"product_cat":[90],"product_tag":[],"class_list":{"0":"post-9378","1":"product","2":"type-product","3":"status-publish","4":"has-post-thumbnail","6":"product_cat-papier-emballage","8":"first","9":"instock","10":"shipping-taxable","11":"product-type-simple"},"acf":[],"_links":{"self":[{"href":"https:\/\/inviker.com\/fr\/wp-json\/wp\/v2\/product\/9378","targetHints":{"allow":["GET"]}}],"collection":[{"href":"https:\/\/inviker.com\/fr\/wp-json\/wp\/v2\/product"}],"about":[{"href":"https:\/\/inviker.com\/fr\/wp-json\/wp\/v2\/types\/product"}],"replies":[{"embeddable":true,"href":"https:\/\/inviker.com\/fr\/wp-json\/wp\/v2\/comments?post=9378"}],"wp:featuredmedia":[{"embeddable":true,"href":"https:\/\/inviker.com\/fr\/wp-json\/wp\/v2\/media\/6668"}],"wp:attachment":[{"href":"https:\/\/inviker.com\/fr\/wp-json\/wp\/v2\/media?parent=9378"}],"wp:term":[{"taxonomy":"product_brand","embeddable":true,"href":"https:\/\/inviker.com\/fr\/wp-json\/wp\/v2\/product_brand?post=9378"},{"taxonomy":"product_cat","embeddable":true,"href":"https:\/\/inviker.com\/fr\/wp-json\/wp\/v2\/product_cat?post=9378"},{"taxonomy":"product_tag","embeddable":true,"href":"https:\/\/inviker.com\/fr\/wp-json\/wp\/v2\/product_tag?post=9378"}],"curies":[{"name":"wp","href":"https:\/\/api.w.org\/{rel}","templated":true}]}}