{"id":9379,"date":"2022-07-14T14:32:36","date_gmt":"2022-07-14T12:32:36","guid":{"rendered":"https:\/\/inviker.com\/?post_type=product&#038;p=9379"},"modified":"2023-05-22T16:36:52","modified_gmt":"2023-05-22T14:36:52","slug":"papier-crepe-plastifie-avec-renforcement","status":"publish","type":"product","link":"https:\/\/inviker.com\/fr\/papier-emballage\/papier-crepe-plastifie-avec-renforcement\/","title":{"rendered":"Papier cr\u00eap\u00e9 plastifi\u00e9 avec renforcement"},"content":{"rendered":"<p>Le papier cr\u00eap\u00e9 naturel est un mat\u00e9riau froiss\u00e9 en accord\u00e9on pour lui donner <strong>plus d&rsquo;\u00e9lasticit\u00e9 et de souplesse<\/strong>, offrant \u00e9galement un <strong>effet de rembourrage<\/strong> qui assure une meilleure protection lors du stockage et du transport du mat\u00e9riel emball\u00e9.<\/p>\n<p>\u00c0 quoi sert le papier cr\u00eape plastifi\u00e9 renforc\u00e9?<\/p>\n<ul>\n<li>Il est dot\u00e9 d&rsquo;une couche interm\u00e9diaire de fibres de polyester qui conf\u00e8re une grande <strong>r\u00e9sistance \u00e0 la d\u00e9chirure<\/strong> et \u00e0 la rupture, pendant le processus d&#8217;emballage ainsi que le stockage, le chargement ou le transport.<\/li>\n<li>Il garantit <strong>l&rsquo;\u00e9tanch\u00e9it\u00e9 et l&rsquo;imperm\u00e9abilit\u00e9<\/strong> de l&#8217;emballage.<\/li>\n<li>En raison de sa grande r\u00e9sistance \u00e0 la d\u00e9chirure et de son haut degr\u00e9 d&rsquo;imperm\u00e9abilit\u00e9, il est utilis\u00e9 pour l&#8217;emballage de pi\u00e8ces d\u00e9tach\u00e9es <strong>dans l&rsquo;industrie de l&rsquo;acier et pour l&rsquo;exportation<\/strong>.<\/li>\n<\/ul>\n<p>&nbsp;<\/p>\n<p>Il est disponible avec du papier lisse ou cr\u00eap\u00e9.<\/p>\n<p>Le papier cr\u00eap\u00e9 plastifi\u00e9 avec renforcement peut \u00eatre personnalis\u00e9 avec le logo du client.<\/p>\n<p>Il peut \u00eatre fourni avec un traitement anticorrosion VCI sur demande.<\/p>\n","protected":false},"excerpt":{"rendered":"<p>Le papier cr\u00eap\u00e9 plastifi\u00e9 avec renforcement est un mat\u00e9riau renforc\u00e9 qui se compose d&rsquo;une couche de papier ondul\u00e9, d&rsquo;une couche int\u00e9rieure de maille en polyester et d&rsquo;une couche ext\u00e9rieure de PE (poly\u00e9thyl\u00e8ne).<\/p>\n<p>Cette composition lui conf\u00e8re une<strong> r\u00e9sistance \u00e9lev\u00e9e \u00e0 la d\u00e9chirure<\/strong> et \u00e0 la rupture, ainsi qu&rsquo;une \u00e9tanch\u00e9it\u00e9 et une <strong>imperm\u00e9abilit\u00e9<\/strong> sup\u00e9rieures. L&rsquo;ajout du papier cr\u00eap\u00e9 dans ce compos\u00e9 lui conf\u00e8re \u00e9galement une plus grande <strong>flexibilit\u00e9, \u00e9lasticit\u00e9 et adaptabilit\u00e9<\/strong>.<\/p>\n<p>En raison de ces caract\u00e9ristiques, ils sont utilis\u00e9s pour l&#8217;emballage de pi\u00e8ces <strong>dans l\u2019industrie sid\u00e9rurgique<\/strong> et pour l&rsquo;exportation.<\/p>\n","protected":false},"featured_media":6662,"comment_status":"open","ping_status":"closed","template":"","meta":{"_acf_changed":false},"product_brand":[],"product_cat":[90],"product_tag":[],"class_list":{"0":"post-9379","1":"product","2":"type-product","3":"status-publish","4":"has-post-thumbnail","6":"product_cat-papier-emballage","8":"first","9":"instock","10":"shipping-taxable","11":"product-type-simple"},"acf":[],"_links":{"self":[{"href":"https:\/\/inviker.com\/fr\/wp-json\/wp\/v2\/product\/9379","targetHints":{"allow":["GET"]}}],"collection":[{"href":"https:\/\/inviker.com\/fr\/wp-json\/wp\/v2\/product"}],"about":[{"href":"https:\/\/inviker.com\/fr\/wp-json\/wp\/v2\/types\/product"}],"replies":[{"embeddable":true,"href":"https:\/\/inviker.com\/fr\/wp-json\/wp\/v2\/comments?post=9379"}],"wp:featuredmedia":[{"embeddable":true,"href":"https:\/\/inviker.com\/fr\/wp-json\/wp\/v2\/media\/6662"}],"wp:attachment":[{"href":"https:\/\/inviker.com\/fr\/wp-json\/wp\/v2\/media?parent=9379"}],"wp:term":[{"taxonomy":"product_brand","embeddable":true,"href":"https:\/\/inviker.com\/fr\/wp-json\/wp\/v2\/product_brand?post=9379"},{"taxonomy":"product_cat","embeddable":true,"href":"https:\/\/inviker.com\/fr\/wp-json\/wp\/v2\/product_cat?post=9379"},{"taxonomy":"product_tag","embeddable":true,"href":"https:\/\/inviker.com\/fr\/wp-json\/wp\/v2\/product_tag?post=9379"}],"curies":[{"name":"wp","href":"https:\/\/api.w.org\/{rel}","templated":true}]}}