{"id":9380,"date":"2022-07-14T14:30:49","date_gmt":"2022-07-14T12:30:49","guid":{"rendered":"https:\/\/inviker.com\/?post_type=product&#038;p=9380"},"modified":"2023-05-22T16:37:34","modified_gmt":"2023-05-22T14:37:34","slug":"papier-plastifie","status":"publish","type":"product","link":"https:\/\/inviker.com\/fr\/papier-emballage\/papier-plastifie\/","title":{"rendered":"Papier plastifi\u00e9"},"content":{"rendered":"<p>La couche ext\u00e9rieure en PE rend l&#8217;emballage<strong> \u00e9tanche et imperm\u00e9able<\/strong>.<\/p>\n<p>&nbsp;<\/p>\n<p>Il est disponible avec du papier lisse ou cr\u00eap\u00e9.<\/p>\n<p>Le papier plastifi\u00e9 peut \u00eatre personnalis\u00e9 avec le logo du client.<\/p>\n<p>Il est disponible \u00e9galement avec un renfort en maille pour une r\u00e9sistance suppl\u00e9mentaire contre la d\u00e9chirure.<\/p>\n<p>Il peut \u00eatre fourni avec un traitement anticorrosion VCI sur demande.<\/p>\n","protected":false},"excerpt":{"rendered":"<p>Le papier plastifi\u00e9 est un papier dont une face est recouverte d&rsquo;une couche de PE (poly\u00e9thyl\u00e8ne). Cela conf\u00e8re au complexe une <strong>excellente protection contre l&rsquo;eau ou les graisses<\/strong>.<\/p>\n","protected":false},"featured_media":6653,"comment_status":"open","ping_status":"closed","template":"","meta":{"_acf_changed":false},"product_brand":[],"product_cat":[90],"product_tag":[],"class_list":{"0":"post-9380","1":"product","2":"type-product","3":"status-publish","4":"has-post-thumbnail","6":"product_cat-papier-emballage","8":"first","9":"instock","10":"shipping-taxable","11":"product-type-simple"},"acf":[],"_links":{"self":[{"href":"https:\/\/inviker.com\/fr\/wp-json\/wp\/v2\/product\/9380","targetHints":{"allow":["GET"]}}],"collection":[{"href":"https:\/\/inviker.com\/fr\/wp-json\/wp\/v2\/product"}],"about":[{"href":"https:\/\/inviker.com\/fr\/wp-json\/wp\/v2\/types\/product"}],"replies":[{"embeddable":true,"href":"https:\/\/inviker.com\/fr\/wp-json\/wp\/v2\/comments?post=9380"}],"wp:featuredmedia":[{"embeddable":true,"href":"https:\/\/inviker.com\/fr\/wp-json\/wp\/v2\/media\/6653"}],"wp:attachment":[{"href":"https:\/\/inviker.com\/fr\/wp-json\/wp\/v2\/media?parent=9380"}],"wp:term":[{"taxonomy":"product_brand","embeddable":true,"href":"https:\/\/inviker.com\/fr\/wp-json\/wp\/v2\/product_brand?post=9380"},{"taxonomy":"product_cat","embeddable":true,"href":"https:\/\/inviker.com\/fr\/wp-json\/wp\/v2\/product_cat?post=9380"},{"taxonomy":"product_tag","embeddable":true,"href":"https:\/\/inviker.com\/fr\/wp-json\/wp\/v2\/product_tag?post=9380"}],"curies":[{"name":"wp","href":"https:\/\/api.w.org\/{rel}","templated":true}]}}