{"id":9382,"date":"2022-07-14T14:31:44","date_gmt":"2022-07-14T12:31:44","guid":{"rendered":"https:\/\/inviker.com\/?post_type=product&#038;p=9382"},"modified":"2025-02-04T12:39:34","modified_gmt":"2025-02-04T11:39:34","slug":"papier-plastifie-avec-renforcement","status":"publish","type":"product","link":"https:\/\/inviker.com\/fr\/papier-emballage\/papier-plastifie-avec-renforcement\/","title":{"rendered":"Papier plastifi\u00e9 avec renforcement"},"content":{"rendered":"<p>\u00c0 quoi sert le papier plastifi\u00e9 avec renforcement?<\/p>\n<ul>\n<li>La couche de fibres de polyester interm\u00e9diaire offre une grande <strong>r\u00e9sistance \u00e0 la d\u00e9chirure<\/strong> et \u00e0 la rupture, aussi bien pendant le processus d&#8217;emballage que durant le stockage, le chargement et le transport.<\/li>\n<li>Il garantit <strong>l&rsquo;\u00e9tanch\u00e9it\u00e9 et l&rsquo;imperm\u00e9abilit\u00e9<\/strong> de l&#8217;emballage.<\/li>\n<li>Gr\u00e2ce \u00e0 sa haute r\u00e9sistance \u00e0 la d\u00e9chirure et \u00e0 son imperm\u00e9abilit\u00e9 \u00e9lev\u00e9, il est utilis\u00e9 pour emballer les pi\u00e8ces de rechange dans l&rsquo;<strong>industrie sid\u00e9rurgique et pour les exportations<\/strong>.<\/li>\n<\/ul>\n<p>&nbsp;<\/p>\n<p>Il est disponible avec du papier lisse ou cr\u00eap\u00e9.<\/p>\n<p>Le papier plastifi\u00e9 avec renforcement peut \u00eatre personnalis\u00e9 avec le logo du client.<\/p>\n<p>Il peut \u00eatre fourni avec un traitement anticorrosion VCI sur demande.<\/p>\n","protected":false},"excerpt":{"rendered":"<p>Le papier plastifi\u00e9 avec renforcement est un complexe compos\u00e9 d&rsquo;une couche interne de papier kraft, d&rsquo;une autre couche interne de fibres de polyester et d&rsquo;une couche externe de poly\u00e9thyl\u00e8ne.<\/p>\n<p>Cette constitution conf\u00e8re une grande <strong>r\u00e9sistance \u00e0 la d\u00e9chirure<\/strong> et \u00e0 la rupture, et garantit \u00e9galement <strong>l&rsquo;\u00e9tanch\u00e9it\u00e9 et l&rsquo;imperm\u00e9abilit\u00e9 <\/strong>de l&#8217;emballage.<\/p>\n<p>En raison de ces caract\u00e9ristiques, ils sont utilis\u00e9s pour l&#8217;emballage de pi\u00e8ces dans l\u2019<strong>industrie sid\u00e9rurgique<\/strong> et pour l&rsquo;exportation.<\/p>\n","protected":false},"featured_media":6659,"comment_status":"open","ping_status":"closed","template":"","meta":{"_acf_changed":false},"product_brand":[],"product_cat":[90],"product_tag":[],"class_list":{"0":"post-9382","1":"product","2":"type-product","3":"status-publish","4":"has-post-thumbnail","6":"product_cat-papier-emballage","8":"first","9":"instock","10":"shipping-taxable","11":"product-type-simple"},"acf":[],"_links":{"self":[{"href":"https:\/\/inviker.com\/fr\/wp-json\/wp\/v2\/product\/9382","targetHints":{"allow":["GET"]}}],"collection":[{"href":"https:\/\/inviker.com\/fr\/wp-json\/wp\/v2\/product"}],"about":[{"href":"https:\/\/inviker.com\/fr\/wp-json\/wp\/v2\/types\/product"}],"replies":[{"embeddable":true,"href":"https:\/\/inviker.com\/fr\/wp-json\/wp\/v2\/comments?post=9382"}],"wp:featuredmedia":[{"embeddable":true,"href":"https:\/\/inviker.com\/fr\/wp-json\/wp\/v2\/media\/6659"}],"wp:attachment":[{"href":"https:\/\/inviker.com\/fr\/wp-json\/wp\/v2\/media?parent=9382"}],"wp:term":[{"taxonomy":"product_brand","embeddable":true,"href":"https:\/\/inviker.com\/fr\/wp-json\/wp\/v2\/product_brand?post=9382"},{"taxonomy":"product_cat","embeddable":true,"href":"https:\/\/inviker.com\/fr\/wp-json\/wp\/v2\/product_cat?post=9382"},{"taxonomy":"product_tag","embeddable":true,"href":"https:\/\/inviker.com\/fr\/wp-json\/wp\/v2\/product_tag?post=9382"}],"curies":[{"name":"wp","href":"https:\/\/api.w.org\/{rel}","templated":true}]}}