{"id":9384,"date":"2022-07-15T11:35:02","date_gmt":"2022-07-15T09:35:02","guid":{"rendered":"https:\/\/inviker.com\/?post_type=product&#038;p=9384"},"modified":"2023-07-05T09:53:44","modified_gmt":"2023-07-05T07:53:44","slug":"raphia","status":"publish","type":"product","link":"https:\/\/inviker.com\/fr\/plastique-emballage\/raphia\/","title":{"rendered":"Raphia"},"content":{"rendered":"<p>Le raphia est un mat\u00e9riau tiss\u00e9 compos\u00e9 de fils de PP (polypropyl\u00e8ne) et lamin\u00e9 avec un film plastique en PE (poly\u00e9thyl\u00e8ne) pour former un <strong>compos\u00e9 imperm\u00e9able<\/strong>. La couche de PE garantit l&rsquo;<strong>\u00e9tanch\u00e9it\u00e9 <\/strong>de l&#8217;emballage.<\/p>\n<p>En raison de sa polyvalence, le raphia est largement utilis\u00e9 dans diverses industries pour l&#8217;emballage, le stockage et le transport. Il repr\u00e9sente une <strong>excellente alternative au plastique<\/strong>. Il se caract\u00e9rise \u00e9galement par sa <strong>r\u00e9sistance, flexibilit\u00e9 et maniabilit\u00e9<\/strong>.<\/p>\n<p>Gr\u00e2ce \u00e0 sa capacit\u00e9 \u00e0 \u00eatre r\u00e9utilis\u00e9, ce mat\u00e9riau est une solution d&#8217;emballage respectueuse de l&rsquo;environnement. En outre, il s&rsquo;agit d&rsquo;un mat\u00e9riau recycl\u00e9 et recyclable \u00e0 100 %.<\/p>\n<p>\u00c0 quoi sert le raphia?<\/p>\n<ul>\n<li>Il prot\u00e8ge les <strong>composants de grandes dimensions et de g\u00e9om\u00e9trie complexe<\/strong>.<\/li>\n<li>En raison de la r\u00e9sistance \u00e9lev\u00e9e offerte par ce complexe, il est utilis\u00e9 pour emballer des <strong>mat\u00e9riaux avec des pointes et des ar\u00eates vives<\/strong>.<\/li>\n<li>Il est utilis\u00e9 pour l&#8217;emballage de <strong>mat\u00e9riaux expos\u00e9s<\/strong> qui n\u00e9cessitent une protection et une r\u00e9sistance suppl\u00e9mentaires.<\/li>\n<li>Il offre l<strong>\u2019imperm\u00e9abilit\u00e9<\/strong>.<\/li>\n<li><strong>100% recycl\u00e9<\/strong> et <strong>recyclable<\/strong>.<\/li>\n<\/ul>\n<p>&nbsp;<\/p>\n<p>Le raphia peut \u00eatre personnalis\u00e9 avec le logo du client.<\/p>\n<p>Il peut \u00eatre fourni avec un traitement anticorrosion VCI sur demande.<\/p>\n<p>Afin de s&rsquo;adapter aux besoins des clients, le raphia Inviker est fourni en diff\u00e9rentes largeurs, \u00e9paisseurs et couleurs, selon la demande du client.<\/p>\n","protected":false},"excerpt":{"rendered":"<p>Le raphia est un mat\u00e9riau tress\u00e9 en PP (polypropyl\u00e8ne) et lamin\u00e9 avec un film plastique en PE (poly\u00e9thyl\u00e8ne).<\/p>\n<p>Ce complexe offre une<strong> excellente r\u00e9sistance m\u00e9canique<\/strong> et est largement utilis\u00e9 dans l&#8217;emballage industriel, notamment dans les <strong>secteurs de l&rsquo;acier, de la m\u00e9tallurgie, de l&rsquo;automobile, etc.<\/strong> Il est particuli\u00e8rement adapt\u00e9 pour l&#8217;emballage de pi\u00e8ces et de composants m\u00e9talliques ainsi que d&rsquo;objets de grande taille ayant une g\u00e9om\u00e9trie complexe.<\/p>\n<p><strong>100% recycl\u00e9<\/strong> et <strong>recyclable<\/strong>.<\/p>\n","protected":false},"featured_media":6584,"comment_status":"open","ping_status":"closed","template":"","meta":{"_acf_changed":false},"product_brand":[],"product_cat":[91],"product_tag":[],"class_list":{"0":"post-9384","1":"product","2":"type-product","3":"status-publish","4":"has-post-thumbnail","6":"product_cat-plastique-emballage","8":"first","9":"instock","10":"shipping-taxable","11":"product-type-simple"},"acf":[],"_links":{"self":[{"href":"https:\/\/inviker.com\/fr\/wp-json\/wp\/v2\/product\/9384","targetHints":{"allow":["GET"]}}],"collection":[{"href":"https:\/\/inviker.com\/fr\/wp-json\/wp\/v2\/product"}],"about":[{"href":"https:\/\/inviker.com\/fr\/wp-json\/wp\/v2\/types\/product"}],"replies":[{"embeddable":true,"href":"https:\/\/inviker.com\/fr\/wp-json\/wp\/v2\/comments?post=9384"}],"wp:featuredmedia":[{"embeddable":true,"href":"https:\/\/inviker.com\/fr\/wp-json\/wp\/v2\/media\/6584"}],"wp:attachment":[{"href":"https:\/\/inviker.com\/fr\/wp-json\/wp\/v2\/media?parent=9384"}],"wp:term":[{"taxonomy":"product_brand","embeddable":true,"href":"https:\/\/inviker.com\/fr\/wp-json\/wp\/v2\/product_brand?post=9384"},{"taxonomy":"product_cat","embeddable":true,"href":"https:\/\/inviker.com\/fr\/wp-json\/wp\/v2\/product_cat?post=9384"},{"taxonomy":"product_tag","embeddable":true,"href":"https:\/\/inviker.com\/fr\/wp-json\/wp\/v2\/product_tag?post=9384"}],"curies":[{"name":"wp","href":"https:\/\/api.w.org\/{rel}","templated":true}]}}