{"id":9385,"date":"2022-07-14T14:37:09","date_gmt":"2022-07-14T12:37:09","guid":{"rendered":"https:\/\/inviker.com\/?post_type=product&#038;p=9385"},"modified":"2025-09-12T10:07:16","modified_gmt":"2025-09-12T08:07:16","slug":"sac-en-raphia","status":"publish","type":"product","link":"https:\/\/inviker.com\/fr\/plastique-emballage\/sac-en-raphia\/","title":{"rendered":"Sacs en raphia"},"content":{"rendered":"<p>Le raphia est un mat\u00e9riau tiss\u00e9 compos\u00e9 de fils de PP (polypropyl\u00e8ne) et lamin\u00e9 avec un film plastique en PE (poly\u00e9thyl\u00e8ne) pour former un <strong>compos\u00e9 imperm\u00e9able<\/strong>. La couche de PE garantit l&rsquo;<strong>\u00e9tanch\u00e9it\u00e9 <\/strong>de l&#8217;emballage.<\/p>\n<p>\u00c0 quoi servent les sacs en raphia?<\/p>\n<ul>\n<li>En raison de la r\u00e9sistance \u00e9lev\u00e9e offerte par ce complexe, il est utilis\u00e9 pour emballer des <strong>mat\u00e9riaux avec des pointes et des ar\u00eates vives<\/strong>.<\/li>\n<li>Ils sont utilis\u00e9s pour l&#8217;emballage de <strong>mat\u00e9riaux expos\u00e9s<\/strong> qui n\u00e9cessitent une protection et une r\u00e9sistance suppl\u00e9mentaires.<\/li>\n<li>Ils offrent l<strong>\u2019imperm\u00e9abilit\u00e9<\/strong>.<\/li>\n<\/ul>\n<p>&nbsp;<\/p>\n<p>Ils peuvent \u00eatre fournis cousus ou thermosoud\u00e9s.<\/p>\n<p>Les sacs en raphia peuvent \u00eatre personnalis\u00e9s avec le logo du client.<\/p>\n<p>Ils peuvent \u00eatre fournis avec un traitement anticorrosion VCI sur demande.<\/p>\n<p>Afin de s&rsquo;adapter aux besoins des clients, les sacs raphia Inviker sont fournis en diff\u00e9rentes largeurs, \u00e9paisseurs et couleurs, selon la demande du client.<\/p>\n<p>Ce mat\u00e9riau peut \u00e9galement \u00eatre fourni sous forme de tube, parfait pour l&#8217;emballage de longues pi\u00e8ces.<\/p>\n","protected":false},"excerpt":{"rendered":"<p>Les sacs en raphia sont confectionn\u00e9s \u00e0 partir d&rsquo;un mat\u00e9riau en PP (polypropyl\u00e8ne) qui est <strong>extr\u00eamement r\u00e9sistant<\/strong>.<\/p>\n<p>Leur utilisation est tr\u00e8s r\u00e9pandue dans l&#8217;emballage industriel, notamment dans les <strong>secteurs de la sid\u00e9rurgie, de la m\u00e9tallurgie et de l&rsquo;automobile<\/strong>, en raison de leur grande r\u00e9sistance m\u00e9canique.<\/p>\n<p>Chaque produit est personnalis\u00e9 \u00e0 100% en fonction des besoins sp\u00e9cifiques de chaque client.<\/p>\n","protected":false},"featured_media":6590,"comment_status":"open","ping_status":"closed","template":"","meta":{"_acf_changed":false},"product_brand":[],"product_cat":[91],"product_tag":[],"class_list":{"0":"post-9385","1":"product","2":"type-product","3":"status-publish","4":"has-post-thumbnail","6":"product_cat-plastique-emballage","8":"first","9":"instock","10":"shipping-taxable","11":"product-type-simple"},"acf":[],"_links":{"self":[{"href":"https:\/\/inviker.com\/fr\/wp-json\/wp\/v2\/product\/9385","targetHints":{"allow":["GET"]}}],"collection":[{"href":"https:\/\/inviker.com\/fr\/wp-json\/wp\/v2\/product"}],"about":[{"href":"https:\/\/inviker.com\/fr\/wp-json\/wp\/v2\/types\/product"}],"replies":[{"embeddable":true,"href":"https:\/\/inviker.com\/fr\/wp-json\/wp\/v2\/comments?post=9385"}],"wp:featuredmedia":[{"embeddable":true,"href":"https:\/\/inviker.com\/fr\/wp-json\/wp\/v2\/media\/6590"}],"wp:attachment":[{"href":"https:\/\/inviker.com\/fr\/wp-json\/wp\/v2\/media?parent=9385"}],"wp:term":[{"taxonomy":"product_brand","embeddable":true,"href":"https:\/\/inviker.com\/fr\/wp-json\/wp\/v2\/product_brand?post=9385"},{"taxonomy":"product_cat","embeddable":true,"href":"https:\/\/inviker.com\/fr\/wp-json\/wp\/v2\/product_cat?post=9385"},{"taxonomy":"product_tag","embeddable":true,"href":"https:\/\/inviker.com\/fr\/wp-json\/wp\/v2\/product_tag?post=9385"}],"curies":[{"name":"wp","href":"https:\/\/api.w.org\/{rel}","templated":true}]}}