{"id":9386,"date":"2022-07-14T14:43:06","date_gmt":"2022-07-14T12:43:06","guid":{"rendered":"https:\/\/inviker.com\/?post_type=product&#038;p=9386"},"modified":"2023-05-22T16:35:54","modified_gmt":"2023-05-22T14:35:54","slug":"inviflex-en-bois","status":"publish","type":"product","link":"https:\/\/inviker.com\/fr\/plastique-emballage\/inviflex-en-bois\/","title":{"rendered":"Inviflex en bois"},"content":{"rendered":"<p>La couche externe de raphia est <strong>imperm\u00e9able<\/strong> et r\u00e9sistante aux UV. La feuille de fibres d\u2019haute densit\u00e9 offre une protection contre les impacts et les vibrations \u00e9ventuels. La couche de papier VCI prot\u00e8ge le mat\u00e9riau de l&rsquo;humidit\u00e9 et de la poussi\u00e8re, tout en offrant une <strong>protection suppl\u00e9mentaire contre la corrosion<\/strong>.<\/p>\n<p>Le VCI utilis\u00e9 par Inviker est <strong>sans nitrite<\/strong>.<\/p>\n<p>Ce compos\u00e9 chimique s&rsquo;\u00e9vapore et se propage vers les zones les plus \u00e9loign\u00e9es du m\u00e9tal emball\u00e9, cr\u00e9ant une couche mol\u00e9culaire protectrice qui emp\u00eache tout contact avec des substances corrosives telles que l&rsquo;humidit\u00e9 ou l&rsquo;oxyg\u00e8ne.<\/p>\n<p>L&#8217;emballage en bois Inviflex est un mat\u00e9riau d&#8217;emballage <strong>tr\u00e8s performant<\/strong>. C\u2019est un mat\u00e9riau <strong>facile \u00e0 manipuler<\/strong> et \u00e0 utiliser, qui se coupe facilement entre les feuilles et qui est r\u00e9utilisable. En outre, il est consid\u00e9rablement plus l\u00e9ger et moins volumineux que les caisses en bois, ce qui r\u00e9duit les co\u00fbts de transport.<\/p>\n<p>\u00c0 quoi sert l\u2019Inviflex en bois?<\/p>\n<ul>\n<li>Il est <strong>imperm\u00e9able<\/strong> \u00e0 l&rsquo;eau.<\/li>\n<li>Il est <strong>r\u00e9sistant aux rayons UV<\/strong> du soleil.<\/li>\n<li>Il <strong>prot\u00e8ge<\/strong> le produit emball\u00e9 contre les \u00e9ventuels impacts et vibrations.<\/li>\n<li>Pas de clous, d&rsquo;agrafes ou d&rsquo;\u00e9chardes: les produits emball\u00e9s ne sont pas endommag\u00e9s.<\/li>\n<li>Il prot\u00e8ge les <strong>produits de dimensions et de volumes diff\u00e9rents<\/strong>.<\/li>\n<li>Il est respectueux de l\u2019environnement, car il est fabriqu\u00e9 \u00e0 partir de d\u00e9chets de bois.<\/li>\n<\/ul>\n<p>&nbsp;<\/p>\n<p>L\u2019Inviflex en bois peut \u00eatre personnalis\u00e9 avec le logo du client.<\/p>\n<p>Afin de s&rsquo;adapter aux besoins des clients, le mat\u00e9riau est disponible dans diff\u00e9rentes largeurs, longueurs et \u00e9paisseurs, en fonction de leurs demandes.<\/p>\n","protected":false},"excerpt":{"rendered":"<p>L\u2019Inviflex en bois est un emballage <strong>flexible et r\u00e9sistant<\/strong> qui se compose d&rsquo;une couche int\u00e9rieure de papier kraft trait\u00e9 avec le VCI (inhibiteur de corrosion volatile), d&rsquo;une couche interm\u00e9diaire en carton d\u2019haute densit\u00e9 et d&rsquo;une couche ext\u00e9rieure en raphia PP (polypropyl\u00e8ne).<\/p>\n<p>Il est adapt\u00e9 pour emballer et <strong>prot\u00e9ger les produits lourds ainsi que les produits sensibles \u00e0 la d\u00e9formation<\/strong>. Il assure une protection m\u00e9canique comparable \u00e0 celle des caisses en bois.<\/p>\n","protected":false},"featured_media":11068,"comment_status":"open","ping_status":"closed","template":"","meta":{"_acf_changed":false},"product_brand":[],"product_cat":[91],"product_tag":[],"class_list":{"0":"post-9386","1":"product","2":"type-product","3":"status-publish","4":"has-post-thumbnail","6":"product_cat-plastique-emballage","8":"first","9":"instock","10":"shipping-taxable","11":"product-type-simple"},"acf":[],"_links":{"self":[{"href":"https:\/\/inviker.com\/fr\/wp-json\/wp\/v2\/product\/9386","targetHints":{"allow":["GET"]}}],"collection":[{"href":"https:\/\/inviker.com\/fr\/wp-json\/wp\/v2\/product"}],"about":[{"href":"https:\/\/inviker.com\/fr\/wp-json\/wp\/v2\/types\/product"}],"replies":[{"embeddable":true,"href":"https:\/\/inviker.com\/fr\/wp-json\/wp\/v2\/comments?post=9386"}],"wp:featuredmedia":[{"embeddable":true,"href":"https:\/\/inviker.com\/fr\/wp-json\/wp\/v2\/media\/11068"}],"wp:attachment":[{"href":"https:\/\/inviker.com\/fr\/wp-json\/wp\/v2\/media?parent=9386"}],"wp:term":[{"taxonomy":"product_brand","embeddable":true,"href":"https:\/\/inviker.com\/fr\/wp-json\/wp\/v2\/product_brand?post=9386"},{"taxonomy":"product_cat","embeddable":true,"href":"https:\/\/inviker.com\/fr\/wp-json\/wp\/v2\/product_cat?post=9386"},{"taxonomy":"product_tag","embeddable":true,"href":"https:\/\/inviker.com\/fr\/wp-json\/wp\/v2\/product_tag?post=9386"}],"curies":[{"name":"wp","href":"https:\/\/api.w.org\/{rel}","templated":true}]}}