{"id":9387,"date":"2022-07-14T14:42:01","date_gmt":"2022-07-14T12:42:01","guid":{"rendered":"https:\/\/inviker.com\/?post_type=product&#038;p=9387"},"modified":"2023-05-22T16:36:17","modified_gmt":"2023-05-22T14:36:17","slug":"inviflex-en-plastique","status":"publish","type":"product","link":"https:\/\/inviker.com\/fr\/plastique-emballage\/inviflex-en-plastique\/","title":{"rendered":"Inviflex en plastique"},"content":{"rendered":"<p>L\u2019emballage Inviflex se compose de<strong> deux couches de PE<\/strong>:<\/p>\n<ul>\n<li>La couche ext\u00e9rieure pr\u00e9sente une ondulation sp\u00e9cifique, con\u00e7ue pour prot\u00e9ger le mat\u00e9riau emball\u00e9 contre les frottements et les impacts externes. Elle est \u00e9galement r\u00e9sistante aux rayons UV.<\/li>\n<li>La couche de base est lisse, r\u00e9sistante aux UV et offre une adh\u00e9rence parfaite au produit emball\u00e9.<\/li>\n<\/ul>\n<p>La combinaison de ces deux couches de poly\u00e9thyl\u00e8ne forme un film de protection <strong>souple et tr\u00e8s r\u00e9sistant <\/strong>qui pr\u00e9vient les chocs et les rayures sur le produit emball\u00e9. Ce film est \u00e9galement <strong>imperm\u00e9able<\/strong> et r\u00e9siste aux diff\u00e9rentes conditions climatiques pendant le stockage et le transport.<\/p>\n<p>\u00c0 quoi sert l\u2019Inviflex en plastique?<\/p>\n<ul>\n<li>Il convient \u00e0 l&#8217;emballage et \u00e0 la protection de bobines de c\u00e2bles, d&rsquo;acier, d&rsquo;aluminium, de tuyaux, etc.<\/li>\n<li>Il est<strong> facile \u00e0 manipuler <\/strong>et tr\u00e8s <strong>efficace<\/strong>.<\/li>\n<li>Il est<strong> r\u00e9sistant aux chocs,<\/strong> aux frottements avec les chariots \u00e9l\u00e9vateurs, etc.<\/li>\n<li>Il est <strong>r\u00e9sistant aux rayons UV<\/strong> du soleil.<\/li>\n<li>Il est <strong>r\u00e9sistant \u00e0 l&rsquo;humidit\u00e9<\/strong>, \u00e0 la pluie et \u00e0 la neige \u00e0 l&rsquo;ext\u00e9rieur.<\/li>\n<li>Il est <strong>imperm\u00e9able<\/strong> \u00e0 l&rsquo;eau.<\/li>\n<li>Il est r\u00e9sistant aux insectes et aux termites.<\/li>\n<li>Il est recyclable \u00e0 100%.<\/li>\n<\/ul>\n<p>&nbsp;<\/p>\n<p>L\u2019Inviflex en plastique peut \u00eatre personnalis\u00e9 avec le logo du client.<\/p>\n<p>Afin de s&rsquo;adapter aux besoins des clients, l\u2019Inviflex en plastique est fourni dans les dimensions et les couleurs demand\u00e9es.<\/p>\n","protected":false},"excerpt":{"rendered":"<p>Inviflex est un emballage<strong> flexible et r\u00e9sistant <\/strong>en PE (poly\u00e9thyl\u00e8ne), id\u00e9al pour l&#8217;emballage et la <strong>protection de bobines de c\u00e2bles, d&rsquo;acier, d&rsquo;aluminium, de tuyaux<\/strong> et autres produits similaires.<\/p>\n","protected":false},"featured_media":6689,"comment_status":"open","ping_status":"closed","template":"","meta":{"_acf_changed":false},"product_brand":[],"product_cat":[91],"product_tag":[],"class_list":{"0":"post-9387","1":"product","2":"type-product","3":"status-publish","4":"has-post-thumbnail","6":"product_cat-plastique-emballage","8":"first","9":"instock","10":"shipping-taxable","11":"product-type-simple"},"acf":[],"_links":{"self":[{"href":"https:\/\/inviker.com\/fr\/wp-json\/wp\/v2\/product\/9387","targetHints":{"allow":["GET"]}}],"collection":[{"href":"https:\/\/inviker.com\/fr\/wp-json\/wp\/v2\/product"}],"about":[{"href":"https:\/\/inviker.com\/fr\/wp-json\/wp\/v2\/types\/product"}],"replies":[{"embeddable":true,"href":"https:\/\/inviker.com\/fr\/wp-json\/wp\/v2\/comments?post=9387"}],"wp:featuredmedia":[{"embeddable":true,"href":"https:\/\/inviker.com\/fr\/wp-json\/wp\/v2\/media\/6689"}],"wp:attachment":[{"href":"https:\/\/inviker.com\/fr\/wp-json\/wp\/v2\/media?parent=9387"}],"wp:term":[{"taxonomy":"product_brand","embeddable":true,"href":"https:\/\/inviker.com\/fr\/wp-json\/wp\/v2\/product_brand?post=9387"},{"taxonomy":"product_cat","embeddable":true,"href":"https:\/\/inviker.com\/fr\/wp-json\/wp\/v2\/product_cat?post=9387"},{"taxonomy":"product_tag","embeddable":true,"href":"https:\/\/inviker.com\/fr\/wp-json\/wp\/v2\/product_tag?post=9387"}],"curies":[{"name":"wp","href":"https:\/\/api.w.org\/{rel}","templated":true}]}}