{"id":9388,"date":"2022-07-18T11:31:15","date_gmt":"2022-07-18T09:31:15","guid":{"rendered":"https:\/\/inviker.com\/?post_type=product&#038;p=9388"},"modified":"2023-05-30T16:02:28","modified_gmt":"2023-05-30T14:02:28","slug":"carton-compact","status":"publish","type":"product","link":"https:\/\/inviker.com\/fr\/papier-emballage\/carton-compact\/","title":{"rendered":"Carton compact"},"content":{"rendered":"<p>Le carton compact, connu \u00e9galement sous les noms de carton graphique ou contrecoll\u00e9, est form\u00e9 de trois couches de carton gris recycl\u00e9. Ce mat\u00e9riau offre des <strong>performances d&#8217;emballage \u00e9lev\u00e9es<\/strong>.<\/p>\n<p>La production de carton compact utilise uniquement des mati\u00e8res premi\u00e8res <strong>100% recycl\u00e9es et recyclables<\/strong>, sans contenir de substances nocives pour l&rsquo;environnement. Ce mat\u00e9riau offre un excellent rapport qualit\u00e9-prix pour optimiser les co\u00fbts d&#8217;emballage.<\/p>\n<p>C&rsquo;est un mat\u00e9riau alternatif qui <strong>a remplac\u00e9 les planches en bois utilis\u00e9es pour la s\u00e9paration des pi\u00e8ces<\/strong> dans les secteurs industriels. Selon sa densit\u00e9, il est plus rigide que le carton ondul\u00e9 et peut donc supporter un poids plus important.<\/p>\n<p>\u00c0 quoi sert le carton compact?<\/p>\n<ul>\n<li>Il prot\u00e8ge les pi\u00e8ces des rayures et <strong>emp\u00eache le marquage du produit<\/strong>.<\/li>\n<li>Il offre la <strong>protection contre les chocs et les perforations<\/strong>.<\/li>\n<li>Il est id\u00e9al comme <strong>s\u00e9parateur pour les pi\u00e8ces lourdes<\/strong>.<\/li>\n<li>Il est facile \u00e0 manipuler.<\/li>\n<li>Il est <strong>respectueux de l&rsquo;environnement et rentable<\/strong>.<\/li>\n<\/ul>\n<p>&nbsp;<\/p>\n<p>Pour r\u00e9pondre aux exigences de nos clients, nous pouvons fabriquer le carton compact dans diff\u00e9rentes \u00e9paisseurs et densit\u00e9s en fonction de leurs demandes.<\/p>\n","protected":false},"excerpt":{"rendered":"<p>Le carton compact est un mat\u00e9riau <strong>tr\u00e8s durable<\/strong> qui offre une grande r\u00e9sistance \u00e0 l&rsquo;humidit\u00e9. Il est \u00e0 la fois <strong>souple et l\u00e9ger<\/strong>.<\/p>\n<p>Il est 100% recycl\u00e9 et 100% recyclable.<\/p>\n","protected":false},"featured_media":6728,"comment_status":"open","ping_status":"closed","template":"","meta":{"_acf_changed":false},"product_brand":[],"product_cat":[90],"product_tag":[],"class_list":{"0":"post-9388","1":"product","2":"type-product","3":"status-publish","4":"has-post-thumbnail","6":"product_cat-papier-emballage","8":"first","9":"instock","10":"shipping-taxable","11":"product-type-simple"},"acf":[],"_links":{"self":[{"href":"https:\/\/inviker.com\/fr\/wp-json\/wp\/v2\/product\/9388","targetHints":{"allow":["GET"]}}],"collection":[{"href":"https:\/\/inviker.com\/fr\/wp-json\/wp\/v2\/product"}],"about":[{"href":"https:\/\/inviker.com\/fr\/wp-json\/wp\/v2\/types\/product"}],"replies":[{"embeddable":true,"href":"https:\/\/inviker.com\/fr\/wp-json\/wp\/v2\/comments?post=9388"}],"wp:featuredmedia":[{"embeddable":true,"href":"https:\/\/inviker.com\/fr\/wp-json\/wp\/v2\/media\/6728"}],"wp:attachment":[{"href":"https:\/\/inviker.com\/fr\/wp-json\/wp\/v2\/media?parent=9388"}],"wp:term":[{"taxonomy":"product_brand","embeddable":true,"href":"https:\/\/inviker.com\/fr\/wp-json\/wp\/v2\/product_brand?post=9388"},{"taxonomy":"product_cat","embeddable":true,"href":"https:\/\/inviker.com\/fr\/wp-json\/wp\/v2\/product_cat?post=9388"},{"taxonomy":"product_tag","embeddable":true,"href":"https:\/\/inviker.com\/fr\/wp-json\/wp\/v2\/product_tag?post=9388"}],"curies":[{"name":"wp","href":"https:\/\/api.w.org\/{rel}","templated":true}]}}