{"id":9389,"date":"2022-07-14T14:46:20","date_gmt":"2022-07-14T12:46:20","guid":{"rendered":"https:\/\/inviker.com\/?post_type=product&#038;p=9389"},"modified":"2023-05-30T16:02:49","modified_gmt":"2023-05-30T14:02:49","slug":"carton-ondule","status":"publish","type":"product","link":"https:\/\/inviker.com\/fr\/papier-emballage\/carton-ondule\/","title":{"rendered":"Carton ondul\u00e9"},"content":{"rendered":"<p>Le carton ondul\u00e9 est constitu\u00e9 de plusieurs couches de papier lisse qui sont maintenues \u00e0 \u00e9gale distance par une ou plusieurs couches de papier ondul\u00e9.<\/p>\n<p>Il existe <strong>divers types <\/strong>de carton. Chez Inviker, la combinaison la plus courante est le <strong>carton de face simple<\/strong> qui se compose d&rsquo;une feuille de papier lisse et d&rsquo;une feuille de papier cr\u00eap\u00e9.<\/p>\n<p>Ce mat\u00e9riau est <strong>l\u00e9ger<\/strong> et peut remplir diff\u00e9rentes fonctions telles que le <strong>rembourrage, la protection ou le renforcement<\/strong>. Il est \u00e9galement capable d&rsquo;absorber une quantit\u00e9 minimale d&rsquo;humidit\u00e9 afin d&rsquo;\u00e9viter toute condensation lors du stockage et du transport.<\/p>\n<p>\u00c0 quoi sert le carton ondul\u00e9?<\/p>\n<ul>\n<li>Il prot\u00e8ge les pi\u00e8ces m\u00e9talliques des rayures et<strong> emp\u00eache le marquage des produits<\/strong>.<\/li>\n<li>Il offre la <strong>protection contre les chocs et les perforations<\/strong>.<\/li>\n<li>Il peut \u00eatre utilis\u00e9 comme <strong>s\u00e9parateur ou pour l&#8217;emballage individuel<\/strong> de pi\u00e8ces.<\/li>\n<li>Il est facile \u00e0 manipuler.<\/li>\n<li>Il est <strong>respectueux de l&rsquo;environnement et rentable<\/strong>.<\/li>\n<\/ul>\n<p>&nbsp;<\/p>\n<p>Le carton ondul\u00e9 peut \u00eatre pourvu d&rsquo;une couche de PE (poly\u00e9thyl\u00e8ne) pour pr\u00e9venir la p\u00e9n\u00e9tration d&rsquo;humidit\u00e9 dans l&#8217;emballage.<\/p>\n<p>Afin de satisfaire les demandes des clients, nous fournissons notre carton dans les variations de types de carton et de dimensions sp\u00e9cifi\u00e9es par le client.<\/p>\n","protected":false},"excerpt":{"rendered":"<p>Le carton ondul\u00e9 est compos\u00e9 de plusieurs couches de papier lisse et ondul\u00e9. Cette combinaison de couches conf\u00e8re au carton <strong>une grande flexibilit\u00e9 et une r\u00e9sistance accrue<\/strong>, tout en restant <strong>solide et l\u00e9ger<\/strong>.<\/p>\n<p>La polyvalence dans la conception et le d\u00e9veloppement de nouveaux produits offre des possibilit\u00e9s infinies pour r\u00e9pondre aux besoins sp\u00e9cifiques de chaque client<strong>.<\/strong><\/p>\n<p>Le carton ondul\u00e9 est fabriqu\u00e9 \u00e0 partir de papier <strong>100% recycl\u00e9 et recyclable<\/strong>. En outre, il pr\u00e9sente un excellent rapport qualit\u00e9-prix, ce qui permet d&rsquo;optimiser les co\u00fbts d&#8217;emballage.<\/p>\n","protected":false},"featured_media":6716,"comment_status":"open","ping_status":"closed","template":"","meta":{"_acf_changed":false},"product_brand":[],"product_cat":[90],"product_tag":[],"class_list":{"0":"post-9389","1":"product","2":"type-product","3":"status-publish","4":"has-post-thumbnail","6":"product_cat-papier-emballage","8":"first","9":"instock","10":"shipping-taxable","11":"product-type-simple"},"acf":[],"_links":{"self":[{"href":"https:\/\/inviker.com\/fr\/wp-json\/wp\/v2\/product\/9389","targetHints":{"allow":["GET"]}}],"collection":[{"href":"https:\/\/inviker.com\/fr\/wp-json\/wp\/v2\/product"}],"about":[{"href":"https:\/\/inviker.com\/fr\/wp-json\/wp\/v2\/types\/product"}],"replies":[{"embeddable":true,"href":"https:\/\/inviker.com\/fr\/wp-json\/wp\/v2\/comments?post=9389"}],"wp:featuredmedia":[{"embeddable":true,"href":"https:\/\/inviker.com\/fr\/wp-json\/wp\/v2\/media\/6716"}],"wp:attachment":[{"href":"https:\/\/inviker.com\/fr\/wp-json\/wp\/v2\/media?parent=9389"}],"wp:term":[{"taxonomy":"product_brand","embeddable":true,"href":"https:\/\/inviker.com\/fr\/wp-json\/wp\/v2\/product_brand?post=9389"},{"taxonomy":"product_cat","embeddable":true,"href":"https:\/\/inviker.com\/fr\/wp-json\/wp\/v2\/product_cat?post=9389"},{"taxonomy":"product_tag","embeddable":true,"href":"https:\/\/inviker.com\/fr\/wp-json\/wp\/v2\/product_tag?post=9389"}],"curies":[{"name":"wp","href":"https:\/\/api.w.org\/{rel}","templated":true}]}}