{"id":9390,"date":"2022-07-14T14:47:34","date_gmt":"2022-07-14T12:47:34","guid":{"rendered":"https:\/\/inviker.com\/?post_type=product&#038;p=9390"},"modified":"2023-05-30T16:02:43","modified_gmt":"2023-05-30T14:02:43","slug":"papier-crepe","status":"publish","type":"product","link":"https:\/\/inviker.com\/fr\/papier-emballage\/papier-crepe\/","title":{"rendered":"Papier cr\u00eap\u00e9"},"content":{"rendered":"<p>\u00c0 quoi sert le papier cr\u00eap\u00e9?<\/p>\n<ul>\n<li>Il est utilis\u00e9 pour l&#8217;emballage de pi\u00e8ces ou de <strong>produits de forme irr\u00e9guli\u00e8re<\/strong>.<\/li>\n<li>Il offre une protection accrue lors du<strong> stockage<\/strong> de pi\u00e8ces m\u00e9talliques entre diff\u00e9rents \u00e9tapes de fabrication.<\/li>\n<li>Il est utilis\u00e9 comme <strong>s\u00e9parateur ou pour l&#8217;emballage individuel <\/strong>de pi\u00e8ces.<\/li>\n<\/ul>\n<p>&nbsp;<\/p>\n<p>Il peut \u00eatre fourni avec un traitement anticorrosion VCI sur demande.<\/p>\n<p>Le papier cr\u00eap\u00e9 peut \u00eatre pourvu d&rsquo;une couche de PE (poly\u00e9thyl\u00e8ne) pour pr\u00e9venir la p\u00e9n\u00e9tration d&rsquo;humidit\u00e9 dans l&#8217;emballage.<\/p>\n<p>Pour satisfaire les besoins des clients, Inviker fournit du papier cr\u00eap\u00e9 dans les grammages, les allongements et les largeurs demand\u00e9s.<\/p>\n<p>Le papier cr\u00eap\u00e9 est utilis\u00e9 dans divers types d&#8217;emballages. Selon les besoins, il peut \u00e9galement \u00eatre renforc\u00e9 avec du bitume, de la paraffine et\/ou avec un renfort en maille pour une meilleure r\u00e9sistance \u00e0 la d\u00e9chirure.<\/p>\n","protected":false},"excerpt":{"rendered":"<p>Le papier cr\u00eap\u00e9 naturel est un mat\u00e9riau qui est froiss\u00e9 en accord\u00e9on pour lui donner <strong>plus d&rsquo;\u00e9lasticit\u00e9 et de souplesse<\/strong>. Il offre \u00e9galement un <strong>effet de rembourrage<\/strong> qui assure une meilleure protection lors du stockage et du transport de mat\u00e9riel emball\u00e9.<\/p>\n<p>Gr\u00e2ce \u00e0 ses propri\u00e9t\u00e9s de flexibilit\u00e9, ce papier est con\u00e7u pour l&#8217;emballage de <strong>produits de forme irr\u00e9guli\u00e8re<\/strong> ou de pi\u00e8ces d\u00e9tach\u00e9es. Il est \u00e9galement largement utilis\u00e9 comme s\u00e9parateur entre les pi\u00e8ces.<\/p>\n","protected":false},"featured_media":6713,"comment_status":"open","ping_status":"closed","template":"","meta":{"_acf_changed":false},"product_brand":[],"product_cat":[90],"product_tag":[],"class_list":{"0":"post-9390","1":"product","2":"type-product","3":"status-publish","4":"has-post-thumbnail","6":"product_cat-papier-emballage","8":"first","9":"instock","10":"shipping-taxable","11":"product-type-simple"},"acf":[],"_links":{"self":[{"href":"https:\/\/inviker.com\/fr\/wp-json\/wp\/v2\/product\/9390","targetHints":{"allow":["GET"]}}],"collection":[{"href":"https:\/\/inviker.com\/fr\/wp-json\/wp\/v2\/product"}],"about":[{"href":"https:\/\/inviker.com\/fr\/wp-json\/wp\/v2\/types\/product"}],"replies":[{"embeddable":true,"href":"https:\/\/inviker.com\/fr\/wp-json\/wp\/v2\/comments?post=9390"}],"wp:featuredmedia":[{"embeddable":true,"href":"https:\/\/inviker.com\/fr\/wp-json\/wp\/v2\/media\/6713"}],"wp:attachment":[{"href":"https:\/\/inviker.com\/fr\/wp-json\/wp\/v2\/media?parent=9390"}],"wp:term":[{"taxonomy":"product_brand","embeddable":true,"href":"https:\/\/inviker.com\/fr\/wp-json\/wp\/v2\/product_brand?post=9390"},{"taxonomy":"product_cat","embeddable":true,"href":"https:\/\/inviker.com\/fr\/wp-json\/wp\/v2\/product_cat?post=9390"},{"taxonomy":"product_tag","embeddable":true,"href":"https:\/\/inviker.com\/fr\/wp-json\/wp\/v2\/product_tag?post=9390"}],"curies":[{"name":"wp","href":"https:\/\/api.w.org\/{rel}","templated":true}]}}