{"id":9391,"date":"2022-07-15T11:43:14","date_gmt":"2022-07-15T09:43:14","guid":{"rendered":"https:\/\/inviker.com\/?post_type=product&#038;p=9391"},"modified":"2024-06-03T15:11:09","modified_gmt":"2024-06-03T13:11:09","slug":"papier-kraft","status":"publish","type":"product","link":"https:\/\/inviker.com\/fr\/papier-emballage\/papier-kraft\/","title":{"rendered":"Papier kraft"},"content":{"rendered":"<p>Inviker fournit du papier kraft, \u00e9galement connu sous le nom de kraftliner, en premi\u00e8re et troisi\u00e8me qualit\u00e9.<\/p>\n<p>C&rsquo;est un mat\u00e9riau de <strong>tr\u00e8s bonne performa<\/strong>nce. Il est disponible dans des grammages l\u00e9gers \u00e0 moyens, entre 40 et 80 g\/m<sup>2<\/sup>, et offre une r\u00e9sistance mod\u00e9r\u00e9e \u00e0 l&rsquo;humidit\u00e9.<\/p>\n<h2><strong>Kraftliner 1<sup>re<\/sup> qualit\u00e9<\/strong><\/h2>\n<p>Le papier kraft de premi\u00e8re qualit\u00e9 est de couleur brun naturel. Il est fabriqu\u00e9 \u00e0 partir de fibres de bois <strong>vierges<\/strong> non blanchies, qui subissent un processus de cuisson rapide pour \u00eatre transform\u00e9es en p\u00e2te chimique. Ce processus donne un papier tr\u00e8s <strong>r\u00e9sistant <\/strong>\u00e0 l&rsquo;\u00e9clatement, \u00e0 la d\u00e9chirure et \u00e0 la traction. Il est \u00e9galement tr\u00e8s <strong>polyvalent<\/strong> en termes de grammage et d&rsquo;applications.<\/p>\n<p>Chez Inviker, nous proposons, comme standard, du papier kraft de premi\u00e8re cat\u00e9gorie, glac\u00e9 en machine (MG) et <strong>verg\u00e9<\/strong><strong>.<\/strong> Ce type de finition pr\u00e9sente une texture compos\u00e9e de rayures plus fonc\u00e9es mais subtiles ainsi qu&rsquo;un l\u00e9ger brillant.<\/p>\n<p>Ce mat\u00e9riau est consid\u00e9r\u00e9 comme l&rsquo;un des plus \u00e9cologiques car il peut \u00eatre recycl\u00e9 jusqu&rsquo;\u00e0 sept fois lorsqu&rsquo;il est correctement tri\u00e9 et collect\u00e9. De plus, la mati\u00e8re premi\u00e8re utilis\u00e9e pour sa fabrication provient \u00e0 100 % de ressources renouvelables.<\/p>\n<h2><strong>Kraftliner 3<sup>e<\/sup> qualit\u00e9<\/strong><\/h2>\n<p>Le papier kraft de troisi\u00e8me qualit\u00e9 est un produit <strong>100% recycl\u00e9<\/strong>, ce qui le rend tr\u00e8s respectueux de l&rsquo;environnement car il est fabriqu\u00e9 sans utiliser de fibres naturelles vierges. C&rsquo;est une excellente option pour favoriser le recyclage et limiter la d\u00e9forestation.<\/p>\n<p>Malgr\u00e9 son origine recycl\u00e9e, ce papier kraft conserve des propri\u00e9t\u00e9s de <strong>r\u00e9sistance et de polyvalence<\/strong> comparables \u00e0 celles du kraft de premi\u00e8re qualit\u00e9. De plus, c&rsquo;est une <strong>alternative plus \u00e9conomique<\/strong> par rapport au kraft de premi\u00e8re qualit\u00e9.<\/p>\n\t\t<div data-elementor-type=\"section\" data-elementor-id=\"9576\" class=\"elementor elementor-9576 elementor-9570\" data-elementor-post-type=\"elementor_library\">\n\t\t\t<div class=\"elementor-element elementor-element-12081a4 e-flex e-con-boxed e-con e-parent\" data-id=\"12081a4\" data-element_type=\"container\" data-e-type=\"container\">\n\t\t\t\t\t<div class=\"e-con-inner\">\n\t\t\t\t<div class=\"elementor-element elementor-element-28aa0d7 elementor-widget elementor-widget-html\" data-id=\"28aa0d7\" data-element_type=\"widget\" data-e-type=\"widget\" data-widget_type=\"html.default\">\n\t\t\t\t\t<table class=\"caracteristicas\">\r\n<tbody>\r\n<tr>\r\n    <th>Cat\u00e9gorie<\/th>\r\n    <th>Qualit\u00e9<\/th>\r\n    <th>Recyclage<\/th>\r\n<\/tr>\r\n<tr>\r\n    <td rowspan=\"2\">Kraftliner<\/td>\r\n    <td>1<sup>re<\/sup><\/td>\r\n    <td align=\"center\">100% vierge<\/td>\r\n<\/tr>\r\n<tr>\r\n    <td align=\"center\">3<sup>e<\/sup><\/td>\r\n    <td>100% recycl\u00e9<\/td>\r\n<\/tr>\r\n<\/tbody><\/table>\t\t\t\t<\/div>\n\t\t\t\t\t<\/div>\n\t\t\t\t<\/div>\n\t\t\t\t<\/div>\n\t\t\n<p>&nbsp;<\/p>\n<p>\u00c0 quoi sert le papier kraft ?<\/p>\n<ul>\n<li>Il est id\u00e9al pour<strong> l&#8217;emballage, la protection et le transport<\/strong> des produits.<\/li>\n<li>C\u2019est un mat\u00e9riau <strong>souple et r\u00e9sistant<\/strong>.<\/li>\n<li>Il est <strong>biod\u00e9gradable<\/strong> et <strong>recyclable \u00e0 100%<\/strong>.<\/li>\n<\/ul>\n<p>&nbsp;<\/p>\n<p>Inviker fournit du papier kraft en rouleaux selon la taille ou le poids demand\u00e9s par le client, ou en feuilles d\u00e9coup\u00e9es sur mesure.<\/p>\n<p>Le papier kraft peut \u00eatre utilis\u00e9 dans divers complexes d\u2019emballages. Selon les besoins, il peut \u00e9galement \u00eatre disponible avec un rev\u00eatement de bitume ou paraffin\u00e9.<\/p>\n<p>Vous avez besoin d&rsquo;un papier plus \u00e9conomique ? Vous recherchez du papier pour peintres ou pour le remplissage de cartons ? D\u00e9couvrez notre <a href=\"https:\/\/inviker.com\/fr\/papier-emballage\/papier-testliner\/\">gamme de papier testliner<\/a>.<\/p>\n","protected":false},"excerpt":{"rendered":"<p>Le papier kraft est un papier <strong>souple et r\u00e9sistant<\/strong>. Il est <strong>100% naturel<\/strong> et donc recyclable. Il offre une plus grande r\u00e9sistance que les autres papiers gr\u00e2ce \u00e0 la fibre de bois naturelle.<\/p>\n<p>Il est utilis\u00e9 pour l&#8217;emballage et le conditionnement, ou comme mat\u00e9riau pour des emballages commerciaux haut de gamme, ainsi que dans la fabrication de carton ondul\u00e9.<\/p>\n","protected":false},"featured_media":6707,"comment_status":"open","ping_status":"closed","template":"","meta":{"_acf_changed":false},"product_brand":[],"product_cat":[90],"product_tag":[],"class_list":{"0":"post-9391","1":"product","2":"type-product","3":"status-publish","4":"has-post-thumbnail","6":"product_cat-papier-emballage","8":"first","9":"instock","10":"shipping-taxable","11":"product-type-simple"},"acf":[],"_links":{"self":[{"href":"https:\/\/inviker.com\/fr\/wp-json\/wp\/v2\/product\/9391","targetHints":{"allow":["GET"]}}],"collection":[{"href":"https:\/\/inviker.com\/fr\/wp-json\/wp\/v2\/product"}],"about":[{"href":"https:\/\/inviker.com\/fr\/wp-json\/wp\/v2\/types\/product"}],"replies":[{"embeddable":true,"href":"https:\/\/inviker.com\/fr\/wp-json\/wp\/v2\/comments?post=9391"}],"wp:featuredmedia":[{"embeddable":true,"href":"https:\/\/inviker.com\/fr\/wp-json\/wp\/v2\/media\/6707"}],"wp:attachment":[{"href":"https:\/\/inviker.com\/fr\/wp-json\/wp\/v2\/media?parent=9391"}],"wp:term":[{"taxonomy":"product_brand","embeddable":true,"href":"https:\/\/inviker.com\/fr\/wp-json\/wp\/v2\/product_brand?post=9391"},{"taxonomy":"product_cat","embeddable":true,"href":"https:\/\/inviker.com\/fr\/wp-json\/wp\/v2\/product_cat?post=9391"},{"taxonomy":"product_tag","embeddable":true,"href":"https:\/\/inviker.com\/fr\/wp-json\/wp\/v2\/product_tag?post=9391"}],"curies":[{"name":"wp","href":"https:\/\/api.w.org\/{rel}","templated":true}]}}