{"id":9396,"date":"2022-07-15T09:24:43","date_gmt":"2022-07-15T07:24:43","guid":{"rendered":"https:\/\/inviker.com\/?post_type=product&#038;p=9396"},"modified":"2023-05-30T16:12:37","modified_gmt":"2023-05-30T14:12:37","slug":"film-etirable","status":"publish","type":"product","link":"https:\/\/inviker.com\/fr\/plastique-emballage\/film-etirable\/","title":{"rendered":"Film \u00e9tirable"},"content":{"rendered":"<p><strong>Film \u00e9tirable MANUEL<\/strong><\/p>\n<p>Film \u00e9tirable en bobines de 25 ou 50 cm de large et d&rsquo;un poids de 2 \u00e0 3 kg pour une utilisation manuelle.<\/p>\n<p>Ce format standard est utilis\u00e9 universellement pour l&#8217;emballage manuel des palettes et offre une <strong>protection fiable<\/strong> des charges pendant le transport et le stockage. Ce film est facile \u00e0 utiliser et <strong>r\u00e9sistant aux d\u00e9chirures.<\/strong><\/p>\n<p>Sa<strong> flexibilit\u00e9<\/strong> le rend id\u00e9al pour envelopper les produits palettis\u00e9s avec des angles droits.<\/p>\n<p><strong>Film \u00e9tirable AUTOMATIQUE<\/strong><\/p>\n<p>Notre film \u00e9tirable automatique standard pr\u00e9sente des performances exceptionnelles. Avec une <strong>capacit\u00e9 d&rsquo;\u00e9tirement de 220%<\/strong>, il offre une performance remarquable permettant ainsi \u00e0 l&rsquo;utilisateur de r\u00e9aliser des \u00e9conomies importantes.<\/p>\n<p>En outre, l&rsquo;utilisation de mati\u00e8res premi\u00e8res de premi\u00e8re qualit\u00e9 garantit l&rsquo;<strong>absence de d\u00e9chirure<\/strong> lors de l&rsquo;application du film par la banderoleuse automatique.<\/p>\n<p>&nbsp;<\/p>\n<p>Le film \u00e9tirable peut \u00eatre personnalis\u00e9 avec le logo du client.<\/p>\n<p>Il peut \u00eatre fourni avec un traitement anticorrosion VCI sur demande.<\/p>\n<p>Afin de s&rsquo;adapter aux besoins des clients, le produit est fourni dans les dimensions et les \u00e9paisseurs demand\u00e9es.<\/p>\n","protected":false},"excerpt":{"rendered":"<p>Le film \u00e9tirable poss\u00e8de une<strong> grande capacit\u00e9 d&rsquo;\u00e9tirement <\/strong>ainsi qu&rsquo;une<strong> r\u00e9sistance \u00e9lev\u00e9e aux d\u00e9chirures et aux ruptures<\/strong>. Gr\u00e2ce \u00e0 son \u00e9lasticit\u00e9, il est un mat\u00e9riau flexible et id\u00e9al pour l&#8217;emballage de produits palettis\u00e9s \u00e0 angle droit.<\/p>\n<p>Facile \u00e0 appliquer et adaptable, il <strong>convient \u00e0 une utilisation manuelle et automatique<\/strong>.<\/p>\n","protected":false},"featured_media":6539,"comment_status":"open","ping_status":"closed","template":"","meta":{"_acf_changed":false},"product_brand":[],"product_cat":[91],"product_tag":[],"class_list":{"0":"post-9396","1":"product","2":"type-product","3":"status-publish","4":"has-post-thumbnail","6":"product_cat-plastique-emballage","8":"first","9":"instock","10":"shipping-taxable","11":"product-type-simple"},"acf":[],"_links":{"self":[{"href":"https:\/\/inviker.com\/fr\/wp-json\/wp\/v2\/product\/9396","targetHints":{"allow":["GET"]}}],"collection":[{"href":"https:\/\/inviker.com\/fr\/wp-json\/wp\/v2\/product"}],"about":[{"href":"https:\/\/inviker.com\/fr\/wp-json\/wp\/v2\/types\/product"}],"replies":[{"embeddable":true,"href":"https:\/\/inviker.com\/fr\/wp-json\/wp\/v2\/comments?post=9396"}],"wp:featuredmedia":[{"embeddable":true,"href":"https:\/\/inviker.com\/fr\/wp-json\/wp\/v2\/media\/6539"}],"wp:attachment":[{"href":"https:\/\/inviker.com\/fr\/wp-json\/wp\/v2\/media?parent=9396"}],"wp:term":[{"taxonomy":"product_brand","embeddable":true,"href":"https:\/\/inviker.com\/fr\/wp-json\/wp\/v2\/product_brand?post=9396"},{"taxonomy":"product_cat","embeddable":true,"href":"https:\/\/inviker.com\/fr\/wp-json\/wp\/v2\/product_cat?post=9396"},{"taxonomy":"product_tag","embeddable":true,"href":"https:\/\/inviker.com\/fr\/wp-json\/wp\/v2\/product_tag?post=9396"}],"curies":[{"name":"wp","href":"https:\/\/api.w.org\/{rel}","templated":true}]}}