{"id":9397,"date":"2022-07-15T09:22:48","date_gmt":"2022-07-15T07:22:48","guid":{"rendered":"https:\/\/inviker.com\/?post_type=product&#038;p=9397"},"modified":"2023-05-30T16:12:21","modified_gmt":"2023-05-30T14:12:21","slug":"film-gaufre","status":"publish","type":"product","link":"https:\/\/inviker.com\/fr\/plastique-emballage\/film-gaufre\/","title":{"rendered":"Film gaufr\u00e9"},"content":{"rendered":"<p>Les diff\u00e9rentes structures gaufr\u00e9es et formulations sp\u00e9ciales permettent un <strong>contr\u00f4le optimal de l&rsquo;adh\u00e9rence <\/strong>du film sur divers substrats et am\u00e9liorent les propri\u00e9t\u00e9s de lib\u00e9ration.<\/p>\n<p>Le film gaufr\u00e9 est \u00e9galement utilis\u00e9 dans le processus de calandrage du caoutchouc, o\u00f9 le caoutchouc fondu est enroul\u00e9 avec ce film. Gr\u00e2ce \u00e0 sa texture, le film prot\u00e8ge le caoutchouc de la contamination et des \u00e9l\u00e9ments \u00e9trangers. Une fois la production termin\u00e9e et gr\u00e2ce \u00e0 l&rsquo;air entre le caoutchouc et le film gaufr\u00e9, le caoutchouc peut \u00eatre facilement d\u00e9ball\u00e9 sans coller ou fondre avec le film.<\/p>\n<p>\u00c0 quoi sert le film PE gaufr\u00e9?<\/p>\n<ul>\n<li>Il est utilis\u00e9 comme<strong> s\u00e9parateur<\/strong>, principalement dans l&rsquo;industrie du caoutchouc.<\/li>\n<li>Il est \u00e9galement utilis\u00e9 par les fabricants de pneus, de bandes de roulement, de bandes transporteuses, de tissus enduits de caoutchouc, etc.<\/li>\n<li>Il est utilis\u00e9 comme <strong>mat\u00e9riau antid\u00e9rapant<\/strong> et comme <strong>protection contre l&rsquo;abrasion<\/strong> pour les pi\u00e8ces d\u00e9tach\u00e9es en acier, en aluminium, etc.<\/li>\n<li>Il peut \u00eatre utilis\u00e9 comme <strong>s\u00e9parateur ou pour l&#8217;emballage individuel <\/strong>de pi\u00e8ces.<\/li>\n<\/ul>\n<p>&nbsp;<\/p>\n<p>Pour r\u00e9pondre aux besoins des clients, Inviker fournit des films gaufr\u00e9s dans les dimensions, l&rsquo;\u00e9paisseur et la couleur demand\u00e9es.<\/p>\n","protected":false},"excerpt":{"rendered":"<p>Le film gaufr\u00e9 est un mat\u00e9riau en plastique PE (poly\u00e9thyl\u00e8ne) qui pr\u00e9sente une texture stri\u00e9e avec de petits trous qui rappellent les alv\u00e9oles d&rsquo;une ruche d&rsquo;abeilles.<\/p>\n<p>Il est utilis\u00e9 pour assurer une <strong>protection antid\u00e9rapante <\/strong>ou <strong>contre l&rsquo;abrasion<\/strong> des produits. En raison de ses propri\u00e9t\u00e9s, c&rsquo;est \u00e9galement un mat\u00e9riau appropri\u00e9 pour l&rsquo;industrie du caoutchouc.<\/p>\n","protected":false},"featured_media":6746,"comment_status":"open","ping_status":"closed","template":"","meta":{"_acf_changed":false},"product_brand":[],"product_cat":[91],"product_tag":[],"class_list":{"0":"post-9397","1":"product","2":"type-product","3":"status-publish","4":"has-post-thumbnail","6":"product_cat-plastique-emballage","8":"first","9":"instock","10":"shipping-taxable","11":"product-type-simple"},"acf":[],"_links":{"self":[{"href":"https:\/\/inviker.com\/fr\/wp-json\/wp\/v2\/product\/9397","targetHints":{"allow":["GET"]}}],"collection":[{"href":"https:\/\/inviker.com\/fr\/wp-json\/wp\/v2\/product"}],"about":[{"href":"https:\/\/inviker.com\/fr\/wp-json\/wp\/v2\/types\/product"}],"replies":[{"embeddable":true,"href":"https:\/\/inviker.com\/fr\/wp-json\/wp\/v2\/comments?post=9397"}],"wp:featuredmedia":[{"embeddable":true,"href":"https:\/\/inviker.com\/fr\/wp-json\/wp\/v2\/media\/6746"}],"wp:attachment":[{"href":"https:\/\/inviker.com\/fr\/wp-json\/wp\/v2\/media?parent=9397"}],"wp:term":[{"taxonomy":"product_brand","embeddable":true,"href":"https:\/\/inviker.com\/fr\/wp-json\/wp\/v2\/product_brand?post=9397"},{"taxonomy":"product_cat","embeddable":true,"href":"https:\/\/inviker.com\/fr\/wp-json\/wp\/v2\/product_cat?post=9397"},{"taxonomy":"product_tag","embeddable":true,"href":"https:\/\/inviker.com\/fr\/wp-json\/wp\/v2\/product_tag?post=9397"}],"curies":[{"name":"wp","href":"https:\/\/api.w.org\/{rel}","templated":true}]}}