{"id":9398,"date":"2022-07-15T09:23:44","date_gmt":"2022-07-15T07:23:44","guid":{"rendered":"https:\/\/inviker.com\/?post_type=product&#038;p=9398"},"modified":"2024-03-13T11:39:11","modified_gmt":"2024-03-13T10:39:11","slug":"plastique-a-bulles","status":"publish","type":"product","link":"https:\/\/inviker.com\/fr\/plastique-emballage\/plastique-a-bulles\/","title":{"rendered":"Plastique \u00e0 bulles"},"content":{"rendered":"<p>Le plastique \u00e0 bulles, \u00e9galement connu sous le nom de film alv\u00e9ol\u00e9, est constitu\u00e9 de deux fines feuilles de plastique PE: l&rsquo;une est plate, tandis que l&rsquo;autre est textur\u00e9e avec des bulles d&rsquo;air r\u00e9guli\u00e8rement espac\u00e9es.<\/p>\n<p>En raison de sa capacit\u00e9 \u00e0 \u00eatre d\u00e9form\u00e9 sans se rompre, le film \u00e0 bulles est un emballage <strong>souple<\/strong> qui peut \u00eatre utilis\u00e9 pour emballer de tout type de produit.<\/p>\n<p>\u00c0 quoi sert le plastique \u00e0 bulles l&#8217;emballage?<\/p>\n<ul>\n<li>C\u2019est un mat\u00e9riau de <strong>protection<\/strong> hautement performant qui peut \u00eatre utilis\u00e9 sur tous types de surfaces.<\/li>\n<li>Il offre un <strong>rembourrage<\/strong> durable.<\/li>\n<li>Il est particuli\u00e8rement adapt\u00e9 pour <strong>amortir les chocs<\/strong> sur les objets d\u00e9licats et fragiles.<\/li>\n<li>Il est <strong>100% recyclable<\/strong>.<\/li>\n<\/ul>\n<p>&nbsp;<\/p>\n<p>Il peut \u00eatre fourni <a href=\"https:\/\/inviker.com\/fr\/emballage-anticorrosion-vci\/plastique-a-bulles-vci\/\">avec un traitement anticorrosion VCI<\/a> sur demande.<\/p>\n<p>Pour satisfaire les besoins des clients, Inviker fournit du papier \u00e0 bulles dans les dimensions demand\u00e9s.<\/p>\n<p>Il est fourni sous forme de rouleaux de film \u00e0 bulles et sous forme de sacs sur mesure.<\/p>\n","protected":false},"excerpt":{"rendered":"<p>Le rouleau de film \u00e0 bulles est fabriqu\u00e9 \u00e0 partir de poly\u00e9thyl\u00e8ne (PE), et il est <strong>100% recyclable<\/strong>.<\/p>\n<p>Il se caract\u00e9rise par sa transparence, sa flexibilit\u00e9, sa r\u00e9sistance et sa l\u00e9g\u00e8ret\u00e9. C&rsquo;est un mat\u00e9riau particuli\u00e8rement adapt\u00e9 pour <strong>amortir les chocs<\/strong> et prot\u00e9ger les objets d\u00e9licats et fragiles.<\/p>\n","protected":false},"featured_media":6566,"comment_status":"open","ping_status":"closed","template":"","meta":{"_acf_changed":false},"product_brand":[],"product_cat":[91],"product_tag":[],"class_list":{"0":"post-9398","1":"product","2":"type-product","3":"status-publish","4":"has-post-thumbnail","6":"product_cat-plastique-emballage","8":"first","9":"instock","10":"shipping-taxable","11":"product-type-simple"},"acf":[],"_links":{"self":[{"href":"https:\/\/inviker.com\/fr\/wp-json\/wp\/v2\/product\/9398","targetHints":{"allow":["GET"]}}],"collection":[{"href":"https:\/\/inviker.com\/fr\/wp-json\/wp\/v2\/product"}],"about":[{"href":"https:\/\/inviker.com\/fr\/wp-json\/wp\/v2\/types\/product"}],"replies":[{"embeddable":true,"href":"https:\/\/inviker.com\/fr\/wp-json\/wp\/v2\/comments?post=9398"}],"wp:featuredmedia":[{"embeddable":true,"href":"https:\/\/inviker.com\/fr\/wp-json\/wp\/v2\/media\/6566"}],"wp:attachment":[{"href":"https:\/\/inviker.com\/fr\/wp-json\/wp\/v2\/media?parent=9398"}],"wp:term":[{"taxonomy":"product_brand","embeddable":true,"href":"https:\/\/inviker.com\/fr\/wp-json\/wp\/v2\/product_brand?post=9398"},{"taxonomy":"product_cat","embeddable":true,"href":"https:\/\/inviker.com\/fr\/wp-json\/wp\/v2\/product_cat?post=9398"},{"taxonomy":"product_tag","embeddable":true,"href":"https:\/\/inviker.com\/fr\/wp-json\/wp\/v2\/product_tag?post=9398"}],"curies":[{"name":"wp","href":"https:\/\/api.w.org\/{rel}","templated":true}]}}