{"id":9399,"date":"2022-07-15T09:21:11","date_gmt":"2022-07-15T07:21:11","guid":{"rendered":"https:\/\/inviker.com\/?post_type=product&#038;p=9399"},"modified":"2023-05-30T16:07:33","modified_gmt":"2023-05-30T14:07:33","slug":"plastique-a-basse-densite","status":"publish","type":"product","link":"https:\/\/inviker.com\/fr\/plastique-emballage\/plastique-a-basse-densite\/","title":{"rendered":"Plastique \u00e0 basse densit\u00e9"},"content":{"rendered":"<p>Obtenu par la polym\u00e9risation de l&rsquo;\u00e9thyl\u00e8ne, le poly\u00e9thyl\u00e8ne de basse densit\u00e9 (PEBD) se compose de cha\u00eenes de polym\u00e8res regroup\u00e9es et dispos\u00e9es de mani\u00e8re irr\u00e9guli\u00e8re. Il est connu pour \u00eatre un plastique <strong>extr\u00eamement robuste et flexible<\/strong>.<\/p>\n<p>\u00c0 quoi sert le plastique \u00e0 basse densit\u00e9?<\/p>\n<ul>\n<li>Il a de multiples usages dans l\u2019<strong>agriculture<\/strong>.<\/li>\n<li>Il est utilis\u00e9 pour la fabrication de <strong>sacs industriels, de sacs en plastique<\/strong>, etc<\/li>\n<li>Il est utilis\u00e9 pour <strong>prot\u00e9ger les palettes<\/strong>.<\/li>\n<li>Il est <strong>100% recyclable<\/strong>.<\/li>\n<\/ul>\n<p>&nbsp;<\/p>\n<p>Il peut \u00eatre fourni avec un traitement anticorrosion VCI sur demande.<\/p>\n<p>Nous offrons \u00e9galement la possibilit\u00e9 de fabriquer du plastique <strong>micro-perfor\u00e9<\/strong> afin de pr\u00e9venir la condensation.<\/p>\n<p>Pour satisfaire les besoins des clients, Inviker fournit du plastique \u00e0 basse densit\u00e9 dans les dimensions et les \u00e9paisseurs demand\u00e9es.<\/p>\n","protected":false},"excerpt":{"rendered":"<p>Le plastique PE (poly\u00e9thyl\u00e8ne) \u00e0 basse densit\u00e9 est un mat\u00e9riau <strong>100% recyclable<\/strong>.<\/p>\n<p>Il est id\u00e9al pour des sacs industriels, des sacs en plastique, etc. et pour la protection des palettes.<\/p>\n","protected":false},"featured_media":6740,"comment_status":"open","ping_status":"closed","template":"","meta":{"_acf_changed":false},"product_brand":[],"product_cat":[91],"product_tag":[],"class_list":{"0":"post-9399","1":"product","2":"type-product","3":"status-publish","4":"has-post-thumbnail","6":"product_cat-plastique-emballage","8":"first","9":"instock","10":"shipping-taxable","11":"product-type-simple"},"acf":[],"_links":{"self":[{"href":"https:\/\/inviker.com\/fr\/wp-json\/wp\/v2\/product\/9399","targetHints":{"allow":["GET"]}}],"collection":[{"href":"https:\/\/inviker.com\/fr\/wp-json\/wp\/v2\/product"}],"about":[{"href":"https:\/\/inviker.com\/fr\/wp-json\/wp\/v2\/types\/product"}],"replies":[{"embeddable":true,"href":"https:\/\/inviker.com\/fr\/wp-json\/wp\/v2\/comments?post=9399"}],"wp:featuredmedia":[{"embeddable":true,"href":"https:\/\/inviker.com\/fr\/wp-json\/wp\/v2\/media\/6740"}],"wp:attachment":[{"href":"https:\/\/inviker.com\/fr\/wp-json\/wp\/v2\/media?parent=9399"}],"wp:term":[{"taxonomy":"product_brand","embeddable":true,"href":"https:\/\/inviker.com\/fr\/wp-json\/wp\/v2\/product_brand?post=9399"},{"taxonomy":"product_cat","embeddable":true,"href":"https:\/\/inviker.com\/fr\/wp-json\/wp\/v2\/product_cat?post=9399"},{"taxonomy":"product_tag","embeddable":true,"href":"https:\/\/inviker.com\/fr\/wp-json\/wp\/v2\/product_tag?post=9399"}],"curies":[{"name":"wp","href":"https:\/\/api.w.org\/{rel}","templated":true}]}}