{"id":9400,"date":"2022-07-14T14:49:27","date_gmt":"2022-07-14T12:49:27","guid":{"rendered":"https:\/\/inviker.com\/?post_type=product&#038;p=9400"},"modified":"2023-05-30T16:07:26","modified_gmt":"2023-05-30T14:07:26","slug":"plastique-a-haute-densite","status":"publish","type":"product","link":"https:\/\/inviker.com\/fr\/plastique-emballage\/plastique-a-haute-densite\/","title":{"rendered":"Plastique \u00e0 haute densit\u00e9"},"content":{"rendered":"<p>Obtenu par la polym\u00e9risation de l&rsquo;\u00e9thyl\u00e8ne, le poly\u00e9thyl\u00e8ne \u00e0 haute densit\u00e9 (PEHD) se compose de polym\u00e8res thermoplastiques droits et hautement comprim\u00e9s. Sa structure lui conf\u00e8re une r\u00e9sistance \u00e0 la traction remarquable et un <strong>rapport r\u00e9sistance\/densit\u00e9 \u00e9lev\u00e9.<\/strong><\/p>\n<p>Le PEHD se caract\u00e9rise par sa forte r\u00e9sistance thermique et chimique, ainsi que sa capacit\u00e9 \u00e0 r\u00e9sister aux chocs et aux intemp\u00e9ries. (rayonnements UV et vieillissement provoqu\u00e9 par les cycles thermiques atmosph\u00e9riques)<\/p>\n<p>\u00c0 quoi sert le plastique \u00e0 haute densit\u00e9?<\/p>\n<ul>\n<li>Il offre une<strong> r\u00e9sistance m\u00e9canique et une flexibilit\u00e9 \u00e9lev\u00e9es<\/strong>.<\/li>\n<li>Il pr\u00e9sente une excellente <strong>r\u00e9sistance thermique et chimique<\/strong>.<\/li>\n<li>Il est plus rigide que le PE \u00e0 faible densit\u00e9.<\/li>\n<li>Il est tr\u00e8s<strong> r\u00e9sistant aux chocs<\/strong>.<\/li>\n<li>Il est facile d\u2019imprimer, de peindre ou de coller dessus.<\/li>\n<li>Il est <strong>100% recyclable<\/strong>.<\/li>\n<\/ul>\n<p>&nbsp;<\/p>\n<p>Nous offrons \u00e9galement la possibilit\u00e9 de fabriquer du plastique <strong>micro-perfor\u00e9<\/strong> afin de pr\u00e9venir la condensation.<\/p>\n<p>Pour satisfaire les besoins des clients, Inviker fournit du plastique \u00e0 haute densit\u00e9 dans les dimensions et les \u00e9paisseurs demand\u00e9es.<\/p>\n","protected":false},"excerpt":{"rendered":"<p>Le plastique PE (poly\u00e9thyl\u00e8ne) \u00e0 haute densit\u00e9, \u00e9galement connu sous le nom de PEHD, est un mat\u00e9riau <strong>100% recyclable<\/strong>.<\/p>\n<p>En raison de sa <strong>r\u00e9sistance<\/strong>, il est devenu le mat\u00e9riau standard utilis\u00e9 \u00e0 l&rsquo;\u00e9chelle mondiale pour prot\u00e9ger les produits contre les conditions climatiques diverses pendant le transport et le stockage.<\/p>\n","protected":false},"featured_media":6734,"comment_status":"open","ping_status":"closed","template":"","meta":{"_acf_changed":false},"product_brand":[],"product_cat":[91],"product_tag":[],"class_list":{"0":"post-9400","1":"product","2":"type-product","3":"status-publish","4":"has-post-thumbnail","6":"product_cat-plastique-emballage","8":"first","9":"instock","10":"shipping-taxable","11":"product-type-simple"},"acf":[],"_links":{"self":[{"href":"https:\/\/inviker.com\/fr\/wp-json\/wp\/v2\/product\/9400","targetHints":{"allow":["GET"]}}],"collection":[{"href":"https:\/\/inviker.com\/fr\/wp-json\/wp\/v2\/product"}],"about":[{"href":"https:\/\/inviker.com\/fr\/wp-json\/wp\/v2\/types\/product"}],"replies":[{"embeddable":true,"href":"https:\/\/inviker.com\/fr\/wp-json\/wp\/v2\/comments?post=9400"}],"wp:featuredmedia":[{"embeddable":true,"href":"https:\/\/inviker.com\/fr\/wp-json\/wp\/v2\/media\/6734"}],"wp:attachment":[{"href":"https:\/\/inviker.com\/fr\/wp-json\/wp\/v2\/media?parent=9400"}],"wp:term":[{"taxonomy":"product_brand","embeddable":true,"href":"https:\/\/inviker.com\/fr\/wp-json\/wp\/v2\/product_brand?post=9400"},{"taxonomy":"product_cat","embeddable":true,"href":"https:\/\/inviker.com\/fr\/wp-json\/wp\/v2\/product_cat?post=9400"},{"taxonomy":"product_tag","embeddable":true,"href":"https:\/\/inviker.com\/fr\/wp-json\/wp\/v2\/product_tag?post=9400"}],"curies":[{"name":"wp","href":"https:\/\/api.w.org\/{rel}","templated":true}]}}