{"id":9401,"date":"2022-07-15T09:28:51","date_gmt":"2022-07-15T07:28:51","guid":{"rendered":"https:\/\/inviker.com\/?post_type=product&#038;p=9401"},"modified":"2024-12-03T16:23:52","modified_gmt":"2024-12-03T15:23:52","slug":"filet-de-protection-tubulaire","status":"publish","type":"product","link":"https:\/\/inviker.com\/fr\/plastique-emballage\/filet-de-protection-tubulaire\/","title":{"rendered":"Filet de protection tubulaire"},"content":{"rendered":"<p>Ils sont la solution id\u00e9ale pour prot\u00e9ger et manipuler des pi\u00e8ces m\u00e9caniques de pr\u00e9cision, des pi\u00e8ces m\u00e9talliques trait\u00e9es, des engrenages, des articulations, etc. Ils s&rsquo;adaptent \u00e9galement \u00e0 des formes irr\u00e9guli\u00e8res.<\/p>\n<p>\u00c0 quoi sert le filet de protection tubulaire?<\/p>\n<ul>\n<li>Il offre une<strong> protection<\/strong> fiable pour les pi\u00e8ces peintes ou trait\u00e9s.<\/li>\n<li>Il poss\u00e8de une haute <strong>r\u00e9sistance aux agressions de l\u2019huile et de la graisse<\/strong>.<\/li>\n<li>Il <strong>prot\u00e8ge contre<\/strong> les \u00e9ventuels probl\u00e8mes de <strong>frottement<\/strong>.<\/li>\n<li>C\u2019est un emballage<strong> universel et polyvalent<\/strong>.<\/li>\n<li>C\u2019est un emballage <strong>\u00e9conomique<\/strong>.<\/li>\n<li>Il est <strong>r\u00e9utilisable <\/strong>et <strong>100% recyclable<\/strong>.<\/li>\n<\/ul>\n<p>&nbsp;<\/p>\n<p>Afin de satisfaire les besoins des clients, le filet de protection tubulaire est disponible dans une grande vari\u00e9t\u00e9 de diam\u00e8tres et de couleurs.<\/p>\n\t\t<div data-elementor-type=\"section\" data-elementor-id=\"9402\" class=\"elementor elementor-9402 elementor-4093\" data-elementor-post-type=\"elementor_library\">\n\t\t\t<div class=\"elementor-element elementor-element-c0f3870 e-con-full e-flex e-con e-parent\" data-id=\"c0f3870\" data-element_type=\"container\" data-e-type=\"container\">\n\t\t\t\t<div class=\"elementor-element elementor-element-a74b367 elementor-widget elementor-widget-html\" data-id=\"a74b367\" data-element_type=\"widget\" data-e-type=\"widget\" data-widget_type=\"html.default\">\n\t\t\t\t\t<table class=\"medidas\">\r\n<tbody>\r\n<tr>\r\n    <th>Couleur<\/th>\r\n    <th>Diam\u00e8tre min\/max mm<\/th>\r\n    <th>Rouleaux par bo\u00eete<\/th>\r\n<\/tr>\r\n<tr>\r\n    <td>Violet<\/td>\r\n    <td>10 - 30<\/td>\r\n    <td>2 x 1000 m<\/td>\r\n<\/tr>\r\n<tr>\r\n    <td>Neutre<\/td>\r\n    <td>20 \u2013 50<\/td>\r\n    <td>2 x 1000 m<\/td>\r\n<\/tr>\r\n<tr>\r\n    <td>Noire<\/td>\r\n    <td>20 \u2013 50<\/td>\r\n    <td>2 x 1000 m<\/td>\r\n<\/tr>\r\n<tr>\r\n    <td>Bleu<\/td>\r\n    <td>20 \u2013 50<\/td>\r\n    <td>2 x 500 m<\/td>\r\n<\/tr>\r\n<tr>\r\n    <td>Neutre<\/td>\r\n    <td>30 - 60<\/td>\r\n    <td>2 x 500 m<\/td>\r\n<\/tr>\r\n<tr>\r\n    <td>Jaune<\/td>\r\n    <td>30 - 60<\/td>\r\n    <td>2 x 300 m<\/td>\r\n<\/tr>\r\n<tr>\r\n    <td>Marron<\/td>\r\n    <td>50 \u2013 70<\/td>\r\n    <td>2 x 200 m<\/td>\r\n<\/tr>\r\n<tr>\r\n    <td>Rouge<\/td>\r\n    <td>70 - 100<\/td>\r\n    <td>2 x 200 m<\/td>\r\n<\/tr>\r\n<tr>\r\n    <td>Vert<\/td>\r\n    <td>90 \u2013 150<\/td>\r\n    <td>2 x 200 m<\/td>\r\n<\/tr>\r\n<tr>\r\n    <td>Orange<\/td>\r\n    <td>90 \u2013 150<\/td>\r\n    <td>2 x 100 m<\/td>\r\n<\/tr>\r\n<tr>\r\n    <td>Vert fonc\u00e9<\/td>\r\n    <td>150 \u2013 200<\/td>\r\n    <td>2 x 200 m<\/td>\r\n<\/tr>\r\n<tr>\r\n    <td>Neutre<\/td>\r\n    <td>200 \u2013 300<\/td>\r\n    <td>2 x 150 m<\/td>\r\n<\/tr>\r\n<\/tbody>\r\n<\/table>\r\n\t\t\t\t<\/div>\n\t\t\t\t<\/div>\n\t\t\t\t<\/div>\n\t\t\n","protected":false},"excerpt":{"rendered":"<p>Les filets tubulaires sont produits en PE (poly\u00e9thyl\u00e8ne) extrud\u00e9. Leur grande \u00e9lasticit\u00e9 et leur m\u00e9moire, ainsi que leur r\u00e9sistance, en font la solution optimale pour <strong>prot\u00e9ger, distinguer et s\u00e9parer les produits<\/strong>, facilitant ainsi leur organisation et leur stockage.<\/p>\n","protected":false},"featured_media":6812,"comment_status":"open","ping_status":"closed","template":"","meta":{"_acf_changed":false},"product_brand":[],"product_cat":[91],"product_tag":[],"class_list":{"0":"post-9401","1":"product","2":"type-product","3":"status-publish","4":"has-post-thumbnail","6":"product_cat-plastique-emballage","8":"first","9":"instock","10":"shipping-taxable","11":"product-type-simple"},"acf":[],"_links":{"self":[{"href":"https:\/\/inviker.com\/fr\/wp-json\/wp\/v2\/product\/9401","targetHints":{"allow":["GET"]}}],"collection":[{"href":"https:\/\/inviker.com\/fr\/wp-json\/wp\/v2\/product"}],"about":[{"href":"https:\/\/inviker.com\/fr\/wp-json\/wp\/v2\/types\/product"}],"replies":[{"embeddable":true,"href":"https:\/\/inviker.com\/fr\/wp-json\/wp\/v2\/comments?post=9401"}],"wp:featuredmedia":[{"embeddable":true,"href":"https:\/\/inviker.com\/fr\/wp-json\/wp\/v2\/media\/6812"}],"wp:attachment":[{"href":"https:\/\/inviker.com\/fr\/wp-json\/wp\/v2\/media?parent=9401"}],"wp:term":[{"taxonomy":"product_brand","embeddable":true,"href":"https:\/\/inviker.com\/fr\/wp-json\/wp\/v2\/product_brand?post=9401"},{"taxonomy":"product_cat","embeddable":true,"href":"https:\/\/inviker.com\/fr\/wp-json\/wp\/v2\/product_cat?post=9401"},{"taxonomy":"product_tag","embeddable":true,"href":"https:\/\/inviker.com\/fr\/wp-json\/wp\/v2\/product_tag?post=9401"}],"curies":[{"name":"wp","href":"https:\/\/api.w.org\/{rel}","templated":true}]}}