{"id":9408,"date":"2022-07-15T09:25:49","date_gmt":"2022-07-15T07:25:49","guid":{"rendered":"https:\/\/inviker.com\/?post_type=product&#038;p=9408"},"modified":"2023-05-30T16:12:45","modified_gmt":"2023-05-30T14:12:45","slug":"film-etirable-avec-renforcement","status":"publish","type":"product","link":"https:\/\/inviker.com\/fr\/plastique-emballage\/film-etirable-avec-renforcement\/","title":{"rendered":"Film \u00e9tirable avec renforcement"},"content":{"rendered":"<p>La pr\u00e9sence d&rsquo;une maille de renforcement r\u00e9duit le pr\u00e9-\u00e9tirement du film tout en <strong>augmentant sa r\u00e9sistance m\u00e9canique \u00e0 la traction<\/strong> ce qui permet de r\u00e9duire le nombre de couches de film n\u00e9cessaires pour atteindre la r\u00e9sistance requise.<\/p>\n<p>L&rsquo;ajout du filet int\u00e9rieur permet de <strong>r\u00e9duire les co\u00fbts<\/strong> et l&rsquo;impact environnemental de l&#8217;emballage gr\u00e2ce \u00e0 la r\u00e9duction de l&rsquo;\u00e9paisseur du plastique n\u00e9cessaire.<\/p>\n<p><strong>Film \u00e9tirable AUTOMATIQUE<\/strong><\/p>\n<p>Notre film \u00e9tirable automatique standard offre des performances exceptionnelles. Cela implique une performance plus \u00e9lev\u00e9e et, par cons\u00e9quent, des \u00e9conomies plus importantes pour le client.<\/p>\n<p>En outre, l&rsquo;utilisation de mati\u00e8res premi\u00e8res de premi\u00e8re qualit\u00e9 garantit l&rsquo;<strong>absence de d\u00e9chirure<\/strong> lors de l&rsquo;application du film par la banderoleuse automatique.<\/p>\n<p>&nbsp;<\/p>\n<p>Le film \u00e9tirable avec renforcement peut \u00eatre personnalis\u00e9 avec le logo du client.<\/p>\n<p>Il peut \u00eatre fourni avec un traitement anticorrosion VCI sur demande.<\/p>\n<p>Afin de s&rsquo;adapter aux besoins des clients, le produit est fourni dans les dimensions et les \u00e9paisseurs demand\u00e9es.<\/p>\n","protected":false},"excerpt":{"rendered":"<p>Le film \u00e9tirable avec maille de renforcement est compos\u00e9 d&rsquo;une couche de film \u00e9tirable, d&rsquo;une <strong>maille int\u00e9rieure<\/strong> et d&rsquo;une autre couche de film \u00e9tirable. La maille assure un renforcement suppl\u00e9mentaire et <strong>augmente<\/strong><strong> la r\u00e9sistance et la durabilit\u00e9 du mat\u00e9riau<\/strong>.<\/p>\n<p>Facile \u00e0 utiliser et adaptable, il <strong>convient \u00e0 une utilisation automatique<\/strong>.<\/p>\n","protected":false},"featured_media":6557,"comment_status":"open","ping_status":"closed","template":"","meta":{"_acf_changed":false},"product_brand":[],"product_cat":[91],"product_tag":[],"class_list":{"0":"post-9408","1":"product","2":"type-product","3":"status-publish","4":"has-post-thumbnail","6":"product_cat-plastique-emballage","8":"first","9":"instock","10":"shipping-taxable","11":"product-type-simple"},"acf":[],"_links":{"self":[{"href":"https:\/\/inviker.com\/fr\/wp-json\/wp\/v2\/product\/9408","targetHints":{"allow":["GET"]}}],"collection":[{"href":"https:\/\/inviker.com\/fr\/wp-json\/wp\/v2\/product"}],"about":[{"href":"https:\/\/inviker.com\/fr\/wp-json\/wp\/v2\/types\/product"}],"replies":[{"embeddable":true,"href":"https:\/\/inviker.com\/fr\/wp-json\/wp\/v2\/comments?post=9408"}],"wp:featuredmedia":[{"embeddable":true,"href":"https:\/\/inviker.com\/fr\/wp-json\/wp\/v2\/media\/6557"}],"wp:attachment":[{"href":"https:\/\/inviker.com\/fr\/wp-json\/wp\/v2\/media?parent=9408"}],"wp:term":[{"taxonomy":"product_brand","embeddable":true,"href":"https:\/\/inviker.com\/fr\/wp-json\/wp\/v2\/product_brand?post=9408"},{"taxonomy":"product_cat","embeddable":true,"href":"https:\/\/inviker.com\/fr\/wp-json\/wp\/v2\/product_cat?post=9408"},{"taxonomy":"product_tag","embeddable":true,"href":"https:\/\/inviker.com\/fr\/wp-json\/wp\/v2\/product_tag?post=9408"}],"curies":[{"name":"wp","href":"https:\/\/api.w.org\/{rel}","templated":true}]}}