{"id":9410,"date":"2022-07-18T11:35:21","date_gmt":"2022-07-18T09:35:21","guid":{"rendered":"https:\/\/inviker.com\/?post_type=product&#038;p=9410"},"modified":"2023-05-30T16:13:58","modified_gmt":"2023-05-30T14:13:58","slug":"sacs-deshydratants-de-silice","status":"publish","type":"product","link":"https:\/\/inviker.com\/fr\/anti-humidite-manipulation\/sacs-deshydratants-de-silice\/","title":{"rendered":"Sacs d\u00e9shydratants de silice"},"content":{"rendered":"<p>Ce mat\u00e9riau extr\u00eamement poreux est consid\u00e9r\u00e9 comme l&rsquo;un des produits<strong> les plus absorbants<\/strong> actuellement connus. Il est capable d&rsquo;absorber<strong> jusqu&rsquo;\u00e0 40% de son poids<\/strong>.<\/p>\n<p>Le gel de silice est un petit granul\u00e9 solide de dioxyde de silicium, fabriqu\u00e9 \u00e0 partir de silicate de sodium, qui sert \u00e0 \u00e9valuer le niveau d&rsquo;humidit\u00e9. Lorsque le gel est satur\u00e9 d&rsquo;humidit\u00e9, il change de couleur, ce qui facilite la d\u00e9tection du moment o\u00f9 il doit \u00eatre remplac\u00e9.<\/p>\n<p>Les sachets dessicants sont plac\u00e9s \u00e0 c\u00f4t\u00e9 de la marchandise pour absorber l&rsquo;humidit\u00e9 \u00e0 l&rsquo;int\u00e9rieur de l&#8217;emballage, garantissant ainsi une <strong>protection contre l&rsquo;humidit\u00e9<\/strong> et la qualit\u00e9 des produits emball\u00e9s pendant le transport et le stockage.<\/p>\n<p>Afin d&rsquo;obtenir un r\u00e9sultat optimal, <strong>il est essentiel d&rsquo;utiliser les sachets d\u00e9shydratants correctement<\/strong>. La quantit\u00e9 n\u00e9cessaire de sacs d\u00e9shydratants et leur capacit\u00e9 d&rsquo;absorption varient en fonction de plusieurs facteurs, tels que la dur\u00e9e de transport ou de stockage, les conditions d&rsquo;humidit\u00e9 relative et les changements de temp\u00e9rature auxquelles les marchandises seront expos\u00e9es.<\/p>\n<p>\u00c0 quoi servent les sachets d\u00e9shydratants en silice?<\/p>\n<ul>\n<li>Ils <strong>emp\u00eachent la circulation de l&rsquo;humidit\u00e9 <\/strong>dans un emballage par absorption et neutralisation.<\/li>\n<li>Ils sont utilis\u00e9s dans de <strong>nombreux secteurs et industries<\/strong> tels que l&#8217;emballage pour l&rsquo;exportation, les composants \u00e9lectroniques, les produits pharmaceutiques, etc.<\/li>\n<li>Ils sont utilis\u00e9s dans les emballages et les <strong>espaces clos<\/strong>.<\/li>\n<li>C\u2019est un mat\u00e9riau<strong> pratique et flexible<\/strong>.<\/li>\n<li>Il n&rsquo;est<strong> ni toxique, ni corrosif<\/strong>, ni inflammable, et ne r\u00e9agit pas chimiquement.<\/li>\n<\/ul>\n<p>&nbsp;<\/p>\n<p>Disponible sous forme de sachets, sacs, cha\u00eenes et panneaux de diff\u00e9rentes tailles.<\/p>\n","protected":false},"excerpt":{"rendered":"<p>Le gel de silice, utilis\u00e9 comme mat\u00e9riau de remplissage dans les sacs ou sachets d\u00e9shydratants, poss\u00e8de de remarquables <strong>propri\u00e9t\u00e9s d&rsquo;absorption<\/strong> de l&rsquo;humidit\u00e9 ambiante. Gr\u00e2ce \u00e0 cette capacit\u00e9, ils assurent la protection des produits emball\u00e9s dans un conteneur ou un emballage ferm\u00e9 jusqu&rsquo;\u00e0 ce qu&rsquo;ils soient ouverts par le client final.<\/p>\n<p>Les sacs absorbants sont la solution id\u00e9ale pour <strong>prot\u00e9ger les produits emball\u00e9s contre les d\u00e9g\u00e2ts caus\u00e9s par l&rsquo;humidit\u00e9 <\/strong>lors du transport et du stockage.<\/p>\n","protected":false},"featured_media":6779,"comment_status":"open","ping_status":"closed","template":"","meta":{"_acf_changed":false},"product_brand":[],"product_cat":[88],"product_tag":[],"class_list":{"0":"post-9410","1":"product","2":"type-product","3":"status-publish","4":"has-post-thumbnail","6":"product_cat-anti-humidite-manipulation","8":"first","9":"instock","10":"shipping-taxable","11":"product-type-simple"},"acf":[],"_links":{"self":[{"href":"https:\/\/inviker.com\/fr\/wp-json\/wp\/v2\/product\/9410","targetHints":{"allow":["GET"]}}],"collection":[{"href":"https:\/\/inviker.com\/fr\/wp-json\/wp\/v2\/product"}],"about":[{"href":"https:\/\/inviker.com\/fr\/wp-json\/wp\/v2\/types\/product"}],"replies":[{"embeddable":true,"href":"https:\/\/inviker.com\/fr\/wp-json\/wp\/v2\/comments?post=9410"}],"wp:featuredmedia":[{"embeddable":true,"href":"https:\/\/inviker.com\/fr\/wp-json\/wp\/v2\/media\/6779"}],"wp:attachment":[{"href":"https:\/\/inviker.com\/fr\/wp-json\/wp\/v2\/media?parent=9410"}],"wp:term":[{"taxonomy":"product_brand","embeddable":true,"href":"https:\/\/inviker.com\/fr\/wp-json\/wp\/v2\/product_brand?post=9410"},{"taxonomy":"product_cat","embeddable":true,"href":"https:\/\/inviker.com\/fr\/wp-json\/wp\/v2\/product_cat?post=9410"},{"taxonomy":"product_tag","embeddable":true,"href":"https:\/\/inviker.com\/fr\/wp-json\/wp\/v2\/product_tag?post=9410"}],"curies":[{"name":"wp","href":"https:\/\/api.w.org\/{rel}","templated":true}]}}