{"id":9411,"date":"2022-07-18T11:35:46","date_gmt":"2022-07-18T09:35:46","guid":{"rendered":"https:\/\/inviker.com\/?post_type=product&#038;p=9411"},"modified":"2023-05-30T16:13:45","modified_gmt":"2023-05-30T14:13:45","slug":"sacs-deshydratants-avec-vci","status":"publish","type":"product","link":"https:\/\/inviker.com\/fr\/anti-humidite-manipulation\/sacs-deshydratants-avec-vci\/","title":{"rendered":"Sacs d\u00e9shydratants avec VCI"},"content":{"rendered":"<p>Le VCI utilis\u00e9 par Inviker est <strong>sans nitrite<\/strong>.<\/p>\n<p>Ce compos\u00e9 chimique s&rsquo;\u00e9vapore et se propage vers les zones les plus \u00e9loign\u00e9es du m\u00e9tal emball\u00e9, cr\u00e9ant une couche mol\u00e9culaire protectrice qui emp\u00eache tout contact avec des substances corrosives telles que l&rsquo;humidit\u00e9 ou l&rsquo;oxyg\u00e8ne.<\/p>\n<p>Ces sachets VCI ont une grande capacit\u00e9 de<strong> protection contre la corrosion <\/strong>gr\u00e2ce \u00e0 leur puret\u00e9 comprise entre 80% et 90%. Ils activent \u00e9galement une <strong>excellente action de s\u00e9chage<\/strong> de l&rsquo;environnement \u00e0 l&rsquo;int\u00e9rieur du conteneur ou de l&#8217;emballage.<\/p>\n<p>Gr\u00e2ce \u00e0 leur capacit\u00e9 \u00e0 maintenir la saturation ambiante de VCI, ils sont en mesure de continuer \u00e0 prot\u00e9ger efficacement le produit emball\u00e9 m\u00eame apr\u00e8s une br\u00e8ve ouverture de l&#8217;emballage. Ils sont particuli\u00e8rement adapt\u00e9s pour renforcer la protection en combinaison avec d&rsquo;autres mat\u00e9riaux d&#8217;emballage trait\u00e9s avec le VCI d&rsquo;Inviker.<\/p>\n<p>Afin d&rsquo;obtenir un r\u00e9sultat optimal, <strong>il est essentiel d&rsquo;utiliser les sachets d\u00e9shydratants correctement<\/strong>. La quantit\u00e9 n\u00e9cessaire de sacs d\u00e9shydratants et leur capacit\u00e9 d&rsquo;absorption varient en fonction de plusieurs facteurs, tels que la dur\u00e9e de transport ou de stockage, les conditions d&rsquo;humidit\u00e9 relative et les changements de temp\u00e9rature auxquelles les marchandises seront expos\u00e9es.<\/p>\n<p>\u00c0 quoi servent les sachets d\u00e9shydratants VCI?<\/p>\n<ul>\n<li>Ils offrent une protection de longue dur\u00e9e <strong>contre la corrosion<\/strong>.<\/li>\n<li>Ils <strong>emp\u00eachent la circulation de l&rsquo;humidit\u00e9 <\/strong>dans un emballage par absorption et neutralisation.<\/li>\n<li>Il fournit une protection accrue pour le <strong>stockage<\/strong> des pi\u00e8ces m\u00e9talliques entre les \u00e9tapes de fabrication.<\/li>\n<li>Ils sont utilis\u00e9s dans de <strong>nombreux secteurs et industries<\/strong> tels que l&#8217;emballage pour l&rsquo;exportation, la sid\u00e9rurgie, la m\u00e9tallurgie, l&rsquo;automobile, etc<\/li>\n<li>Ils sont utilis\u00e9s dans les emballages et les <strong>espaces clos<\/strong>.<\/li>\n<\/ul>\n<p>&nbsp;<\/p>\n<p>Disponible sous forme de sachets, sacs, cha\u00eenes et panneaux de diff\u00e9rentes tailles.<\/p>\n","protected":false},"excerpt":{"rendered":"<p>Les sachets d\u00e9shydratants VCI sont des sachets d\u00e9shydratants anti-humidit\u00e9 con\u00e7us pour effectuer une <strong>double action.<\/strong> D&rsquo;une part, ils inhibent rapidement le processus de corrosion des produits m\u00e9talliques. D&rsquo;autre part, ils activent le processus de s\u00e9chage pour absorber l&rsquo;humidit\u00e9.<\/p>\n<p>Ces sachets sont employ\u00e9s pour prot\u00e9ger le contenu de tout type d&#8217;emballage, car ils fournissent une protection <strong>durable et \u00e0 long terme contre la corrosion et l&rsquo;oxydation<\/strong> durant le transport et le stockage.<\/p>\n","protected":false},"featured_media":6785,"comment_status":"open","ping_status":"closed","template":"","meta":{"_acf_changed":false},"product_brand":[],"product_cat":[88],"product_tag":[],"class_list":{"0":"post-9411","1":"product","2":"type-product","3":"status-publish","4":"has-post-thumbnail","6":"product_cat-anti-humidite-manipulation","8":"first","9":"instock","10":"shipping-taxable","11":"product-type-simple"},"acf":[],"_links":{"self":[{"href":"https:\/\/inviker.com\/fr\/wp-json\/wp\/v2\/product\/9411","targetHints":{"allow":["GET"]}}],"collection":[{"href":"https:\/\/inviker.com\/fr\/wp-json\/wp\/v2\/product"}],"about":[{"href":"https:\/\/inviker.com\/fr\/wp-json\/wp\/v2\/types\/product"}],"replies":[{"embeddable":true,"href":"https:\/\/inviker.com\/fr\/wp-json\/wp\/v2\/comments?post=9411"}],"wp:featuredmedia":[{"embeddable":true,"href":"https:\/\/inviker.com\/fr\/wp-json\/wp\/v2\/media\/6785"}],"wp:attachment":[{"href":"https:\/\/inviker.com\/fr\/wp-json\/wp\/v2\/media?parent=9411"}],"wp:term":[{"taxonomy":"product_brand","embeddable":true,"href":"https:\/\/inviker.com\/fr\/wp-json\/wp\/v2\/product_brand?post=9411"},{"taxonomy":"product_cat","embeddable":true,"href":"https:\/\/inviker.com\/fr\/wp-json\/wp\/v2\/product_cat?post=9411"},{"taxonomy":"product_tag","embeddable":true,"href":"https:\/\/inviker.com\/fr\/wp-json\/wp\/v2\/product_tag?post=9411"}],"curies":[{"name":"wp","href":"https:\/\/api.w.org\/{rel}","templated":true}]}}