{"id":9414,"date":"2022-07-18T11:36:28","date_gmt":"2022-07-18T09:36:28","guid":{"rendered":"https:\/\/inviker.com\/?post_type=product&#038;p=9414"},"modified":"2023-05-22T15:28:02","modified_gmt":"2023-05-22T13:28:02","slug":"indicateurs-de-basculement-tiltwatch","status":"publish","type":"product","link":"https:\/\/inviker.com\/fr\/anti-humidite-manipulation\/indicateurs-de-basculement-tiltwatch\/","title":{"rendered":"Indicateurs de basculement TiltWatch"},"content":{"rendered":"<p>Le dispositif <strong>s&rsquo;active automatiquement<\/strong> d\u00e8s que l&rsquo;autocollant situ\u00e9 \u00e0 l&rsquo;arri\u00e8re est coll\u00e9. Une fois fix\u00e9 sur l&#8217;emballage ou la marchandise, il devient impossible d&rsquo;incliner la charge sans que cela ne soit d\u00e9tect\u00e9. En effet, si l&#8217;emballage sur lequel le dispositif est plac\u00e9 est inclin\u00e9 ou compl\u00e8tement renvers\u00e9, l&rsquo;indicateur <strong>devient rouge<\/strong>.<\/p>\n<p>En revanche, il ne s&rsquo;active pas lors des mouvements normaux de manipulation ni lors du d\u00e9collage dans le cas du transport a\u00e9rien. Une fois activ\u00e9, il est impossible de le d\u00e9sactiver ou de le manipuler. Il n&rsquo;est pas affect\u00e9 par les conditions environnementales.<\/p>\n<p>\u00c0 quoi servent les indicateurs de basculement TiltWatch?<\/p>\n<ul>\n<li>Ils permettent de <strong>d\u00e9tecter<\/strong> si les marchandises ont \u00e9t\u00e9 inclin\u00e9es ou bascul\u00e9es en changeant l&rsquo;indicateur \u00e0 la couleur rouge.<\/li>\n<li>Ils sont utilis\u00e9s dans des secteurs o\u00f9 il est n\u00e9cessaire de <strong>surveiller le mouvement <\/strong>des marchandises afin d&rsquo;\u00e9viter d&rsquo;endommager les produits.<\/li>\n<li>Ils sont employ\u00e9s pour<strong> r\u00e9duire les mauvaises manipulations<\/strong> pendant le transport.<\/li>\n<li>Ils aident \u00e0 <strong>rep\u00e9rer les imperfections et \u00e0 optimiser <\/strong>les proc\u00e9dures de la cha\u00eene logistique.<\/li>\n<li>Ces dispositifs sont employ\u00e9s dans diverses applications, telles que les \u00e9quipements commerciaux, les syst\u00e8mes informatiques de grande taille, les appareils de t\u00e9l\u00e9communication, les compresseurs, les batteries industrielles, les conteneurs de produits dangereux, les pi\u00e8ces d\u2019automobiles, etc.<\/li>\n<\/ul>\n","protected":false},"excerpt":{"rendered":"<p>Les indicateurs de basculement TiltWatch permettent de <strong>d\u00e9tecter et signaler<\/strong> les inclinaisons excessives ou les basculements des marchandises.<\/p>\n<p>Ils repr\u00e9sentent une<strong> solution fiable et \u00e9conomique pour pr\u00e9venir les d\u00e9g\u00e2ts<\/strong> sur tous types de marchandises (allant des composants m\u00e9caniques et \u00e9lectriques jusqu\u2019aux substances dangereuses) pendant le transport.<\/p>\n","protected":false},"featured_media":6755,"comment_status":"open","ping_status":"closed","template":"","meta":{"_acf_changed":false},"product_brand":[],"product_cat":[88],"product_tag":[],"class_list":{"0":"post-9414","1":"product","2":"type-product","3":"status-publish","4":"has-post-thumbnail","6":"product_cat-anti-humidite-manipulation","8":"first","9":"instock","10":"shipping-taxable","11":"product-type-simple"},"acf":[],"_links":{"self":[{"href":"https:\/\/inviker.com\/fr\/wp-json\/wp\/v2\/product\/9414","targetHints":{"allow":["GET"]}}],"collection":[{"href":"https:\/\/inviker.com\/fr\/wp-json\/wp\/v2\/product"}],"about":[{"href":"https:\/\/inviker.com\/fr\/wp-json\/wp\/v2\/types\/product"}],"replies":[{"embeddable":true,"href":"https:\/\/inviker.com\/fr\/wp-json\/wp\/v2\/comments?post=9414"}],"wp:featuredmedia":[{"embeddable":true,"href":"https:\/\/inviker.com\/fr\/wp-json\/wp\/v2\/media\/6755"}],"wp:attachment":[{"href":"https:\/\/inviker.com\/fr\/wp-json\/wp\/v2\/media?parent=9414"}],"wp:term":[{"taxonomy":"product_brand","embeddable":true,"href":"https:\/\/inviker.com\/fr\/wp-json\/wp\/v2\/product_brand?post=9414"},{"taxonomy":"product_cat","embeddable":true,"href":"https:\/\/inviker.com\/fr\/wp-json\/wp\/v2\/product_cat?post=9414"},{"taxonomy":"product_tag","embeddable":true,"href":"https:\/\/inviker.com\/fr\/wp-json\/wp\/v2\/product_tag?post=9414"}],"curies":[{"name":"wp","href":"https:\/\/api.w.org\/{rel}","templated":true}]}}