{"id":9415,"date":"2022-07-15T09:32:44","date_gmt":"2022-07-15T07:32:44","guid":{"rendered":"https:\/\/inviker.com\/?post_type=product&#038;p=9415"},"modified":"2025-04-28T09:56:26","modified_gmt":"2025-04-28T07:56:26","slug":"indicateurs-dhumidite","status":"publish","type":"product","link":"https:\/\/inviker.com\/fr\/anti-humidite-manipulation\/indicateurs-dhumidite\/","title":{"rendered":"Indicateurs d\u2019humidit\u00e9"},"content":{"rendered":"<p>Les indicateurs d&rsquo;humidit\u00e9 changent de couleur pour indiquer le d\u00e9passement d&rsquo;une certaine valeur. Ils sont appliqu\u00e9s sur l&#8217;emballage \u00e0 contr\u00f4ler et fournissent une <strong>preuve visuelle<\/strong> du niveau d&rsquo;humidit\u00e9. Ces indicateurs permettent de <strong>surveiller le taux d&rsquo;HR<\/strong> de 10% \u00e0 80%, en fonction de l&rsquo;application et des besoins.<\/p>\n<p>Il est recommand\u00e9 d&rsquo;utiliser ces indicateurs en combinaison avec des sachets d\u00e9shydratants. Dans ce cas, ils permettent de d\u00e9tecter facilement et rapidement le besoin de remplacer le mat\u00e9riau d\u00e9shydratant de l&#8217;emballage, et de v\u00e9rifier que la qualit\u00e9 du produit n&rsquo;a pas \u00e9t\u00e9 alt\u00e9r\u00e9e.<\/p>\n<p>\u00c0 quoi servent les indicateurs d&rsquo;humidit\u00e9?<\/p>\n<ul>\n<li>Ils permettent d&rsquo;<strong>\u00e9valuer rapidement et facilement<\/strong> les conditions d&rsquo;humidit\u00e9.<\/li>\n<li>Ils sont utilis\u00e9s dans les secteurs o\u00f9 il est n\u00e9cessaire de <strong>contr\u00f4ler le niveau d&rsquo;humidit\u00e9 <\/strong>des marchandises pour \u00e9viter qu&rsquo;elles ne soient endommag\u00e9es.<\/li>\n<li>Ils permettent de <strong>d\u00e9tecter les d\u00e9fauts<\/strong> et<strong> d&rsquo;adapter l&#8217;emballage<\/strong> aux conditions auxquelles le mat\u00e9riau est expos\u00e9 pendant le transport et le stockage.<\/li>\n<li>Ils sont <strong>faciles \u00e0 installer et fiables<\/strong>.<\/li>\n<li>Il sont utilis\u00e9s pour les emballages d&rsquo;exportation et les mat\u00e9riaux en vrac, les appareils \u00e9lectroniques, ainsi que dans des secteurs tels que l&rsquo;a\u00e9ronautique, militaire, pharmaceutique, etc.<\/li>\n<\/ul>\n<p>&nbsp;<\/p>\n<p>Il existe une large gamme de configurations disponibles pour r\u00e9pondre \u00e0 une grande vari\u00e9t\u00e9 d&rsquo;applications.<\/p>\n","protected":false},"excerpt":{"rendered":"<p>Les indicateurs d&rsquo;humidit\u00e9 sont des cartes fabriqu\u00e9es en papier rigide ou avec un bo\u00eetier en plastique, qui sont impr\u00e9gn\u00e9es d&rsquo;un produit chimique sensible \u00e0 l&rsquo;humidit\u00e9. Ces cartes <strong>changent de couleur<\/strong> lorsque le taux d&rsquo;humidit\u00e9 relative (HR) est d\u00e9pass\u00e9.<\/p>\n<p>L&rsquo;utilisation de ces indicateurs est une m\u00e9thode tr\u00e8s \u00e9conomique pour <strong>mesurer les niveaux d&rsquo;HR<\/strong> \u00e0 l&rsquo;int\u00e9rieur d&#8217;emballages scell\u00e9s.<\/p>\n","protected":false},"featured_media":6749,"comment_status":"open","ping_status":"closed","template":"","meta":{"_acf_changed":false},"product_brand":[],"product_cat":[88],"product_tag":[],"class_list":{"0":"post-9415","1":"product","2":"type-product","3":"status-publish","4":"has-post-thumbnail","6":"product_cat-anti-humidite-manipulation","8":"first","9":"instock","10":"shipping-taxable","11":"product-type-simple"},"acf":[],"_links":{"self":[{"href":"https:\/\/inviker.com\/fr\/wp-json\/wp\/v2\/product\/9415","targetHints":{"allow":["GET"]}}],"collection":[{"href":"https:\/\/inviker.com\/fr\/wp-json\/wp\/v2\/product"}],"about":[{"href":"https:\/\/inviker.com\/fr\/wp-json\/wp\/v2\/types\/product"}],"replies":[{"embeddable":true,"href":"https:\/\/inviker.com\/fr\/wp-json\/wp\/v2\/comments?post=9415"}],"wp:featuredmedia":[{"embeddable":true,"href":"https:\/\/inviker.com\/fr\/wp-json\/wp\/v2\/media\/6749"}],"wp:attachment":[{"href":"https:\/\/inviker.com\/fr\/wp-json\/wp\/v2\/media?parent=9415"}],"wp:term":[{"taxonomy":"product_brand","embeddable":true,"href":"https:\/\/inviker.com\/fr\/wp-json\/wp\/v2\/product_brand?post=9415"},{"taxonomy":"product_cat","embeddable":true,"href":"https:\/\/inviker.com\/fr\/wp-json\/wp\/v2\/product_cat?post=9415"},{"taxonomy":"product_tag","embeddable":true,"href":"https:\/\/inviker.com\/fr\/wp-json\/wp\/v2\/product_tag?post=9415"}],"curies":[{"name":"wp","href":"https:\/\/api.w.org\/{rel}","templated":true}]}}