{"id":9416,"date":"2022-07-15T09:33:22","date_gmt":"2022-07-15T07:33:22","guid":{"rendered":"https:\/\/inviker.com\/?post_type=product&#038;p=9416"},"modified":"2024-02-29T16:24:53","modified_gmt":"2024-02-29T15:24:53","slug":"indicateurs-dimpact-shockwatch","status":"publish","type":"product","link":"https:\/\/inviker.com\/fr\/anti-humidite-manipulation\/indicateurs-dimpact-shockwatch\/","title":{"rendered":"Indicateurs d\u2019impact ShockWatch"},"content":{"rendered":"<p>Ces dispositifs contiennent un liquide rouge en suspension. Si le dispositif est soumis \u00e0 un impact sup\u00e9rieur \u00e0 une certaine force G, <strong>le liquide<\/strong> <strong>se teinte en rouge de mani\u00e8re irr\u00e9versible<\/strong>.<\/p>\n<p>Afin d&rsquo;obtenir des r\u00e9sultats optimaux lors de l&rsquo;utilisation de l&rsquo;\u00e9tiquette ShockWatch, il est important d&rsquo;<strong>adapter la sensibilit\u00e9<\/strong> de l&rsquo;indicateur en fonction de la taille et du poids de l&rsquo;envoi, de la fragilit\u00e9 du produit ainsi que de l&#8217;emballage.<\/p>\n<p>\u00c0 quoi servent les indicateurs d&rsquo;impact ShockWatch?<\/p>\n<ul>\n<li>Ils permettent de <strong>d\u00e9tecter<\/strong> facilement si les produits ont \u00e9t\u00e9 soumis \u00e0 un impact susceptible de les endommager.<\/li>\n<li>Ils sont utilis\u00e9s dans des secteurs o\u00f9 il est n\u00e9cessaire de <strong>surveiller le mouvement <\/strong>des marchandises afin d&rsquo;\u00e9viter d&rsquo;endommager les produits.<\/li>\n<li>Ils sont employ\u00e9s pour<strong> r\u00e9duire les mauvaises manipulations<\/strong> pendant le transport.<\/li>\n<li>Ils aident \u00e0 <strong>rep\u00e9rer les imperfections et \u00e0 optimiser <\/strong>les proc\u00e9dures de la cha\u00eene logistique.<\/li>\n<li>Ils sont utilis\u00e9s pour les pi\u00e8ces d\u2019automobiles, les appareils d\u00e9licats, les semi-conducteurs, les \u00e9quipements de laboratoire, les dispositifs de stockage de donn\u00e9es (disques durs, bandes d&rsquo;enregistrement, etc.), les produits en verre, les composants \u00e9lectroniques, etc.<\/li>\n<\/ul>\n<p>&nbsp;<\/p>\n<p>Il existe diff\u00e9rents mod\u00e8les d&rsquo;indicateurs d&rsquo;impact avec des niveaux de sensibilit\u00e9 vari\u00e9s.<\/p>\n","protected":false},"excerpt":{"rendered":"<p>Les indicateurs d&rsquo;impact ShockWatch permettent de <strong>d\u00e9tecter et de signaler<\/strong> les manipulations inappropri\u00e9es lors du transport et de la manipulation de produits fragiles, sensibles ou r\u00e9glement\u00e9s.<\/p>\n<p>Ils <strong>pr\u00e9viennent les \u00e9ventuels d\u00e9g\u00e2ts<\/strong> qui pourraient survenir pendant la manipulation ou le transport des marchandises, en alertant les utilisateurs sur la n\u00e9cessit\u00e9 de manipuler le produit avec pr\u00e9caution. Ces indicateurs peuvent \u00eatre utilis\u00e9s pour divers types de produits, allant des composants m\u00e9caniques et \u00e9lectroniques aux \u0153uvres d&rsquo;art et aux meubles, entre autres.<\/p>\n","protected":false},"featured_media":12185,"comment_status":"open","ping_status":"closed","template":"","meta":{"_acf_changed":false},"product_brand":[],"product_cat":[88],"product_tag":[],"class_list":{"0":"post-9416","1":"product","2":"type-product","3":"status-publish","4":"has-post-thumbnail","6":"product_cat-anti-humidite-manipulation","8":"first","9":"instock","10":"shipping-taxable","11":"product-type-simple"},"acf":[],"_links":{"self":[{"href":"https:\/\/inviker.com\/fr\/wp-json\/wp\/v2\/product\/9416","targetHints":{"allow":["GET"]}}],"collection":[{"href":"https:\/\/inviker.com\/fr\/wp-json\/wp\/v2\/product"}],"about":[{"href":"https:\/\/inviker.com\/fr\/wp-json\/wp\/v2\/types\/product"}],"replies":[{"embeddable":true,"href":"https:\/\/inviker.com\/fr\/wp-json\/wp\/v2\/comments?post=9416"}],"wp:featuredmedia":[{"embeddable":true,"href":"https:\/\/inviker.com\/fr\/wp-json\/wp\/v2\/media\/12185"}],"wp:attachment":[{"href":"https:\/\/inviker.com\/fr\/wp-json\/wp\/v2\/media?parent=9416"}],"wp:term":[{"taxonomy":"product_brand","embeddable":true,"href":"https:\/\/inviker.com\/fr\/wp-json\/wp\/v2\/product_brand?post=9416"},{"taxonomy":"product_cat","embeddable":true,"href":"https:\/\/inviker.com\/fr\/wp-json\/wp\/v2\/product_cat?post=9416"},{"taxonomy":"product_tag","embeddable":true,"href":"https:\/\/inviker.com\/fr\/wp-json\/wp\/v2\/product_tag?post=9416"}],"curies":[{"name":"wp","href":"https:\/\/api.w.org\/{rel}","templated":true}]}}